{"id":773,"date":"2014-02-17T23:32:05","date_gmt":"2014-02-17T22:32:05","guid":{"rendered":"http:\/\/novalmendro.com\/?page_id=773"},"modified":"2015-05-04T08:30:54","modified_gmt":"2015-05-04T07:30:54","slug":"test","status":"publish","type":"page","link":"https:\/\/novalmendro.com\/en\/test\/","title":{"rendered":"Inicio"},"content":{"rendered":"<style type=\"text\/css\" scoped=\"scoped\">#g1-section-1.g1-section {background-repeat:repeat; background-position:center top; background-attachment:static;}<\/style><div id=\"g1-section-1\" class=\"g1-section \"><div class=\"g1-layout-inner\">\n<ul class=\"g1-grid\"><li class=\"g1-column g1-two-fifth g1-valign-top\">\n<div id=\"g1-divider-1\" class=\"g1-divider g1-divider--none g1-divider--noicon \"><\/div>\n<\/li><!-- -->\n<li class=\"g1-column g1-one-fifth g1-valign-top\">\n<h2 style=\"text-align: center;\">NOTICIAS<\/h2>\n<\/li><!-- -->\n<li class=\"g1-column g1-two-fifth g1-valign-top\">\n<div id=\"g1-divider-2\" class=\"g1-divider g1-divider--none g1-divider--noicon \"><\/div>\n<\/li><!-- --><\/ul>\n<ul class=\"g1-grid\"><li class=\"g1-column g1-two-third g1-valign-top\">\n<div id=\"g1-box-counter-1\" class=\"g1-box g1-box--simple  g1-box--noicon\" ><div class=\"g1-box__inner\">\n<p><img loading=\"lazy\" decoding=\"async\" class=\"alignright wp-image-7119\" src=\"http:\/\/novalmendro.com\/wp-content\/uploads\/TodolivoNews_3-11-254x300.jpg\" alt=\"TodolivoNews_3-11\" width=\"212\" height=\"250\" \/><\/p>\n<h3>Precios record en los AOVEs procedentes de las plantaciones multivarietales.<\/h3>\n<p>Los aceites procedentes de las plantaciones multivarietales de olivar en seto, de la actual campa\u00f1a 2014\/2015, han obtenido una vez m\u00e1s precios record&#8230;<\/p>\n<style type=\"text\/css\" scoped=\"scoped\">#g1-button-1.g1-button {color: #ffffff; background-color: #acd141; border-color: #acd141;}<\/style><a id=\"g1-button-1\" class=\"g1-button g1-button--medium g1-button--solid g1-button--standard \" href=\"http:\/\/novalmendro.com\/precios-record-en-los-aoves-procedentes-de-las-plantaciones-multivarietales\/\" >Leer m\u00e1s&#8230;<\/a>\n<\/div><\/div>\n<\/li><!-- -->\n<li class=\"g1-column g1-one-third g1-valign-top\">\n<div id=\"g1-table-1\" class=\"g1-table g1-table--solid \">\n<table border=\"0\" width=\"100%\">\n<tbody>\n<tr align=\"center\" valign=\"middle\" bgcolor=\"#b6ce18\">\n<td>\n<h3>Newsletter<\/h3>\n<\/td>\n<\/tr>\n<tr>\n<td><div id=\"g1-mailchimp-counter-1\" class=\"g1-mailchimp\">\n<div class=\"g1-mailchimp__intro\">\u00danete a nuestra lista de correo para est\u00e1r al d\u00eda sobre nuestras novedades y noticias relevantes de olivicultura.<\/div><div class=\"g1-subscription-status\"><\/div>\n<form action=\"\/index.php\" method=\"post\"><input type=\"hidden\" name=\"g1_debug_mode\" value=\"on\" \/><input type=\"hidden\" name=\"g1_mailing_list\" value=\"0\" \/><div class=\"g1-form-row g1-mailchimp-subscriber-email\"><label for=\"g1-subscriber-email\">Your Email<\/label><input id=\"g1-subscriber-email-1\" type=\"text\" name=\"g1_subscriber_email\" \/><\/div><div class=\"g1-form-actions\"><input type=\"submit\" value=\"Subscribe\" \/><\/div><\/form><\/div>\n<\/td>\n<\/tr>\n<tr>\n<td>No enviamos Spam<\/td>\n<\/tr>\n<\/tbody>\n<\/table>\n<\/div>\n<\/li><!-- --><\/ul>\n\n<h4 style=\"text-align: right;\"><span style=\"text-decoration: underline;\"><a title=\"Noticias - Todolivo\" href=\"\/?page_id=877\">Ver m\u00e1s noticias&#8230;<\/a><\/span><\/h4>\n<\/div><\/div>\n<style type=\"text\/css\" scoped=\"scoped\">#g1-section-2.g1-section {background-color: #394f0e; background-repeat:repeat; background-position:center top; background-attachment:static;}<\/style><div id=\"g1-section-2\" class=\"g1-section \"><div class=\"g1-layout-inner\">\n<ul class=\"g1-grid\"><li class=\"g1-column g1-three-fifth g1-valign-top\">\n<table border=\"0\" width=\"100%\">\n<tbody>\n<tr>\n<td><img loading=\"lazy\" decoding=\"async\" class=\" size-full wp-image-5552 alignleft\" src=\"http:\/\/novalmendro.com\/wp-content\/uploads\/texto_revolucionando-el-olivar.png\" alt=\"texto_revolucionando-el-olivar\" width=\"411\" height=\"59\" \/><\/td>\n<\/tr>\n<tr>\n<td>\n<h2><span style=\"color: #ffffff;\">Sistema Todolivo <span style=\"color: #99cc00;\">Olivar en Seto<\/span><br \/>\n<\/span><\/h2>\n<p><span style=\"color: #ffffff;\">Rentable \u00b7 Sostenible \u00b7 El 100% del aceite obtenido Virgen Extra<\/span><\/td>\n<\/tr>\n<\/tbody>\n<\/table>\n<\/li><!-- -->\n<li class=\"g1-column g1-two-fifth g1-valign-top\">\n<table border=\"0\" width=\"100%\">\n<tbody>\n<tr>\n<td colspan=\"2\"><img loading=\"lazy\" decoding=\"async\" class=\"alignright  wp-image-1232\" src=\"http:\/\/novalmendro.com\/wp-content\/uploads\/Todolivo_slider.png\" alt=\"Todolivo_slider\" width=\"160\" height=\"92\" srcset=\"https:\/\/novalmendro.com\/wp-content\/uploads\/Todolivo_slider.png 365w, https:\/\/novalmendro.com\/wp-content\/uploads\/Todolivo_slider-300x172.png 300w, https:\/\/novalmendro.com\/wp-content\/uploads\/Todolivo_slider-55x31.png 55w, https:\/\/novalmendro.com\/wp-content\/uploads\/Todolivo_slider-320x184.png 320w, https:\/\/novalmendro.com\/wp-content\/uploads\/Todolivo_slider-239x137.png 239w\" sizes=\"auto, (max-width: 160px) 100vw, 160px\" \/><\/p>\n<h3><\/h3>\n<h3><span style=\"color: #99cc00;\">Nuestros Records<\/span><\/h3>\n<\/td>\n<\/tr>\n<tr>\n<td><span style=\"color: #ffffff;\">+21.580Kg.<\/span><br \/>\n<span style=\"color: #ffffff;\">de aceituna\/ha<\/span><\/td>\n<td><span style=\"color: #ffffff;\">+3.534Kg<\/span><br \/>\n<span style=\"color: #ffffff;\">de aceite virgen extra\/ha<\/span><\/td>\n<\/tr>\n<\/tbody>\n<\/table>\n<\/li><!-- --><\/ul>\n<\/div><\/div>\n<style type=\"text\/css\" scoped=\"scoped\">#g1-section-3.g1-section {background-color: #ffffff; background-repeat:repeat; background-position:center top; background-attachment:static;}<\/style><div id=\"g1-section-3\" class=\"g1-section \"><div class=\"g1-layout-inner\">\n<ul class=\"g1-grid\"><li class=\"g1-column g1-one-half g1-valign-top\">\n<p><a href=\"\/?page_id=975\"><img loading=\"lazy\" decoding=\"async\" class=\" size-full wp-image-5632 aligncenter\" src=\"http:\/\/novalmendro.com\/wp-content\/uploads\/Claves-del-Cultivo.jpg\" alt=\"Claves del Cultivo\" width=\"500\" height=\"317\" \/><\/a><\/p>\n<\/li><!-- -->\n<li class=\"g1-column g1-one-half g1-valign-top\">\n<span id=\"g1-space-1\" class=\"g1-space \" style=\"height:30px;\"><\/span>\n<p style=\"text-align: center;\"><iframe loading=\"lazy\" src=\"https:\/\/player.vimeo.com\/video\/123095506?color=c9ff23&amp;title=0&amp;byline=0&amp;portrait=0\" width=\"400\" height=\"225\" frameborder=\"0\" allowfullscreen=\"allowfullscreen\"><\/iframe><\/p>\n<\/li><!-- --><\/ul>\n<ul class=\"g1-grid\"><li class=\"g1-column g1-one-third g1-valign-top\">\n<p><a href=\"\/?page_id=1030\"><img loading=\"lazy\" decoding=\"async\" class=\" size-full wp-image-5634 aligncenter\" src=\"http:\/\/novalmendro.com\/wp-content\/uploads\/Plantaciones_multivarietales.jpg\" alt=\"Plantaciones_multivarietales\" width=\"356\" height=\"317\" \/><\/a><\/p>\n<\/li><!-- -->\n<li class=\"g1-column g1-one-third g1-valign-top\">\n<p><a href=\"\/?page_id=1005\"><img loading=\"lazy\" decoding=\"async\" class=\"aligncenter size-full wp-image-5636\" src=\"http:\/\/novalmendro.com\/wp-content\/uploads\/Nuevos-marcos.jpg\" alt=\"Nuevos-marcos\" width=\"352\" height=\"317\" \/><\/a><\/p>\n<\/li><!-- -->\n<li class=\"g1-column g1-one-third g1-valign-top\">\n<p><a href=\"\/?page_id=1659\"><img loading=\"lazy\" decoding=\"async\" class=\"aligncenter size-full wp-image-5638\" src=\"http:\/\/novalmendro.com\/wp-content\/uploads\/Ejemplos_Fincas_de_Producci\u00f3n.jpg\" alt=\"Ejemplos_Fincas_de_Producci\u00f3n\" width=\"356\" height=\"317\" \/><\/a><\/p>\n<\/li><!-- --><\/ul>\n<ul class=\"g1-grid\"><li class=\"g1-column g1-one-third g1-valign-top\">\n<p><a href=\"\/?page_id=1054\"><img loading=\"lazy\" decoding=\"async\" class=\"aligncenter size-full wp-image-5657\" src=\"http:\/\/novalmendro.com\/wp-content\/uploads\/Seleccion-material.jpg\" alt=\"Seleccion-material\" width=\"359\" height=\"317\" \/><\/a><\/p>\n<\/li><!-- -->\n<li class=\"g1-column g1-two-third g1-valign-top\">\n<p><a href=\"\/?page_id=2616\"><img loading=\"lazy\" decoding=\"async\" class=\"aligncenter size-full wp-image-5659\" src=\"http:\/\/novalmendro.com\/wp-content\/uploads\/Servicio-integral.jpg\" alt=\"Servicio-integral\" width=\"693\" height=\"317\" \/><\/a><\/p>\n<\/li><!-- --><\/ul>\n<\/div><\/div>\n<style type=\"text\/css\" scoped=\"scoped\">#backgradient-section.g1-section {background-repeat:repeat; background-position:center top; background-attachment:static;}<\/style><div id=\"backgradient-section\" class=\"g1-section \"><div class=\"g1-layout-inner\">\n<p><img loading=\"lazy\" decoding=\"async\" class=\"aligncenter size-full wp-image-5687\" src=\"http:\/\/novalmendro.com\/wp-content\/uploads\/Nuestras-investigacion.png\" alt=\"Nuestras-investigacion\" width=\"950\" height=\"177\" \/><\/p>\n<\/div><\/div>\n<style type=\"text\/css\" scoped=\"scoped\">#g1-section-5.g1-section {background-repeat:repeat; background-position:center top; background-attachment:static;}<\/style><div id=\"g1-section-5\" class=\"g1-section \"><div class=\"g1-layout-inner\">\n<ul class=\"g1-grid\"><li class=\"g1-column g1-three-fifth g1-valign-top\">\n<p><a href=\"\/?page_id=3561\"><img loading=\"lazy\" decoding=\"async\" class=\"aligncenter size-full wp-image-5661\" src=\"http:\/\/novalmendro.com\/wp-content\/uploads\/Proyectos-de-Investigacion.jpg\" alt=\"Proyectos-de-Investigacion\" width=\"540\" height=\"350\" \/><\/a><\/p>\n<\/li><!-- -->\n<li class=\"g1-column g1-two-fifth g1-valign-top\">\n<p><a href=\"\/?page_id=4616\"><img loading=\"lazy\" decoding=\"async\" class=\"aligncenter size-full wp-image-5663\" src=\"http:\/\/novalmendro.com\/wp-content\/uploads\/Programa-recuperacion-variedades.jpg\" alt=\"Programa-recuperacion-variedades\" width=\"308\" height=\"350\" \/><\/a><\/p>\n<\/li><!-- --><\/ul>\n<ul class=\"g1-grid\"><li class=\"g1-column g1-one-half g1-valign-top\">\n<p><a title=\"Programa de mejora gen\u00e9tica del olivo - Todolivo\" href=\"\/?page_id=4640\"><img loading=\"lazy\" decoding=\"async\" class=\"aligncenter size-full wp-image-7146\" src=\"http:\/\/novalmendro.com\/wp-content\/uploads\/Programa-mejora-genetica.jpg\" alt=\"Programa-mejora-genetica\" width=\"532\" height=\"317\" \/><\/a><\/p>\n<\/li><!-- -->\n<li class=\"g1-column g1-one-half g1-valign-top\">\n<p><a title=\"Ensayo de Variedades - Todolivo\" href=\"\/?page_id=3571\"><img loading=\"lazy\" decoding=\"async\" class=\"aligncenter wp-image-7148 size-full\" src=\"http:\/\/novalmendro.com\/wp-content\/uploads\/Ensayo_de_variedades.jpg\" alt=\"Ensayo_de_variedades\" width=\"512\" height=\"317\" \/><\/a><\/p>\n<\/li><!-- --><\/ul>\n<\/div><\/div>\n","protected":false},"excerpt":{"rendered":"","protected":false},"author":1,"featured_media":0,"parent":0,"menu_order":0,"comment_status":"closed","ping_status":"closed","template":"g1_template_page_full_sections.php","meta":{"footnotes":""},"class_list":["post-773","page","type-page","status-publish"],"_links":{"self":[{"href":"https:\/\/novalmendro.com\/en\/wp-json\/wp\/v2\/pages\/773","targetHints":{"allow":["GET"]}}],"collection":[{"href":"https:\/\/novalmendro.com\/en\/wp-json\/wp\/v2\/pages"}],"about":[{"href":"https:\/\/novalmendro.com\/en\/wp-json\/wp\/v2\/types\/page"}],"author":[{"embeddable":true,"href":"https:\/\/novalmendro.com\/en\/wp-json\/wp\/v2\/users\/1"}],"replies":[{"embeddable":true,"href":"https:\/\/novalmendro.com\/en\/wp-json\/wp\/v2\/comments?post=773"}],"version-history":[{"count":4,"href":"https:\/\/novalmendro.com\/en\/wp-json\/wp\/v2\/pages\/773\/revisions"}],"predecessor-version":[{"id":8315,"href":"https:\/\/novalmendro.com\/en\/wp-json\/wp\/v2\/pages\/773\/revisions\/8315"}],"wp:attachment":[{"href":"https:\/\/novalmendro.com\/en\/wp-json\/wp\/v2\/media?parent=773"}],"curies":[{"name":"wp","href":"https:\/\/api.w.org\/{rel}","templated":true}]}}