{"id":4007,"date":"2014-12-03T13:15:37","date_gmt":"2014-12-03T12:15:37","guid":{"rendered":"http:\/\/novalmendro.com\/?page_id=4007"},"modified":"2015-05-04T01:48:41","modified_gmt":"2015-05-04T00:48:41","slug":"novalmendro-qui-sommes-nous","status":"publish","type":"page","link":"https:\/\/novalmendro.com\/fr\/amandier\/novalmendro-qui-sommes-nous\/","title":{"rendered":"Novalmendro, Qui sommes nous?"},"content":{"rendered":"<span id=\"g1-space-1\" class=\"g1-space \" style=\"height:20px;\"><\/span>\n<h2 style=\"text-align: center;\">Notre Identit\u00e9<\/h2>\n<p>&nbsp;<\/p>\n<div id=\"g1-tabs-1\" class=\"g1-tabs g1-tabs--button g1-type--click g1-tabs--horizontal g1-tabs--top g1-align-left \">\n<div id=\"tab-title-counter-1\" class=\"g1-tab-title \">\n<p>Qui sommes nous?<\/p>\n<\/div>\n<div id=\"tab-content-counter-1\" class=\"g1-tab-content \">\n<p><img loading=\"lazy\" decoding=\"async\" class=\"aligncenter wp-image-7484 size-full\" src=\"http:\/\/novalmendro.com\/wp-content\/uploads\/Novalmendro_1-3-1.jpg\" alt=\"\" width=\"1024\" height=\"422\" srcset=\"https:\/\/novalmendro.com\/wp-content\/uploads\/Novalmendro_1-3-1.jpg 1024w, https:\/\/novalmendro.com\/wp-content\/uploads\/Novalmendro_1-3-1-300x124.jpg 300w, https:\/\/novalmendro.com\/wp-content\/uploads\/Novalmendro_1-3-1-55x23.jpg 55w, https:\/\/novalmendro.com\/wp-content\/uploads\/Novalmendro_1-3-1-968x399.jpg 968w, https:\/\/novalmendro.com\/wp-content\/uploads\/Novalmendro_1-3-1-636x262.jpg 636w, https:\/\/novalmendro.com\/wp-content\/uploads\/Novalmendro_1-3-1-320x132.jpg 320w, https:\/\/novalmendro.com\/wp-content\/uploads\/Novalmendro_1-3-1-239x98.jpg 239w\" sizes=\"auto, (max-width: 1024px) 100vw, 1024px\" \/><\/p>\n<h3><\/h3>\n<h3>Novalmendro<\/h3>\n<hr \/>\n<p style=\"text-align: justify;\"><strong>Novalmendro<\/strong> fait partie de Todolivo S.L. Nous sommes sp\u00e9cialis\u00e9s dans la culture d\u2019amandier en haie. Les services que nous offrons sont les suivants : ex\u00e9cution int\u00e9grale de plantations (irrigation incluse), assistance technique, r\u00e9colte avec moissonneuses, vente de phytosanitaires ainsi que tout autre mat\u00e9riel en relation avec la manipulation de la culture. Notre port\u00e9e g\u00e9ographique de travail est d\u2019une envergure tant national qu\u2019international.<\/p>\n<\/div>\n<div id=\"tab-title-counter-2\" class=\"g1-tab-title \">\n<p>Notre identit\u00e9<\/p>\n<\/div>\n<div id=\"tab-content-counter-2\" class=\"g1-tab-content \">\n<p><img loading=\"lazy\" decoding=\"async\" class=\"aligncenter wp-image-7490 size-full\" src=\"http:\/\/novalmendro.com\/wp-content\/uploads\/Novalmendro_2-1-1.jpg\" alt=\"\" width=\"1024\" height=\"406\" srcset=\"https:\/\/novalmendro.com\/wp-content\/uploads\/Novalmendro_2-1-1.jpg 1024w, https:\/\/novalmendro.com\/wp-content\/uploads\/Novalmendro_2-1-1-300x119.jpg 300w, https:\/\/novalmendro.com\/wp-content\/uploads\/Novalmendro_2-1-1-55x22.jpg 55w, https:\/\/novalmendro.com\/wp-content\/uploads\/Novalmendro_2-1-1-968x384.jpg 968w, https:\/\/novalmendro.com\/wp-content\/uploads\/Novalmendro_2-1-1-636x252.jpg 636w, https:\/\/novalmendro.com\/wp-content\/uploads\/Novalmendro_2-1-1-320x127.jpg 320w, https:\/\/novalmendro.com\/wp-content\/uploads\/Novalmendro_2-1-1-239x95.jpg 239w\" sizes=\"auto, (max-width: 1024px) 100vw, 1024px\" \/><\/p>\n<ul>\n<li style=\"text-align: justify;\">L&rsquo;investigation, le d\u00e9veloppement et l&rsquo;innovation que nous r\u00e9alisons, ce qui nous permet de mieux conseiller nos clients en mati\u00e8re de : l\u2019\u00e9valuation de l\u2019aptitude des fermes \u00e0 la culture, cadres, vari\u00e9t\u00e9s et gestion de plantations.<\/li>\n<li style=\"text-align: justify;\">La qualification et l\u2019exp\u00e9rience de notre \u00e9quipe form\u00e9e par: des ing\u00e9nieurs agronomes, techniciens, tractoristes, conducteurs de moissonneuses, planteurs, et personnel auxiliaire, etc. o\u00f9 des valeurs comme le s\u00e9rieux, la responsabilit\u00e9 et l\u2019engagement pour le travail bien fait, nous permettent d\u2019offrir un service de qualit\u00e9 et efficace \u00e0 nos clients.<\/li>\n<li style=\"text-align: justify;\">Le mat\u00e9riel v\u00e9g\u00e9tal que nous utilisons, ainsi que tous les produits utilis\u00e9s dans nos plantations sont de 1\u00e8re qualit\u00e9 et ont \u00e9t\u00e9 test\u00e9s pr\u00e9alablement avec d\u2019excellents r\u00e9sultats.<\/li>\n<li style=\"text-align: justify;\">Nous disposons de semoirs et moissonneuses de derni\u00e8re g\u00e9n\u00e9ration pour la moisson et l\u2019exploitation des plantations.<\/li>\n<\/ul>\n<\/div>\n<div id=\"tab-title-counter-3\" class=\"g1-tab-title \">\n<p>Origine<\/p>\n<\/div>\n<div id=\"tab-content-counter-3\" class=\"g1-tab-content \">\n<p><img loading=\"lazy\" decoding=\"async\" class=\"aligncenter wp-image-7492 size-full\" src=\"http:\/\/novalmendro.com\/wp-content\/uploads\/Novalmendro_3-1-1.jpg\" alt=\"\" width=\"1024\" height=\"406\" srcset=\"https:\/\/novalmendro.com\/wp-content\/uploads\/Novalmendro_3-1-1.jpg 1024w, https:\/\/novalmendro.com\/wp-content\/uploads\/Novalmendro_3-1-1-300x119.jpg 300w, https:\/\/novalmendro.com\/wp-content\/uploads\/Novalmendro_3-1-1-55x22.jpg 55w, https:\/\/novalmendro.com\/wp-content\/uploads\/Novalmendro_3-1-1-968x384.jpg 968w, https:\/\/novalmendro.com\/wp-content\/uploads\/Novalmendro_3-1-1-636x252.jpg 636w, https:\/\/novalmendro.com\/wp-content\/uploads\/Novalmendro_3-1-1-320x127.jpg 320w, https:\/\/novalmendro.com\/wp-content\/uploads\/Novalmendro_3-1-1-239x95.jpg 239w\" sizes=\"auto, (max-width: 1024px) 100vw, 1024px\" \/><\/p>\n<p>Les excellents r\u00e9sultats obtenus par Todolivo en Oliveraie en Haie, ainsi que le succ\u00e8s de la gestion agronomique et technologique utilis\u00e9e, ont servit de base pour le d\u00e9veloppement de la culture de l\u2019amandier en haie, due \u00e0 la grande similitude existante entre les deux.<\/p>\n<p>Chez Novalmendro, nous avons d\u00e9velopp\u00e9 un <strong>\u00ab Syst\u00e8me propre d\u2019Amandier en Haie \u00bb, <\/strong>bas\u00e9 sur notre ample exp\u00e9rience en mati\u00e8re de gestion de plantations en haie et sur notre investigation, d\u00e9veloppement et innovation.<\/p>\n<p style=\"text-align: right;\">La premi\u00e8re plantation d\u2019amandier en haie se r\u00e9alise \u00e0 L\u00e9rida en juillet 2010. Novalmendro r\u00e9alise la premi\u00e8re plantation d\u2019amandier en Andalousie en Automne 2013 \u00e0 Lora Del R\u00edo (province de S\u00e9ville).<br \/>\n<\/div>\n<\/div>\n","protected":false},"excerpt":{"rendered":"<p>Notre Identit\u00e9 &nbsp;<\/p>\n","protected":false},"author":1,"featured_media":0,"parent":4019,"menu_order":0,"comment_status":"closed","ping_status":"closed","template":"","meta":{"footnotes":""},"class_list":["post-4007","page","type-page","status-publish"],"_links":{"self":[{"href":"https:\/\/novalmendro.com\/fr\/wp-json\/wp\/v2\/pages\/4007","targetHints":{"allow":["GET"]}}],"collection":[{"href":"https:\/\/novalmendro.com\/fr\/wp-json\/wp\/v2\/pages"}],"about":[{"href":"https:\/\/novalmendro.com\/fr\/wp-json\/wp\/v2\/types\/page"}],"author":[{"embeddable":true,"href":"https:\/\/novalmendro.com\/fr\/wp-json\/wp\/v2\/users\/1"}],"replies":[{"embeddable":true,"href":"https:\/\/novalmendro.com\/fr\/wp-json\/wp\/v2\/comments?post=4007"}],"version-history":[{"count":1,"href":"https:\/\/novalmendro.com\/fr\/wp-json\/wp\/v2\/pages\/4007\/revisions"}],"predecessor-version":[{"id":8273,"href":"https:\/\/novalmendro.com\/fr\/wp-json\/wp\/v2\/pages\/4007\/revisions\/8273"}],"up":[{"embeddable":true,"href":"https:\/\/novalmendro.com\/fr\/wp-json\/wp\/v2\/pages\/4019"}],"wp:attachment":[{"href":"https:\/\/novalmendro.com\/fr\/wp-json\/wp\/v2\/media?parent=4007"}],"curies":[{"name":"wp","href":"https:\/\/api.w.org\/{rel}","templated":true}]}}