{"id":4013,"date":"2014-12-10T17:42:17","date_gmt":"2014-12-10T16:42:17","guid":{"rendered":"http:\/\/novalmendro.com\/?page_id=4013"},"modified":"2015-09-17T21:22:14","modified_gmt":"2015-09-17T20:22:14","slug":"en-quoi-consiste-lamandier-en-haie-et-quelles-sont-ses-principaux-avantages","status":"publish","type":"page","link":"https:\/\/novalmendro.com\/fr\/amandier\/en-quoi-consiste-lamandier-en-haie-et-quelles-sont-ses-principaux-avantages\/","title":{"rendered":"En quoi consiste l\u2019amandier en haie et quelles sont ses principaux avantages"},"content":{"rendered":"<ul class=\"g1-grid\"><li class=\"g1-column g1-one-half g1-valign-top\">\n<h3>En quoi consiste l\u2019amandier en haie?<\/h3>\n<p>Il consiste de planter des amandiers en ligne et les disposer ensuite \u00ab\u00a0en palmette\u00a0\u00bb, de sorte que lorsqu\u2019ils croissent, se forment des lignes continues, permettant ainsi leur r\u00e9colte \u00e0 l\u2019aide d\u2019une moissonneuse.<br \/>\n<br \/>\n<img loading=\"lazy\" decoding=\"async\" class=\" wp-image-3741 alignleft\" src=\"https:\/\/novalmendro.com\/wp-content\/uploads\/04_11.jpg\" alt=\"04_1\" width=\"450\" height=\"430\" \/> <\/li><!-- --> <li class=\"g1-column g1-one-half g1-valign-top\"> <img loading=\"lazy\" decoding=\"async\" class=\" wp-image-3743 alignleft\" src=\"https:\/\/novalmendro.com\/wp-content\/uploads\/04_21.jpg\" alt=\"04_2\" width=\"452\" height=\"292\" srcset=\"https:\/\/novalmendro.com\/wp-content\/uploads\/04_21-55x35.jpg 55w, https:\/\/novalmendro.com\/wp-content\/uploads\/04_21-239x153.jpg 239w\" sizes=\"auto, (max-width: 452px) 100vw, 452px\" \/><\/p>\n<h3>Quelles sont ses principaux avantages?<\/h3>\n<ul>\n<li>Entr\u00e9e rapide en production\u00a0: 1<sup>\u00e8re<\/sup> moisson apr\u00e8s 1 an et 10 mois de vie.<\/li>\n<li>Culture m\u00e9canis\u00e9e\u00a0: moisson rapide, \u00e9conomique et aseptique (le fruit ne touche pas le sol).<\/li>\n<li>R\u00e9duction des co\u00fbts.<\/li>\n<li>Excellente rentabilit\u00e9.<\/li>\n<li>Am\u00e9liore la qualit\u00e9 du fruit.<\/li>\n<li>Augmente l\u2019efficacit\u00e9 des traitements phytosanitaires et de la manipulation en g\u00e9n\u00e9ral.<\/li>\n<li>Minimise l\u2019entretien du sol.<\/li>\n<\/ul>\n<\/li><!-- --><\/ul><\/p>\n","protected":false},"excerpt":{"rendered":"","protected":false},"author":1,"featured_media":0,"parent":4019,"menu_order":0,"comment_status":"closed","ping_status":"closed","template":"","meta":{"footnotes":""},"class_list":["post-4013","page","type-page","status-publish"],"_links":{"self":[{"href":"https:\/\/novalmendro.com\/fr\/wp-json\/wp\/v2\/pages\/4013","targetHints":{"allow":["GET"]}}],"collection":[{"href":"https:\/\/novalmendro.com\/fr\/wp-json\/wp\/v2\/pages"}],"about":[{"href":"https:\/\/novalmendro.com\/fr\/wp-json\/wp\/v2\/types\/page"}],"author":[{"embeddable":true,"href":"https:\/\/novalmendro.com\/fr\/wp-json\/wp\/v2\/users\/1"}],"replies":[{"embeddable":true,"href":"https:\/\/novalmendro.com\/fr\/wp-json\/wp\/v2\/comments?post=4013"}],"version-history":[{"count":10,"href":"https:\/\/novalmendro.com\/fr\/wp-json\/wp\/v2\/pages\/4013\/revisions"}],"predecessor-version":[{"id":11868,"href":"https:\/\/novalmendro.com\/fr\/wp-json\/wp\/v2\/pages\/4013\/revisions\/11868"}],"up":[{"embeddable":true,"href":"https:\/\/novalmendro.com\/fr\/wp-json\/wp\/v2\/pages\/4019"}],"wp:attachment":[{"href":"https:\/\/novalmendro.com\/fr\/wp-json\/wp\/v2\/media?parent=4013"}],"curies":[{"name":"wp","href":"https:\/\/api.w.org\/{rel}","templated":true}]}}