{"id":4021,"date":"2014-12-10T18:07:11","date_gmt":"2014-12-10T17:07:11","guid":{"rendered":"http:\/\/novalmendro.com\/?page_id=4021"},"modified":"2020-10-15T11:12:24","modified_gmt":"2020-10-15T09:12:24","slug":"exemple-de-production-damandier-en-haie","status":"publish","type":"page","link":"https:\/\/novalmendro.com\/fr\/amandier\/exemple-de-production-damandier-en-haie\/","title":{"rendered":"Exemple de production d\u2019amandier en haie"},"content":{"rendered":"<style type=\"text\/css\" scoped=\"scoped\">#g1-section-1.g1-section {background-color: #fcfcfa; background-repeat:repeat; background-position:center top; background-attachment:static;}<\/style><div id=\"g1-section-1\" class=\"g1-section \"><div class=\"g1-layout-inner\">\n<ul class=\"g1-grid\"><li class=\"g1-column g1-three-fifth g1-valign-top\">\n<h2>AMANDIER EN HAIE<\/h2>\n<h3>FERME \u201cL\u00c9RIDA\u201d (Irrigation)<\/h3>\n<div align=\"center\">\n<table border=\"0\">\n<tbody>\n<tr>\n<td width=\"164\">Localit\u00e9:<\/td>\n<td align=\"left\">Ferme d\u2019Escarpe (L\u00e9rida)<\/td>\n<\/tr>\n<tr>\n<td>Date de plantation:<\/td>\n<td align=\"left\">Juillet 2010<\/td>\n<\/tr>\n<tr>\n<td><span id=\"result_box\" lang=\"fr\">Surface<\/span><\/td>\n<td align=\"left\"><span id=\"result_box2\" lang=\"fr\">3 hectares<\/span><\/td>\n<\/tr>\n<tr>\n<td>Cadre de plantation:<\/td>\n<td align=\"left\">4 x 1,5m<\/td>\n<\/tr>\n<tr>\n<td>Syst\u00e8me de formation:<\/td>\n<td align=\"left\">Arbre libre sans treillis<\/td>\n<\/tr>\n<tr>\n<td>Vari\u00e9t\u00e9s:<\/td>\n<td align=\"left\">Soleta\u00ae et Belona-Isabelona\u00ae<\/td>\n<\/tr>\n<tr>\n<td>Porte-greffes:<\/td>\n<td align=\"left\">RP-20\u00ae et RP-40\u00ae<\/td>\n<\/tr>\n<tr>\n<td><span id=\"result_box4\" lang=\"fr\">Irrigation<\/span>:<\/td>\n<td align=\"left\">Situ\u00e9 par goutte \u00e0 goutte.<\/td>\n<\/tr>\n<\/tbody>\n<\/table>\n<\/div>\n<\/li><!-- -->\n<li class=\"g1-column g1-two-fifth g1-valign-top\">\n<span id=\"g1-space-1\" class=\"g1-space \" style=\"height:10px;\"><\/span>\n<p><img loading=\"lazy\" decoding=\"async\" class=\"estilo-imagen aligncenter wp-image-3758\" style=\"margin-top: 50px;\" src=\"https:\/\/novalmendro.com\/wp-content\/uploads\/\/05_1-300x174.jpg\" alt=\"\" width=\"400\" height=\"232\" srcset=\"https:\/\/novalmendro.com\/wp-content\/uploads\/05_1-300x174.jpg 300w, https:\/\/novalmendro.com\/wp-content\/uploads\/05_1-55x31.jpg 55w, https:\/\/novalmendro.com\/wp-content\/uploads\/05_1-320x185.jpg 320w, https:\/\/novalmendro.com\/wp-content\/uploads\/05_1-239x138.jpg 239w, https:\/\/novalmendro.com\/wp-content\/uploads\/05_1.jpg 450w\" sizes=\"auto, (max-width: 400px) 100vw, 400px\" \/><\/p>\n<\/li><!-- --><\/ul>\n<\/div><\/div>\n<span id=\"g1-space-2\" class=\"g1-space \" style=\"height:10px;\"><\/span>\n\n<table id=\"tablepress-55\" class=\"tablepress tablepress-id-55 tablepress-idencabezado tablepress-responsive\">\n<thead>\n<tr class=\"row-1\">\n\t<th class=\"column-1\">SOLETA\u00ae - RP 20\u00ae<\/th><th class=\"column-2\">Coque<br \/>\nkg\/ha<\/th><th class=\"column-3\">Rendement<\/th><th class=\"column-4\">P\u00e9pins<br \/>\nkg\/ha<\/th><th class=\"column-5\">m<sup>3<\/sup> eau irrigation<\/th>\n<\/tr>\n<\/thead>\n<tbody class=\"row-hover\">\n<tr class=\"row-2\">\n\t<td class=\"column-1\">Ann\u00e9e 2012<\/td><td class=\"column-2\">1.567<\/td><td class=\"column-3\">28.8%<\/td><td class=\"column-4\">450<\/td><td class=\"column-5\">5.000<\/td>\n<\/tr>\n<tr class=\"row-3\">\n\t<td class=\"column-1\">Ann\u00e9e 2013<\/td><td class=\"column-2\">3.349<\/td><td class=\"column-3\">30.2%<\/td><td class=\"column-4\">1.011<\/td><td class=\"column-5\">5.000<\/td>\n<\/tr>\n<tr class=\"row-4\">\n\t<td class=\"column-1\">Ann\u00e9e 2014<\/td><td class=\"column-2\">4.429<\/td><td class=\"column-3\">31%<\/td><td class=\"column-4\">1.373<\/td><td class=\"column-5\">4.250<\/td>\n<\/tr>\n<tr class=\"row-5\">\n\t<td class=\"column-1\">Ann\u00e9e 2015<\/td><td class=\"column-2\">2.300<\/td><td class=\"column-3\">30.2%<\/td><td class=\"column-4\">1.544<\/td><td class=\"column-5\">4.500<\/td>\n<\/tr>\n<tr class=\"row-6\">\n\t<td class=\"column-1\">Ann\u00e9e 2016<\/td><td class=\"column-2\">5.015<\/td><td class=\"column-3\">34.5%<\/td><td class=\"column-4\">1.730<\/td><td class=\"column-5\">4.500<\/td>\n<\/tr>\n<tr class=\"row-7\">\n\t<td class=\"column-1\">Ann\u00e9e 2017<\/td><td class=\"column-2\">5.180<\/td><td class=\"column-3\">32.8%<\/td><td class=\"column-4\">1.699<\/td><td class=\"column-5\">5.000<\/td>\n<\/tr>\n<tr class=\"row-8\">\n\t<td class=\"column-1\">Ann\u00e9e 2018<\/td><td class=\"column-2\">5.378<\/td><td class=\"column-3\">32%<\/td><td class=\"column-4\">1.721<\/td><td class=\"column-5\">7.000<\/td>\n<\/tr>\n<tr class=\"row-9\">\n\t<td class=\"column-1\">Ann\u00e9e 2019<\/td><td class=\"column-2\">5.097<\/td><td class=\"column-3\">30,90%<\/td><td class=\"column-4\">1.575<\/td><td class=\"column-5\">5.000<\/td>\n<\/tr>\n<tr class=\"row-10\">\n\t<td class=\"column-1\"><b>Moyenne<\/b><\/td><td class=\"column-2\"><b>4.039<\/b><\/td><td class=\"column-3\"><b>31.30%<\/b><\/td><td class=\"column-4\"><b>1.388<\/b><\/td><td class=\"column-5\"><b>5.031<\/b><\/td>\n<\/tr>\n<\/tbody>\n<\/table>\n<!-- #tablepress-55 from cache -->\n<p>&nbsp;<\/p>\n\n<table id=\"tablepress-516\" class=\"tablepress tablepress-id-516 tablepress-idencabezado tablepress-responsive\">\n<thead>\n<tr class=\"row-1\">\n\t<th class=\"column-1\">BELONA-ISABELONA\u00ae - RP 40\u00ae<\/th><th class=\"column-2\">Coque<br \/>\n(Kg\/ha)<\/th><th class=\"column-3\">Rendement<\/th><th class=\"column-4\">\tP\u00e9pins<br \/>\n(Kg\/ha)<\/th><th class=\"column-5\">M<sup>3<\/sup> eau irrigation<\/th>\n<\/tr>\n<\/thead>\n<tbody class=\"row-hover\">\n<tr class=\"row-2\">\n\t<td class=\"column-1\">Ann\u00e9e 2012<\/td><td class=\"column-2\">1.202<\/td><td class=\"column-3\">29.2%<\/td><td class=\"column-4\">351<\/td><td class=\"column-5\">5.000<\/td>\n<\/tr>\n<tr class=\"row-3\">\n\t<td class=\"column-1\">Ann\u00e9e 2013<\/td><td class=\"column-2\">2.911<\/td><td class=\"column-3\">29.2%<\/td><td class=\"column-4\">850<\/td><td class=\"column-5\">5.000<\/td>\n<\/tr>\n<tr class=\"row-4\">\n\t<td class=\"column-1\">Ann\u00e9e 2014<\/td><td class=\"column-2\">5.158<\/td><td class=\"column-3\">29.2%<\/td><td class=\"column-4\">1.506<\/td><td class=\"column-5\">4.250<\/td>\n<\/tr>\n<tr class=\"row-5\">\n\t<td class=\"column-1\">Ann\u00e9e 2015<\/td><td class=\"column-2\">3.171<\/td><td class=\"column-3\">29.2%<\/td><td class=\"column-4\">926<\/td><td class=\"column-5\">4.500<\/td>\n<\/tr>\n<tr class=\"row-6\">\n\t<td class=\"column-1\">Ann\u00e9e 2016<\/td><td class=\"column-2\">7.603<\/td><td class=\"column-3\">29.2%<\/td><td class=\"column-4\">2.220<\/td><td class=\"column-5\">4.500<\/td>\n<\/tr>\n<tr class=\"row-7\">\n\t<td class=\"column-1\">Ann\u00e9e 2017<\/td><td class=\"column-2\">983<\/td><td class=\"column-3\">29.2%<\/td><td class=\"column-4\">287<\/td><td class=\"column-5\">5.000<\/td>\n<\/tr>\n<tr class=\"row-8\">\n\t<td class=\"column-1\">Ann\u00e9e 2018<\/td><td class=\"column-2\">8.788<\/td><td class=\"column-3\">29.2%<\/td><td class=\"column-4\">2.566<\/td><td class=\"column-5\">7.000<\/td>\n<\/tr>\n<tr class=\"row-9\">\n\t<td class=\"column-1\">Ann\u00e9e 2019<\/td><td class=\"column-2\">TEST TERMIN\u00c9<\/td><td class=\"column-3\">-<\/td><td class=\"column-4\">-<\/td><td class=\"column-5\">-<\/td>\n<\/tr>\n<tr class=\"row-10\">\n\t<td class=\"column-1\"><b>Moyenne<\/b><\/td><td class=\"column-2\"><b>4.259<\/b><\/td><td class=\"column-3\"><b>29.2%<\/b><\/td><td class=\"column-4\"><b>1.244<\/b><\/td><td class=\"column-5\"><b>5.036<\/b><\/td>\n<\/tr>\n<\/tbody>\n<\/table>\n<!-- #tablepress-516 from cache -->\n<p>&nbsp;<\/p>\n<p>Propri\u00e9t\u00e9 appartenant \u00e0 Jos\u00e9 Mar\u00eda Roca.<\/p>\n","protected":false},"excerpt":{"rendered":"<p>&nbsp; &nbsp; Propri\u00e9t\u00e9 appartenant \u00e0 Jos\u00e9 Mar\u00eda Roca.<\/p>\n","protected":false},"author":1,"featured_media":0,"parent":4019,"menu_order":0,"comment_status":"closed","ping_status":"closed","template":"","meta":{"footnotes":""},"class_list":["post-4021","page","type-page","status-publish"],"_links":{"self":[{"href":"https:\/\/novalmendro.com\/fr\/wp-json\/wp\/v2\/pages\/4021","targetHints":{"allow":["GET"]}}],"collection":[{"href":"https:\/\/novalmendro.com\/fr\/wp-json\/wp\/v2\/pages"}],"about":[{"href":"https:\/\/novalmendro.com\/fr\/wp-json\/wp\/v2\/types\/page"}],"author":[{"embeddable":true,"href":"https:\/\/novalmendro.com\/fr\/wp-json\/wp\/v2\/users\/1"}],"replies":[{"embeddable":true,"href":"https:\/\/novalmendro.com\/fr\/wp-json\/wp\/v2\/comments?post=4021"}],"version-history":[{"count":11,"href":"https:\/\/novalmendro.com\/fr\/wp-json\/wp\/v2\/pages\/4021\/revisions"}],"predecessor-version":[{"id":13442,"href":"https:\/\/novalmendro.com\/fr\/wp-json\/wp\/v2\/pages\/4021\/revisions\/13442"}],"up":[{"embeddable":true,"href":"https:\/\/novalmendro.com\/fr\/wp-json\/wp\/v2\/pages\/4019"}],"wp:attachment":[{"href":"https:\/\/novalmendro.com\/fr\/wp-json\/wp\/v2\/media?parent=4021"}],"curies":[{"name":"wp","href":"https:\/\/api.w.org\/{rel}","templated":true}]}}