{"id":4036,"date":"2014-12-10T18:43:19","date_gmt":"2014-12-10T17:43:19","guid":{"rendered":"http:\/\/novalmendro.com\/?page_id=4036"},"modified":"2015-04-07T06:55:00","modified_gmt":"2015-04-07T05:55:00","slug":"une-grande-opportunite-de-culture","status":"publish","type":"page","link":"https:\/\/novalmendro.com\/fr\/amandier\/une-grande-opportunite-de-culture\/","title":{"rendered":"Une grande opportunit\u00e9 de culture"},"content":{"rendered":"<ul class=\"g1-grid\"><li class=\"g1-column g1-three-fifth g1-valign-top\">\n<h1 style=\"text-align: center;\">L\u2019amandier en haie<\/h1>\n<h2 style=\"text-align: center;\">Une grande opportunit\u00e9 de culture<\/h2>\n<\/li><!-- -->\n<li class=\"g1-column g1-two-fifth g1-valign-top\">\n<\/li><!-- --><\/ul>\n<ul class=\"g1-grid\"><li class=\"g1-column g1-three-fifth g1-valign-top\">\n<p>&nbsp;<\/p>\n<p>Les perspectives actuelles et futures de cette culture son tr\u00e8s positives. Actuellement, il n\u2019y a pas suffisamment d\u2019amande dans le monde pour approvisionner le march\u00e9. Il existe une augmentation annuelle de la consommation mondiale d\u2019amandes, provoqu\u00e9e par l\u2019apparition de nouveaux march\u00e9s \u00e9mergents et la publication de plusieurs \u00e9tudes scientifiques, qui mettent en \u00e9vidence les b\u00e9n\u00e9fices de sa consommation pour la sant\u00e9 humaine. Le comportement des prix le long des derni\u00e8res ann\u00e9es s\u2019est maintenu stable et \u00e0 la hausse, g\u00e9n\u00e9rant une stabilit\u00e9 et une grande rentabilit\u00e9 au producteur.<\/p>\n<p><strong>LES NOUVELLES PLANTATIONS EN HAIE D\u2019AMANDIER<\/strong><\/p>\n<p>Elles utilisent de nouveaux cadres de plantation, des vari\u00e9t\u00e9s auto-fertiles, de maturation tardive, greff\u00e9es sur des structures qui donnent une taille naine qui la rendent:<\/p>\n<ul>\n<li>M\u00e9canisables<\/li>\n<li>Pr\u00e9coces<\/li>\n<li>Tr\u00e8s productives et rentables<\/li>\n<li>Et permettent d\u2019obtenir des p\u00e9pins (graines) de haute qualit\u00e9 et d\u2019une excellente qualit\u00e9 organoleptique<\/li>\n<\/ul>\n<\/li><!-- -->\n<li class=\"g1-column g1-two-fifth g1-valign-top\">\n<p><img loading=\"lazy\" decoding=\"async\" class=\"alignright wp-image-3774 size-full\" style=\"margin-right: -15px;\" src=\"http:\/\/novalmendro.com\/wp-content\/uploads\/07_1.jpg\" alt=\"07_1\" width=\"450\" height=\"574\" srcset=\"https:\/\/novalmendro.com\/wp-content\/uploads\/07_1.jpg 450w, https:\/\/novalmendro.com\/wp-content\/uploads\/07_1-235x300.jpg 235w, https:\/\/novalmendro.com\/wp-content\/uploads\/07_1-55x70.jpg 55w, https:\/\/novalmendro.com\/wp-content\/uploads\/07_1-320x408.jpg 320w, https:\/\/novalmendro.com\/wp-content\/uploads\/07_1-239x304.jpg 239w\" sizes=\"auto, (max-width: 450px) 100vw, 450px\" \/><\/p>\n<\/li><!-- --><\/ul>\n","protected":false},"excerpt":{"rendered":"","protected":false},"author":1,"featured_media":0,"parent":4019,"menu_order":0,"comment_status":"closed","ping_status":"closed","template":"","meta":{"footnotes":""},"class_list":["post-4036","page","type-page","status-publish"],"_links":{"self":[{"href":"https:\/\/novalmendro.com\/fr\/wp-json\/wp\/v2\/pages\/4036","targetHints":{"allow":["GET"]}}],"collection":[{"href":"https:\/\/novalmendro.com\/fr\/wp-json\/wp\/v2\/pages"}],"about":[{"href":"https:\/\/novalmendro.com\/fr\/wp-json\/wp\/v2\/types\/page"}],"author":[{"embeddable":true,"href":"https:\/\/novalmendro.com\/fr\/wp-json\/wp\/v2\/users\/1"}],"replies":[{"embeddable":true,"href":"https:\/\/novalmendro.com\/fr\/wp-json\/wp\/v2\/comments?post=4036"}],"version-history":[{"count":0,"href":"https:\/\/novalmendro.com\/fr\/wp-json\/wp\/v2\/pages\/4036\/revisions"}],"up":[{"embeddable":true,"href":"https:\/\/novalmendro.com\/fr\/wp-json\/wp\/v2\/pages\/4019"}],"wp:attachment":[{"href":"https:\/\/novalmendro.com\/fr\/wp-json\/wp\/v2\/media?parent=4036"}],"curies":[{"name":"wp","href":"https:\/\/api.w.org\/{rel}","templated":true}]}}