{"id":4041,"date":"2014-12-10T19:15:46","date_gmt":"2014-12-10T18:15:46","guid":{"rendered":"http:\/\/novalmendro.com\/?page_id=4041"},"modified":"2015-04-07T07:01:07","modified_gmt":"2015-04-07T06:01:07","slug":"secteur-de-lamandier","status":"publish","type":"page","link":"https:\/\/novalmendro.com\/fr\/amandier\/secteur-de-lamandier\/","title":{"rendered":"S\u00e9cteur de l\u2019amandier"},"content":{"rendered":"<h2 style=\"text-align: left;\">Principaux producteurs<\/h2>\n<p><img loading=\"lazy\" decoding=\"async\" class=\"alignright wp-image-4042 size-full\" style=\"margin-left: 20px; margin-right: -5px;\" src=\"http:\/\/novalmendro.com\/wp-content\/uploads\/08_3.jpg\" alt=\"08_3\" width=\"500\" height=\"508\" srcset=\"https:\/\/novalmendro.com\/wp-content\/uploads\/08_3.jpg 500w, https:\/\/novalmendro.com\/wp-content\/uploads\/08_3-295x300.jpg 295w, https:\/\/novalmendro.com\/wp-content\/uploads\/08_3-55x55.jpg 55w, https:\/\/novalmendro.com\/wp-content\/uploads\/08_3-320x325.jpg 320w, https:\/\/novalmendro.com\/wp-content\/uploads\/08_3-239x242.jpg 239w\" sizes=\"auto, (max-width: 500px) 100vw, 500px\" \/><br \/>\n&nbsp;<br \/>\n<strong>USA<\/strong><br \/>\nC\u2019est le principal producteur mondial d\u2019amandes (Californie et Floride), avec une surface de 350.000 ha et une production moyenne annuelle de qui se situe entre 850.000 et 900.000 t.<\/p>\n<p>Il poss\u00e8de une part de march\u00e9 approximative de 80 %, dont il consacre environ 70 % au march\u00e9 externieur et un 30 % \u00e0 sa propre consommation.<\/p>\n<p><strong>AUSTRALIE<\/strong><br \/>\nC\u2019est le deuxi\u00e8me producteur mondial, avec une surface de 30.000 ha et une production qui s\u2019approche aux 70.000 t. Le 90 % de ses plantations sont en irrigation. On estime qu\u2019en 2015 et 2016 sa production atteindra les 90.000 t.<\/p>\n<p><strong>ESPAGNE<br \/>\n<\/strong>Le troisi\u00e8me pays producteur, avec une surface d\u2019environ 400.000 ha et une production moyenne de 40.000 t. Il se trouve en processus de reconversion, actuellement il existe une pr\u00e9valence de plantations traditionnelles en aridoculture (93 %), marginales et peu productives avec une moyenne de 125 kg\/ha.<\/p>\n<p>&nbsp;<\/p>\n<h3>Les USA produisent presque 22 fois plus d\u2019amandes que l\u2019Espagne avec une surface plant\u00e9e inferieure.<\/h3>\n<h3>Les nouvelles plantations d\u2019amandier en haie, sont une excellente opportunit\u00e9 pour moderniser le secteur.<\/h3>\n","protected":false},"excerpt":{"rendered":"<p>Principaux producteurs &nbsp; USA C\u2019est le principal producteur mondial d\u2019amandes (Californie et Floride), avec une surface de 350.000 ha et une production moyenne annuelle de qui se situe entre 850.000 et 900.000 t. Il poss\u00e8de une part de march\u00e9 approximative de 80 %, dont il consacre environ 70 % au march\u00e9 externieur et un 30 [&hellip;]<\/p>\n","protected":false},"author":1,"featured_media":0,"parent":4019,"menu_order":0,"comment_status":"closed","ping_status":"closed","template":"","meta":{"footnotes":""},"class_list":["post-4041","page","type-page","status-publish"],"_links":{"self":[{"href":"https:\/\/novalmendro.com\/fr\/wp-json\/wp\/v2\/pages\/4041","targetHints":{"allow":["GET"]}}],"collection":[{"href":"https:\/\/novalmendro.com\/fr\/wp-json\/wp\/v2\/pages"}],"about":[{"href":"https:\/\/novalmendro.com\/fr\/wp-json\/wp\/v2\/types\/page"}],"author":[{"embeddable":true,"href":"https:\/\/novalmendro.com\/fr\/wp-json\/wp\/v2\/users\/1"}],"replies":[{"embeddable":true,"href":"https:\/\/novalmendro.com\/fr\/wp-json\/wp\/v2\/comments?post=4041"}],"version-history":[{"count":0,"href":"https:\/\/novalmendro.com\/fr\/wp-json\/wp\/v2\/pages\/4041\/revisions"}],"up":[{"embeddable":true,"href":"https:\/\/novalmendro.com\/fr\/wp-json\/wp\/v2\/pages\/4019"}],"wp:attachment":[{"href":"https:\/\/novalmendro.com\/fr\/wp-json\/wp\/v2\/media?parent=4041"}],"curies":[{"name":"wp","href":"https:\/\/api.w.org\/{rel}","templated":true}]}}