{"id":4052,"date":"2014-12-10T19:50:03","date_gmt":"2014-12-10T18:50:03","guid":{"rendered":"http:\/\/novalmendro.com\/?page_id=4052"},"modified":"2015-04-02T16:16:15","modified_gmt":"2015-04-02T15:16:15","slug":"evolution-de-loffre-et-la-demande","status":"publish","type":"page","link":"https:\/\/novalmendro.com\/fr\/amandier\/evolution-de-loffre-et-la-demande\/","title":{"rendered":"Evolution de l\u2019offre et la demande"},"content":{"rendered":"<div id=\"g1-tabs-1\" class=\"g1-tabs g1-tabs--button g1-type--click g1-tabs--horizontal g1-tabs--top g1-align-left \">\n<div id=\"tab-title-counter-1\" class=\"g1-tab-title \">\n<p>OO &amp; DD<\/p>\n<\/div>\n<div id=\"tab-content-counter-1\" class=\"g1-tab-content \">\n<h2 style=\"text-align: center;\">EVOLUTION DE L\u2019OFFRE ET LA DEMANDE MONDIALE DE L\u2019AMANDE ET PREVISION 2014-2017<\/h2>\n<p style=\"text-align: center;\">Au cours des 15 derni\u00e8res ann\u00e9es, il y a eu une forte corr\u00e9lation entre l\u2019offre et la demande, une hausse de l\u2019offre a produit une hausse de la demande auparavant. Actuellement, la demande d\u2019amande est sup\u00e9rieure \u00e0 l\u2019offre et l\u2019estimation selon Australian Almonds est que cette diff\u00e9rence s\u2019accentuera dans les prochaines ann\u00e9es.<\/p>\n<p style=\"text-align: center;\"><img loading=\"lazy\" decoding=\"async\" class=\"size-full wp-image-3786 alignnone\" src=\"http:\/\/novalmendro.com\/wp-content\/uploads\/09_2.jpg\" alt=\"09_2\" width=\"800\" height=\"510\" \/><\/p>\n<\/div>\n<div id=\"tab-title-counter-2\" class=\"g1-tab-title \">\n<p>Evolution des prix<\/p>\n<\/div>\n<div id=\"tab-content-counter-2\" class=\"g1-tab-content \">\n<h2 style=\"text-align: center;\">EVOLUTION DES PRIX DE L\u2019AMANDE (SANS COQUE)<\/h2>\n<p>&nbsp;<\/p>\n<p><img loading=\"lazy\" decoding=\"async\" class=\"aligncenter wp-image-3793 size-full\" src=\"http:\/\/novalmendro.com\/wp-content\/uploads\/10_21.jpg\" alt=\"10_21\" width=\"750\" height=\"388\" \/><\/p>\n<p>&nbsp;<\/p>\n\n<table id=\"tablepress-57\" class=\"tablepress tablepress-id-57 tablepress-responsive\">\n<thead>\n<tr class=\"row-1\">\n\t<th class=\"column-1\">Variet\u00e9s<\/th><th class=\"column-2\">2009<\/th><th class=\"column-3\">2010<\/th><th class=\"column-4\">2011<\/th><th class=\"column-5\">2012<\/th><th class=\"column-6\">2013<\/th><th class=\"column-7\">2014<\/th>\n<\/tr>\n<\/thead>\n<tbody class=\"row-striping row-hover\">\n<tr class=\"row-2\">\n\t<td class=\"column-1\">Commune<\/td><td class=\"column-2\">2,22<\/td><td class=\"column-3\">2,77<\/td><td class=\"column-4\">2,76<\/td><td class=\"column-5\">3,63<\/td><td class=\"column-6\">5,26<\/td><td class=\"column-7\">6,08<\/td>\n<\/tr>\n<tr class=\"row-3\">\n\t<td class=\"column-1\">Largueta<\/td><td class=\"column-2\">3,15<\/td><td class=\"column-3\">3,48<\/td><td class=\"column-4\">2,83<\/td><td class=\"column-5\">3,78<\/td><td class=\"column-6\">6,13<\/td><td class=\"column-7\">6,92<\/td>\n<\/tr>\n<tr class=\"row-4\">\n\t<td class=\"column-1\">Marcona<\/td><td class=\"column-2\">3,19<\/td><td class=\"column-3\">3,58<\/td><td class=\"column-4\">2,83<\/td><td class=\"column-5\">3,96<\/td><td class=\"column-6\">6,69<\/td><td class=\"column-7\">7,85<\/td>\n<\/tr>\n<\/tbody>\n<\/table>\n<!-- #tablepress-57 from cache -->\n<pre>Source: Lonja de Reus<\/pre>\n<\/div>\n<\/div>\n","protected":false},"excerpt":{"rendered":"","protected":false},"author":1,"featured_media":0,"parent":4019,"menu_order":0,"comment_status":"closed","ping_status":"closed","template":"","meta":{"footnotes":""},"class_list":["post-4052","page","type-page","status-publish"],"_links":{"self":[{"href":"https:\/\/novalmendro.com\/fr\/wp-json\/wp\/v2\/pages\/4052","targetHints":{"allow":["GET"]}}],"collection":[{"href":"https:\/\/novalmendro.com\/fr\/wp-json\/wp\/v2\/pages"}],"about":[{"href":"https:\/\/novalmendro.com\/fr\/wp-json\/wp\/v2\/types\/page"}],"author":[{"embeddable":true,"href":"https:\/\/novalmendro.com\/fr\/wp-json\/wp\/v2\/users\/1"}],"replies":[{"embeddable":true,"href":"https:\/\/novalmendro.com\/fr\/wp-json\/wp\/v2\/comments?post=4052"}],"version-history":[{"count":0,"href":"https:\/\/novalmendro.com\/fr\/wp-json\/wp\/v2\/pages\/4052\/revisions"}],"up":[{"embeddable":true,"href":"https:\/\/novalmendro.com\/fr\/wp-json\/wp\/v2\/pages\/4019"}],"wp:attachment":[{"href":"https:\/\/novalmendro.com\/fr\/wp-json\/wp\/v2\/media?parent=4052"}],"curies":[{"name":"wp","href":"https:\/\/api.w.org\/{rel}","templated":true}]}}