{"id":4065,"date":"2014-12-10T21:34:42","date_gmt":"2014-12-10T20:34:42","guid":{"rendered":"http:\/\/novalmendro.com\/?page_id=4065"},"modified":"2015-03-16T22:59:50","modified_gmt":"2015-03-16T21:59:50","slug":"test-daptitude-novalmendro","status":"publish","type":"page","link":"https:\/\/novalmendro.com\/fr\/amandier\/test-daptitude-novalmendro\/","title":{"rendered":"Test d\u2019aptitude Novalmendro"},"content":{"rendered":"<ul class=\"g1-grid\"><li class=\"g1-column g1-one-half g1-valign-top\">\n<h2 style=\"text-align: left;\">Services<\/h2>\n<h1 style=\"text-align: left;\">Test d\u2019aptitude<\/h1>\n<p>&nbsp;<\/p>\n<h4><em>Sachez avant de planter si votre ferme poss\u00e8de un facteur climatologique ou agronomique limitant.<\/em><\/h4>\n<h3>\u00c9tude d\u00e9taill\u00e9e de votre ferme<\/h3>\n<p>Nous r\u00e9alisons une \u00e9tude approfondie de tous les facteurs agronomiques et climatologiques qui surgissent dans la culture et qui pourrait limiter ou supposer un risque \u00e0 celle-ci comme par exemple ; pentes, pierrosit\u00e9, formation de flaques, composition physique et chimique du sol, climat, disponibilit\u00e9 d\u2019eau, etc.<\/p>\n<h3>Objectif<\/h3>\n<p>\u00c9valuer si la ferme est appropri\u00e9e ou non pour ce type de culture. Diminuer les risques et \u00e9tablir, au cas o\u00f9 cela serait n\u00e9cessaire, de possibles solutions de fa\u00e7on anticip\u00e9e.<\/p>\n<\/li><!-- -->\n<li class=\"g1-column g1-one-half g1-valign-top\">\n<p style=\"text-align: center;\"><img loading=\"lazy\" decoding=\"async\" class=\"alignnone size-full wp-image-6618\" src=\"http:\/\/novalmendro.com\/wp-content\/uploads\/Novalmendro_13-1.jpg\" alt=\"Novalmendro_13-1\" width=\"387\" height=\"500\" srcset=\"https:\/\/novalmendro.com\/wp-content\/uploads\/Novalmendro_13-1.jpg 387w, https:\/\/novalmendro.com\/wp-content\/uploads\/Novalmendro_13-1-232x300.jpg 232w, https:\/\/novalmendro.com\/wp-content\/uploads\/Novalmendro_13-1-55x71.jpg 55w, https:\/\/novalmendro.com\/wp-content\/uploads\/Novalmendro_13-1-320x413.jpg 320w, https:\/\/novalmendro.com\/wp-content\/uploads\/Novalmendro_13-1-239x309.jpg 239w\" sizes=\"auto, (max-width: 387px) 100vw, 387px\" \/><\/p>\n<p style=\"text-align: center;\">\n<div align=\"center\"><a class=\"boton\" href=\"http:\/\/novalmendro.com\/fr\/obtenir-plus-d-informations\/\" target=\"new\"><img loading=\"lazy\" decoding=\"async\" class=\"alignleft wp-image-6678\" style=\"margin-top: -12px;\" src=\"https:\/\/novalmendro.com\/wp-content\/uploads\/boton-info.png\" alt=\"boton info\" width=\"50\" height=\"48\" srcset=\"https:\/\/novalmendro.com\/wp-content\/uploads\/boton-info.png 60w, https:\/\/novalmendro.com\/wp-content\/uploads\/boton-info-55x53.png 55w\" sizes=\"auto, (max-width: 50px) 100vw, 50px\" \/><span style=\"color: #ffffff;\">Obtenir plus d\u2019informations<\/span><\/a><\/div>\n<\/li><!-- --><\/ul>\n","protected":false},"excerpt":{"rendered":"","protected":false},"author":1,"featured_media":0,"parent":4019,"menu_order":0,"comment_status":"closed","ping_status":"closed","template":"","meta":{"footnotes":""},"class_list":["post-4065","page","type-page","status-publish"],"_links":{"self":[{"href":"https:\/\/novalmendro.com\/fr\/wp-json\/wp\/v2\/pages\/4065","targetHints":{"allow":["GET"]}}],"collection":[{"href":"https:\/\/novalmendro.com\/fr\/wp-json\/wp\/v2\/pages"}],"about":[{"href":"https:\/\/novalmendro.com\/fr\/wp-json\/wp\/v2\/types\/page"}],"author":[{"embeddable":true,"href":"https:\/\/novalmendro.com\/fr\/wp-json\/wp\/v2\/users\/1"}],"replies":[{"embeddable":true,"href":"https:\/\/novalmendro.com\/fr\/wp-json\/wp\/v2\/comments?post=4065"}],"version-history":[{"count":0,"href":"https:\/\/novalmendro.com\/fr\/wp-json\/wp\/v2\/pages\/4065\/revisions"}],"up":[{"embeddable":true,"href":"https:\/\/novalmendro.com\/fr\/wp-json\/wp\/v2\/pages\/4019"}],"wp:attachment":[{"href":"https:\/\/novalmendro.com\/fr\/wp-json\/wp\/v2\/media?parent=4065"}],"curies":[{"name":"wp","href":"https:\/\/api.w.org\/{rel}","templated":true}]}}