{"id":4072,"date":"2014-12-10T21:59:42","date_gmt":"2014-12-10T20:59:42","guid":{"rendered":"http:\/\/novalmendro.com\/?page_id=4072"},"modified":"2015-03-16T23:03:54","modified_gmt":"2015-03-16T22:03:54","slug":"conception-de-plantations-budget-et-etude-economique","status":"publish","type":"page","link":"https:\/\/novalmendro.com\/fr\/amandier\/conception-de-plantations-budget-et-etude-economique\/","title":{"rendered":"Conception de plantations, budget et \u00e9tude \u00e9conomique Novalmendro"},"content":{"rendered":"<h2 style=\"text-align: center;\">CONCEPTION DE PLANTATIONS, BUDGET<br \/>\nET \u00c9TUDE \u00c9CONOMIQUE<\/h2>\n<ul class=\"g1-grid\"><li class=\"g1-column g1-one-half g1-valign-top\">\n<h3>Conception de plantation<\/h3>\n<p>Nous la r\u00e9alisons une fois \u00e9valu\u00e9e l\u2019information obtenue du test d\u2019aptitude et tenu en compte les pr\u00e9f\u00e9rences et circonstances de chaque agriculteur. Dans la conception de plantation nous d\u00e9finissons:<\/p>\n<ul>\n<li>Superficie de plantation<\/li>\n<li>Vari\u00e9t\u00e9(s) \u00e0 planter<\/li>\n<li>Cadre de plantation<\/li>\n<li>Orientation de la plantation<\/li>\n<li>Conception de chemins de service<\/li>\n<li>Solutions de possibles d\u00e9ficits<\/li>\n<\/ul>\n<p style=\"text-align: center;\">R\u00e9alis\u00e9e par des ing\u00e9nieurs agronomes tr\u00e8s exp\u00e9riment\u00e9s et hautement qualifi\u00e9s.<\/p>\n<\/li><!-- -->\n<li class=\"g1-column g1-one-half g1-valign-top\">\n<p><img loading=\"lazy\" decoding=\"async\" class=\"alignright size-full wp-image-4073\" src=\"http:\/\/novalmendro.com\/wp-content\/uploads\/14_11.jpg\" alt=\"14_1\" width=\"500\" height=\"316\" srcset=\"https:\/\/novalmendro.com\/wp-content\/uploads\/14_11.jpg 500w, https:\/\/novalmendro.com\/wp-content\/uploads\/14_11-300x189.jpg 300w, https:\/\/novalmendro.com\/wp-content\/uploads\/14_11-55x34.jpg 55w, https:\/\/novalmendro.com\/wp-content\/uploads\/14_11-320x202.jpg 320w, https:\/\/novalmendro.com\/wp-content\/uploads\/14_11-239x151.jpg 239w\" sizes=\"auto, (max-width: 500px) 100vw, 500px\" \/><\/p>\n<\/li><!-- --><\/ul>\n<h3>Budget et \u00e9tude \u00e9conomique<\/h3>\n<p>Une fois conclue la conception de la plantation, on pr\u00e9pare le budget de plantation avec une \u00e9tude \u00e9conomique personnalis\u00e9e et approfondie, o\u00f9 le client pourra visualiser une estimation de l\u2019investissement total, les co\u00fbts de maintenance, la productivit\u00e9 et la rentabilit\u00e9 de son investissement pendant une p\u00e9riode de 20 ans.<\/p>\n<div align=\"right\"><a class=\"boton\" href=\"http:\/\/novalmendro.com\/fr\/obtenir-plus-d-informations\/\" target=\"new\"><img loading=\"lazy\" decoding=\"async\" class=\"alignleft wp-image-6678\" style=\"margin-top: -12px;\" src=\"https:\/\/novalmendro.com\/wp-content\/uploads\/boton-info.png\" alt=\"boton info\" width=\"50\" height=\"48\" srcset=\"https:\/\/novalmendro.com\/wp-content\/uploads\/boton-info.png 60w, https:\/\/novalmendro.com\/wp-content\/uploads\/boton-info-55x53.png 55w\" sizes=\"auto, (max-width: 50px) 100vw, 50px\" \/><span style=\"color: #ffffff;\">Obtenir plus d\u2019informations<\/span><\/a><\/div>\n","protected":false},"excerpt":{"rendered":"<p>CONCEPTION DE PLANTATIONS, BUDGET ET \u00c9TUDE \u00c9CONOMIQUE Budget et \u00e9tude \u00e9conomique Une fois conclue la conception de la plantation, on pr\u00e9pare le budget de plantation avec une \u00e9tude \u00e9conomique personnalis\u00e9e et approfondie, o\u00f9 le client pourra visualiser une estimation de l\u2019investissement total, les co\u00fbts de maintenance, la productivit\u00e9 et la rentabilit\u00e9 de son investissement pendant [&hellip;]<\/p>\n","protected":false},"author":1,"featured_media":0,"parent":4019,"menu_order":0,"comment_status":"closed","ping_status":"closed","template":"","meta":{"footnotes":""},"class_list":["post-4072","page","type-page","status-publish"],"_links":{"self":[{"href":"https:\/\/novalmendro.com\/fr\/wp-json\/wp\/v2\/pages\/4072","targetHints":{"allow":["GET"]}}],"collection":[{"href":"https:\/\/novalmendro.com\/fr\/wp-json\/wp\/v2\/pages"}],"about":[{"href":"https:\/\/novalmendro.com\/fr\/wp-json\/wp\/v2\/types\/page"}],"author":[{"embeddable":true,"href":"https:\/\/novalmendro.com\/fr\/wp-json\/wp\/v2\/users\/1"}],"replies":[{"embeddable":true,"href":"https:\/\/novalmendro.com\/fr\/wp-json\/wp\/v2\/comments?post=4072"}],"version-history":[{"count":0,"href":"https:\/\/novalmendro.com\/fr\/wp-json\/wp\/v2\/pages\/4072\/revisions"}],"up":[{"embeddable":true,"href":"https:\/\/novalmendro.com\/fr\/wp-json\/wp\/v2\/pages\/4019"}],"wp:attachment":[{"href":"https:\/\/novalmendro.com\/fr\/wp-json\/wp\/v2\/media?parent=4072"}],"curies":[{"name":"wp","href":"https:\/\/api.w.org\/{rel}","templated":true}]}}