{"id":4083,"date":"2014-12-10T22:17:47","date_gmt":"2014-12-10T21:17:47","guid":{"rendered":"http:\/\/novalmendro.com\/?page_id=4083"},"modified":"2015-03-16T23:06:37","modified_gmt":"2015-03-16T22:06:37","slug":"conception-et-installation-dirrigation","status":"publish","type":"page","link":"https:\/\/novalmendro.com\/fr\/amandier\/conception-et-installation-dirrigation\/","title":{"rendered":"Conception et installation d\u2019irrigation"},"content":{"rendered":"<h1 style=\"text-align: center;\"><img loading=\"lazy\" decoding=\"async\" class=\"size-full wp-image-3089 aligncenter\" src=\"http:\/\/novalmendro.com\/wp-content\/uploads\/77_1.jpg\" alt=\"77_1\" width=\"900\" height=\"152\" \/><\/h1>\n<h1 style=\"text-align: center;\">CONCEPTION ET INSTALLATION D\u2019IRRIGATION PAR MICRO-IRRIGATION<\/h1>\n<h3 style=\"text-align: center;\"><em>Tirez le maximum de profit et rendement \u00e0 votre ferme<\/em><\/h3>\n<h3>Installation \u00ab\u00a0cl\u00e9 en main\u00a0\u00bb<\/h3>\n<p><strong><img loading=\"lazy\" decoding=\"async\" class=\"alignright size-full wp-image-3097\" src=\"http:\/\/novalmendro.com\/wp-content\/uploads\/77_2.jpg\" alt=\"77_2\" width=\"240\" height=\"220\" srcset=\"https:\/\/novalmendro.com\/wp-content\/uploads\/77_2.jpg 240w, https:\/\/novalmendro.com\/wp-content\/uploads\/77_2-239x219.jpg 239w\" sizes=\"auto, (max-width: 240px) 100vw, 240px\" \/>Chez Novalmendro, nous disposons d\u2019un d\u00e9partement d\u2019irrigation <\/strong>int\u00e9gr\u00e9 par des ing\u00e9nieurs agronomes et des monteurs exp\u00e9riment\u00e9s, ainsi que de tous les produits n\u00e9cessaires pour r\u00e9aliser de forme efficace et compl\u00e8te votre installation d\u2019irrigation.<\/p>\n<p>Notre <strong>d\u00e9partement d\u2019irrigation<\/strong> travaille en parfaite syntonie avec le <strong>d\u00e9partement de plantations<\/strong> pour d\u00e9terminer les n\u00e9cessit\u00e9s hydriques de la plantation, doser et projeter l\u2019irrigation en se basant sur ces derni\u00e8res, et coordonner les travaux de champ pour une parfaite implantation.<\/p>\n<h4 style=\"text-align: center;\">Conception de projet \u00b7 Installation cl\u00e9 en main \u00b7 \u00c9tangs \u00b7 Tuyauteries primaires et secondaires \u00b7 Tuyauteries avec goutteurs int\u00e9gr\u00e9s \u00b7 Filtres automatiques \u00b7 \u00c9lectrovalves \u00b7 Programmateurs, etc.<\/h4>\n<h3 style=\"text-align: center;\"><em>15 ans r\u00e9alisant des installations d&rsquo;irrigation \u00ab cl\u00e9 en main \u00bb<br \/>\n<\/em><\/h3>\n<div align=\"center\"><a class=\"boton\" href=\"http:\/\/novalmendro.com\/fr\/obtenir-plus-d-informations\/\" target=\"new\"><img loading=\"lazy\" decoding=\"async\" class=\"alignleft wp-image-6678\" style=\"margin-top: -12px;\" src=\"https:\/\/novalmendro.com\/wp-content\/uploads\/boton-info.png\" alt=\"boton info\" width=\"50\" height=\"48\" srcset=\"https:\/\/novalmendro.com\/wp-content\/uploads\/boton-info.png 60w, https:\/\/novalmendro.com\/wp-content\/uploads\/boton-info-55x53.png 55w\" sizes=\"auto, (max-width: 50px) 100vw, 50px\" \/><span style=\"color: #ffffff;\">Obtenir plus d\u2019informations<\/span><\/a><\/div>\n","protected":false},"excerpt":{"rendered":"<p>CONCEPTION ET INSTALLATION D\u2019IRRIGATION PAR MICRO-IRRIGATION Tirez le maximum de profit et rendement \u00e0 votre ferme Installation \u00ab\u00a0cl\u00e9 en main\u00a0\u00bb Chez Novalmendro, nous disposons d\u2019un d\u00e9partement d\u2019irrigation int\u00e9gr\u00e9 par des ing\u00e9nieurs agronomes et des monteurs exp\u00e9riment\u00e9s, ainsi que de tous les produits n\u00e9cessaires pour r\u00e9aliser de forme efficace et compl\u00e8te votre installation d\u2019irrigation. Notre d\u00e9partement [&hellip;]<\/p>\n","protected":false},"author":1,"featured_media":0,"parent":4019,"menu_order":0,"comment_status":"closed","ping_status":"closed","template":"","meta":{"footnotes":""},"class_list":["post-4083","page","type-page","status-publish"],"_links":{"self":[{"href":"https:\/\/novalmendro.com\/fr\/wp-json\/wp\/v2\/pages\/4083","targetHints":{"allow":["GET"]}}],"collection":[{"href":"https:\/\/novalmendro.com\/fr\/wp-json\/wp\/v2\/pages"}],"about":[{"href":"https:\/\/novalmendro.com\/fr\/wp-json\/wp\/v2\/types\/page"}],"author":[{"embeddable":true,"href":"https:\/\/novalmendro.com\/fr\/wp-json\/wp\/v2\/users\/1"}],"replies":[{"embeddable":true,"href":"https:\/\/novalmendro.com\/fr\/wp-json\/wp\/v2\/comments?post=4083"}],"version-history":[{"count":0,"href":"https:\/\/novalmendro.com\/fr\/wp-json\/wp\/v2\/pages\/4083\/revisions"}],"up":[{"embeddable":true,"href":"https:\/\/novalmendro.com\/fr\/wp-json\/wp\/v2\/pages\/4019"}],"wp:attachment":[{"href":"https:\/\/novalmendro.com\/fr\/wp-json\/wp\/v2\/media?parent=4083"}],"curies":[{"name":"wp","href":"https:\/\/api.w.org\/{rel}","templated":true}]}}