{"id":4094,"date":"2014-12-10T23:03:13","date_gmt":"2014-12-10T22:03:13","guid":{"rendered":"http:\/\/novalmendro.com\/?page_id=4094"},"modified":"2015-04-01T18:33:03","modified_gmt":"2015-04-01T17:33:03","slug":"porte-greffes","status":"publish","type":"page","link":"https:\/\/novalmendro.com\/fr\/amandier\/porte-greffes\/","title":{"rendered":"Porte-greffes"},"content":{"rendered":"<h2 style=\"text-align: center;\"><strong>PORTE-GREFFES<\/strong><br \/>\nDe nouvelle g\u00e9n\u00e9ration<\/h2>\n<h3>Nous disposons de multiples porte-greffes nanifiant, le plus utilis\u00e9 est le <span style=\"color: #bf0000;\">ROOTPAC-20<\/span>, un hybride de prunier.<\/h3>\n<ul class=\"g1-grid\"><li class=\"g1-column g1-three-fifth g1-valign-top\">\n<h3>Anticipe la maturation<\/h3>\n<ul>\n<li>Hautement productif<\/li>\n<li>G\u00e9n\u00e8re un tr\u00e8s bon calibre et qualit\u00e9 de fruit<\/li>\n<li>Contr\u00f4le la vigueur<\/li>\n<li>S\u2019adapte bien sur les terrains compliqu\u00e9s<\/li>\n<\/ul>\n<h3>Fiche technique<\/h3>\n<table border=\"0\" width=\"100%\">\n<tbody>\n<tr>\n<td width=\"300\"><strong>Froid:<br \/>\nAsphyxie:<br \/>\nChlorose:<br \/>\nSalinit\u00e9:<br \/>\nN\u00e9matodes \u00e0 galles:<br \/>\nN\u00e9matodes l\u00e9sants:<br \/>\nAgrobacterium tumefaciens:<br \/>\nArmillaria mellea:<br \/>\nRosellinia necatrix:<\/strong><\/td>\n<td>Tol\u00e9rant<br \/>\nTol\u00e9rant<br \/>\nMod\u00e9r\u00e9ment tol\u00e9rant<br \/>\nMod\u00e9r\u00e9ment tol\u00e9rant<br \/>\nR\u00e9sistant<br \/>\nR\u00e9sistant<br \/>\nSensible<br \/>\nInconnu. Apparemment tol\u00e9rant<br \/>\nMod\u00e9r\u00e9ment tol\u00e9rant<\/td>\n<\/tr>\n<\/tbody>\n<\/table>\n<h4>Nous disposons aussi de porte-greffes pour amandier en intensif comme GF-677, Garnem et la s\u00e9rie Rootpac (40,70,90 y R).<\/h4>\n<\/li><!-- -->\n<li class=\"g1-column g1-two-fifth g1-valign-top\">\n<p><img loading=\"lazy\" decoding=\"async\" class=\"alignright wp-image-3818 size-full\" src=\"http:\/\/novalmendro.com\/wp-content\/uploads\/17_11.jpg\" alt=\"17_1\" width=\"347\" height=\"450\" srcset=\"https:\/\/novalmendro.com\/wp-content\/uploads\/17_11.jpg 347w, https:\/\/novalmendro.com\/wp-content\/uploads\/17_11-231x300.jpg 231w, https:\/\/novalmendro.com\/wp-content\/uploads\/17_11-55x71.jpg 55w, https:\/\/novalmendro.com\/wp-content\/uploads\/17_11-320x414.jpg 320w, https:\/\/novalmendro.com\/wp-content\/uploads\/17_11-239x309.jpg 239w\" sizes=\"auto, (max-width: 347px) 100vw, 347px\" \/><\/p>\n<\/li><!-- --><\/ul>\n<div align=\"center\"><a class=\"boton\" href=\"http:\/\/novalmendro.com\/fr\/obtenir-plus-d-informations\/\" target=\"new\"><img loading=\"lazy\" decoding=\"async\" class=\"alignleft wp-image-6678\" style=\"margin-top: -12px;\" src=\"https:\/\/novalmendro.com\/wp-content\/uploads\/boton-info.png\" alt=\"boton info\" width=\"50\" height=\"48\" srcset=\"https:\/\/novalmendro.com\/wp-content\/uploads\/boton-info.png 60w, https:\/\/novalmendro.com\/wp-content\/uploads\/boton-info-55x53.png 55w\" sizes=\"auto, (max-width: 50px) 100vw, 50px\" \/><span style=\"color: #ffffff;\">Obtenir plus d\u2019informations<\/span><\/a><\/div>\n","protected":false},"excerpt":{"rendered":"<p>PORTE-GREFFES De nouvelle g\u00e9n\u00e9ration Nous disposons de multiples porte-greffes nanifiant, le plus utilis\u00e9 est le ROOTPAC-20, un hybride de prunier. Obtenir plus d\u2019informations<\/p>\n","protected":false},"author":1,"featured_media":0,"parent":4019,"menu_order":0,"comment_status":"closed","ping_status":"closed","template":"","meta":{"footnotes":""},"class_list":["post-4094","page","type-page","status-publish"],"_links":{"self":[{"href":"https:\/\/novalmendro.com\/fr\/wp-json\/wp\/v2\/pages\/4094","targetHints":{"allow":["GET"]}}],"collection":[{"href":"https:\/\/novalmendro.com\/fr\/wp-json\/wp\/v2\/pages"}],"about":[{"href":"https:\/\/novalmendro.com\/fr\/wp-json\/wp\/v2\/types\/page"}],"author":[{"embeddable":true,"href":"https:\/\/novalmendro.com\/fr\/wp-json\/wp\/v2\/users\/1"}],"replies":[{"embeddable":true,"href":"https:\/\/novalmendro.com\/fr\/wp-json\/wp\/v2\/comments?post=4094"}],"version-history":[{"count":0,"href":"https:\/\/novalmendro.com\/fr\/wp-json\/wp\/v2\/pages\/4094\/revisions"}],"up":[{"embeddable":true,"href":"https:\/\/novalmendro.com\/fr\/wp-json\/wp\/v2\/pages\/4019"}],"wp:attachment":[{"href":"https:\/\/novalmendro.com\/fr\/wp-json\/wp\/v2\/media?parent=4094"}],"curies":[{"name":"wp","href":"https:\/\/api.w.org\/{rel}","templated":true}]}}