{"id":4145,"date":"2014-12-11T12:48:58","date_gmt":"2014-12-11T11:48:58","guid":{"rendered":"http:\/\/novalmendro.com\/?page_id=4145"},"modified":"2015-04-01T18:45:51","modified_gmt":"2015-04-01T17:45:51","slug":"execution-integrale-de-plantations-d-amandier","status":"publish","type":"page","link":"https:\/\/novalmendro.com\/fr\/amandier\/execution-integrale-de-plantations-d-amandier\/","title":{"rendered":"Execution integrale de plantations d\u2019amandier"},"content":{"rendered":"<h3 style=\"text-align: center;\">Nous r\u00e9alisons de forme <strong>rapide et \u00e9conomique<\/strong> votre plantation d\u2019<span style=\"color: #ff0000;\">amandier en haie<\/span><\/h3>\n<ul class=\"g1-grid\"><li class=\"g1-column g1-one-half g1-valign-top\">\n<p><strong>Chez Novalmendro<\/strong> nous disposons de onze \u00e9quipes de plantation, dot\u00e9es de technologie de dern\u00e8re g\u00e9n\u00e9ration; syst\u00e8me d\u2019alignement GPS, mise en place simultan\u00e9e de plante tuteur et herbicide, capables de planter plus de 100.000 plantes\/jour.<\/p>\n<h4><strong>Syst\u00e8me d\u2019alignement GPS <\/strong> \u2219 <strong>Mise en place simultan\u00e9e<\/strong> de plante, tuteur et herbicide<\/h4>\n<div align=\"center\"><a class=\"boton\" href=\"http:\/\/novalmendro.com\/fr\/obtenir-plus-d-informations\/\" target=\"new\"><img loading=\"lazy\" decoding=\"async\" class=\"alignleft wp-image-6678\" style=\"margin-top: -12px;\" src=\"https:\/\/novalmendro.com\/wp-content\/uploads\/boton-info.png\" alt=\"boton info\" width=\"50\" height=\"48\" srcset=\"https:\/\/novalmendro.com\/wp-content\/uploads\/boton-info.png 60w, https:\/\/novalmendro.com\/wp-content\/uploads\/boton-info-55x53.png 55w\" sizes=\"auto, (max-width: 50px) 100vw, 50px\" \/><span style=\"color: #ffffff;\">Obtenir plus d\u2019informations<\/span><\/a><\/div>\n<\/li><!-- -->\n<li class=\"g1-column g1-one-half g1-valign-top\">\n<p><img loading=\"lazy\" decoding=\"async\" class=\"aligncenter size-full wp-image-3923\" src=\"http:\/\/novalmendro.com\/wp-content\/uploads\/25_1.jpg\" alt=\"25_1\" width=\"350\" height=\"247\" srcset=\"https:\/\/novalmendro.com\/wp-content\/uploads\/25_1.jpg 350w, https:\/\/novalmendro.com\/wp-content\/uploads\/25_1-300x211.jpg 300w, https:\/\/novalmendro.com\/wp-content\/uploads\/25_1-55x38.jpg 55w, https:\/\/novalmendro.com\/wp-content\/uploads\/25_1-320x225.jpg 320w, https:\/\/novalmendro.com\/wp-content\/uploads\/25_1-239x168.jpg 239w\" sizes=\"auto, (max-width: 350px) 100vw, 350px\" \/><\/p>\n<\/li><!-- --><\/ul>\n<span id=\"g1-space-1\" class=\"g1-space \" style=\"height:40px;\"><\/span>\n<h3 style=\"text-align: center;\">Notre <strong>qualit\u00e9, exp\u00e9rience et r\u00e9sultat<\/strong><br \/>\nmarquent la diff\u00e9rence<\/h3>\n","protected":false},"excerpt":{"rendered":"<p>Nous r\u00e9alisons de forme rapide et \u00e9conomique votre plantation d\u2019amandier en haie Notre qualit\u00e9, exp\u00e9rience et r\u00e9sultat marquent la diff\u00e9rence<\/p>\n","protected":false},"author":1,"featured_media":0,"parent":4019,"menu_order":0,"comment_status":"closed","ping_status":"closed","template":"","meta":{"footnotes":""},"class_list":["post-4145","page","type-page","status-publish"],"_links":{"self":[{"href":"https:\/\/novalmendro.com\/fr\/wp-json\/wp\/v2\/pages\/4145","targetHints":{"allow":["GET"]}}],"collection":[{"href":"https:\/\/novalmendro.com\/fr\/wp-json\/wp\/v2\/pages"}],"about":[{"href":"https:\/\/novalmendro.com\/fr\/wp-json\/wp\/v2\/types\/page"}],"author":[{"embeddable":true,"href":"https:\/\/novalmendro.com\/fr\/wp-json\/wp\/v2\/users\/1"}],"replies":[{"embeddable":true,"href":"https:\/\/novalmendro.com\/fr\/wp-json\/wp\/v2\/comments?post=4145"}],"version-history":[{"count":0,"href":"https:\/\/novalmendro.com\/fr\/wp-json\/wp\/v2\/pages\/4145\/revisions"}],"up":[{"embeddable":true,"href":"https:\/\/novalmendro.com\/fr\/wp-json\/wp\/v2\/pages\/4019"}],"wp:attachment":[{"href":"https:\/\/novalmendro.com\/fr\/wp-json\/wp\/v2\/media?parent=4145"}],"curies":[{"name":"wp","href":"https:\/\/api.w.org\/{rel}","templated":true}]}}