{"id":4149,"date":"2014-12-11T13:11:46","date_gmt":"2014-12-11T12:11:46","guid":{"rendered":"http:\/\/novalmendro.com\/?page_id=4149"},"modified":"2015-03-16T23:21:48","modified_gmt":"2015-03-16T22:21:48","slug":"assistance-technique-novalmendro","status":"publish","type":"page","link":"https:\/\/novalmendro.com\/fr\/amandier\/assistance-technique-novalmendro\/","title":{"rendered":"Assistance technique Novalmendro"},"content":{"rendered":"<h2>Votre plantation en de bonnes mains<\/h2>\n<ul class=\"g1-grid\"><li class=\"g1-column g1-one-half g1-valign-top\">\n<div id=\"g1-divider-1\" class=\"g1-divider g1-divider--none g1-divider--noicon \"><\/div>\n<blockquote><p>Nous disposons d\u2019un d\u00e9partement technique int\u00e9gr\u00e9 par des ing\u00e9nieurs agronomes hautement qualifi\u00e9s et exp\u00e9riment\u00e9s, <span id=\"result_box\" class=\"\" lang=\"fr\"><span class=\"hps\">et vous conseiller sur votre plantation dans tout ce que vous avez besoin.<\/span><\/span><\/p>\n<p>Notre objectif, mener les plantations de nos clients \u00e0 atteindre les taux maximum de production au moindre co\u00fbt possible.<\/p><\/blockquote>\n<div id=\"g1-box-counter-1\" class=\"g1-box g1-box--simple  g1-box--noicon\" ><div class=\"g1-box__inner\">\n<h3><strong>Assistance<\/strong><\/h3>\n<hr \/>\n<ul>\n<li>Conception de plantations.<\/li>\n<li>Choix de cadres de plantation et de vari\u00e9t\u00e9s.<\/li>\n<li>Conseils nutritionnels personnalis\u00e9s.<\/li>\n<li><span id=\"result_box\" class=\"short_text\" lang=\"fr\"><span class=\"hps\">Pollinisation.<\/span><\/span><\/li>\n<li>Control de f\u00e9aux et de maladies.<\/li>\n<li>Taille.<\/li>\n<li>Control de mauvaises herbes.<\/li>\n<li>Programmation personnalis\u00e9e d\u2019irrigation et d\u2019application de fertilisants par irrigation.<\/li>\n<li>Traitements et laboures.<\/li>\n<\/ul>\n<\/div><\/div>\n<\/li><!-- -->\n<li class=\"g1-column g1-one-half g1-valign-top\">\n<p><img loading=\"lazy\" decoding=\"async\" class=\"aligncenter size-full wp-image-3932\" src=\"http:\/\/novalmendro.com\/wp-content\/uploads\/26_1.jpg\" alt=\"26_1\" width=\"450\" height=\"481\" srcset=\"https:\/\/novalmendro.com\/wp-content\/uploads\/26_1.jpg 450w, https:\/\/novalmendro.com\/wp-content\/uploads\/26_1-280x300.jpg 280w, https:\/\/novalmendro.com\/wp-content\/uploads\/26_1-55x58.jpg 55w, https:\/\/novalmendro.com\/wp-content\/uploads\/26_1-320x342.jpg 320w, https:\/\/novalmendro.com\/wp-content\/uploads\/26_1-239x255.jpg 239w\" sizes=\"auto, (max-width: 450px) 100vw, 450px\" \/><\/p>\n<p style=\"text-align: center;\">\n<div align=\"center\"><a class=\"boton\" href=\"http:\/\/novalmendro.com\/fr\/obtenir-plus-d-informations\/\" target=\"new\"><img loading=\"lazy\" decoding=\"async\" class=\"alignleft wp-image-6678\" style=\"margin-top: -12px;\" src=\"https:\/\/novalmendro.com\/wp-content\/uploads\/boton-info.png\" alt=\"boton info\" width=\"50\" height=\"48\" srcset=\"https:\/\/novalmendro.com\/wp-content\/uploads\/boton-info.png 60w, https:\/\/novalmendro.com\/wp-content\/uploads\/boton-info-55x53.png 55w\" sizes=\"auto, (max-width: 50px) 100vw, 50px\" \/><span style=\"color: #ffffff;\">Obtenir plus d\u2019informations<\/span><\/a><\/div>\n<\/li><!-- --><\/ul>\n","protected":false},"excerpt":{"rendered":"<p>Votre plantation en de bonnes mains<\/p>\n","protected":false},"author":1,"featured_media":0,"parent":4019,"menu_order":0,"comment_status":"closed","ping_status":"closed","template":"","meta":{"footnotes":""},"class_list":["post-4149","page","type-page","status-publish"],"_links":{"self":[{"href":"https:\/\/novalmendro.com\/fr\/wp-json\/wp\/v2\/pages\/4149","targetHints":{"allow":["GET"]}}],"collection":[{"href":"https:\/\/novalmendro.com\/fr\/wp-json\/wp\/v2\/pages"}],"about":[{"href":"https:\/\/novalmendro.com\/fr\/wp-json\/wp\/v2\/types\/page"}],"author":[{"embeddable":true,"href":"https:\/\/novalmendro.com\/fr\/wp-json\/wp\/v2\/users\/1"}],"replies":[{"embeddable":true,"href":"https:\/\/novalmendro.com\/fr\/wp-json\/wp\/v2\/comments?post=4149"}],"version-history":[{"count":0,"href":"https:\/\/novalmendro.com\/fr\/wp-json\/wp\/v2\/pages\/4149\/revisions"}],"up":[{"embeddable":true,"href":"https:\/\/novalmendro.com\/fr\/wp-json\/wp\/v2\/pages\/4019"}],"wp:attachment":[{"href":"https:\/\/novalmendro.com\/fr\/wp-json\/wp\/v2\/media?parent=4149"}],"curies":[{"name":"wp","href":"https:\/\/api.w.org\/{rel}","templated":true}]}}