{"id":4156,"date":"2014-12-11T13:18:12","date_gmt":"2014-12-11T12:18:12","guid":{"rendered":"http:\/\/novalmendro.com\/?page_id=4156"},"modified":"2015-03-19T23:22:30","modified_gmt":"2015-03-19T22:22:30","slug":"service-de-recolte-novalmendro","status":"publish","type":"page","link":"https:\/\/novalmendro.com\/fr\/amandier\/service-de-recolte-novalmendro\/","title":{"rendered":"Service de r\u00e9colte Novalmendro"},"content":{"rendered":"<ul class=\"g1-grid\"><li class=\"g1-column g1-three-fifth g1-valign-top\">\n<span id=\"g1-space-1\" class=\"g1-space \" style=\"height:50px;\"><\/span>\n<h2 style=\"text-align: center;\">Service de r\u00e9colte Novalmendro<br \/>\n<span style=\"color: #ff0000;\">Une \u00e9quipe compl\u00e9te \u00e0 votre service<\/span><\/h2>\n<\/li><!-- -->\n<li class=\"g1-column g1-two-fifth g1-valign-top\">\n<p><img loading=\"lazy\" decoding=\"async\" class=\"alignright size-full wp-image-3938\" src=\"http:\/\/novalmendro.com\/wp-content\/uploads\/28_2_fr.png\" alt=\"28_2\" width=\"200\" height=\"200\" \/><\/p>\n<\/li><!-- --><\/ul>\n<span id=\"g1-space-2\" class=\"g1-space \" style=\"margin-top:-40px;\"><\/span>\n<style type=\"text\/css\" scoped=\"scoped\">#g1-section-1.g1-section {background-repeat:repeat; background-position:center top; background-attachment:static;}<\/style><div id=\"g1-section-1\" class=\"g1-section \"><div class=\"g1-layout-inner\">\n<ul class=\"g1-grid\"><li class=\"g1-column g1-one-half g1-valign-top\">\n<h3>Equipe de r\u00e9colt<\/h3>\n<h4>Int\u00e9gr\u00e9e par:<\/h4>\n<ul>\n<li>Une \u00e9quipe de <strong>conducteurs de machines et de m\u00e9caniciens exp\u00e9riment\u00e9s<\/strong><\/li>\n<li><strong>15 moissonneuses rapides \u201cVX 7090\u201d<\/strong> (New Holland)<\/li>\n<li><strong>Gondoles et tracteurs (motrices)<\/strong> pour le transport des moissonneuses jusqu\u2019\u00e0 la ferme<\/li>\n<\/ul>\n<h3>Services<\/h3>\n<p>R\u00e9colte jusqu&rsquo;\u00e0 <strong> 24 heures\/jour.<\/strong> <strong>Transport<\/strong> de moissonneuse \u00e0 la ferme. <strong>Assistance technique:<\/strong> compos\u00e9e de m\u00e9caniciens experts qui aident \u00e0 r\u00e9soudre de fa\u00e7on rapide et efficace quelconque incident m\u00e9canique qui puisse se produire dans la ferme durant la r\u00e9colte.<\/p>\n<\/li><!-- -->\n<li class=\"g1-column g1-one-half g1-valign-top\">\n<p><img loading=\"lazy\" decoding=\"async\" class=\"aligncenter wp-image-3941 size-full\" src=\"http:\/\/novalmendro.com\/wp-content\/uploads\/28_1.jpg\" alt=\"28_1\" width=\"500\" height=\"352\" srcset=\"https:\/\/novalmendro.com\/wp-content\/uploads\/28_1.jpg 500w, https:\/\/novalmendro.com\/wp-content\/uploads\/28_1-300x211.jpg 300w, https:\/\/novalmendro.com\/wp-content\/uploads\/28_1-55x38.jpg 55w, https:\/\/novalmendro.com\/wp-content\/uploads\/28_1-320x225.jpg 320w, https:\/\/novalmendro.com\/wp-content\/uploads\/28_1-239x168.jpg 239w\" sizes=\"auto, (max-width: 500px) 100vw, 500px\" \/><\/p>\n<div align=\"center\"><a class=\"boton\" href=\"http:\/\/novalmendro.com\/fr\/obtenir-plus-d-informations\/\" target=\"new\"><img loading=\"lazy\" decoding=\"async\" class=\"alignleft wp-image-6678\" style=\"margin-top: -12px;\" src=\"https:\/\/novalmendro.com\/wp-content\/uploads\/boton-info.png\" alt=\"boton info\" width=\"50\" height=\"48\" srcset=\"https:\/\/novalmendro.com\/wp-content\/uploads\/boton-info.png 60w, https:\/\/novalmendro.com\/wp-content\/uploads\/boton-info-55x53.png 55w\" sizes=\"auto, (max-width: 50px) 100vw, 50px\" \/><span style=\"color: #ffffff;\">Obtenir plus d\u2019informations<\/span><\/a><\/div>\n<\/li><!-- --><\/ul>\n<\/div><\/div>\n","protected":false},"excerpt":{"rendered":"","protected":false},"author":1,"featured_media":0,"parent":4019,"menu_order":0,"comment_status":"closed","ping_status":"closed","template":"","meta":{"footnotes":""},"class_list":["post-4156","page","type-page","status-publish"],"_links":{"self":[{"href":"https:\/\/novalmendro.com\/fr\/wp-json\/wp\/v2\/pages\/4156","targetHints":{"allow":["GET"]}}],"collection":[{"href":"https:\/\/novalmendro.com\/fr\/wp-json\/wp\/v2\/pages"}],"about":[{"href":"https:\/\/novalmendro.com\/fr\/wp-json\/wp\/v2\/types\/page"}],"author":[{"embeddable":true,"href":"https:\/\/novalmendro.com\/fr\/wp-json\/wp\/v2\/users\/1"}],"replies":[{"embeddable":true,"href":"https:\/\/novalmendro.com\/fr\/wp-json\/wp\/v2\/comments?post=4156"}],"version-history":[{"count":0,"href":"https:\/\/novalmendro.com\/fr\/wp-json\/wp\/v2\/pages\/4156\/revisions"}],"up":[{"embeddable":true,"href":"https:\/\/novalmendro.com\/fr\/wp-json\/wp\/v2\/pages\/4019"}],"wp:attachment":[{"href":"https:\/\/novalmendro.com\/fr\/wp-json\/wp\/v2\/media?parent=4156"}],"curies":[{"name":"wp","href":"https:\/\/api.w.org\/{rel}","templated":true}]}}