{"id":4171,"date":"2014-12-11T15:31:11","date_gmt":"2014-12-11T14:31:11","guid":{"rendered":"http:\/\/novalmendro.com\/?page_id=4171"},"modified":"2015-05-04T02:11:13","modified_gmt":"2015-05-04T01:11:13","slug":"rd-novalmendro","status":"publish","type":"page","link":"https:\/\/novalmendro.com\/fr\/amandier\/rd-novalmendro\/","title":{"rendered":"R+D Novalmendro"},"content":{"rendered":"<p><img loading=\"lazy\" decoding=\"async\" class=\" size-full wp-image-3959 aligncenter\" src=\"http:\/\/novalmendro.com\/wp-content\/uploads\/30_1.jpg\" alt=\"30_1\" height=\"327\" width=\"1000\" srcset=\"https:\/\/novalmendro.com\/wp-content\/uploads\/30_1.jpg 1000w, https:\/\/novalmendro.com\/wp-content\/uploads\/30_1-300x98.jpg 300w, https:\/\/novalmendro.com\/wp-content\/uploads\/30_1-55x17.jpg 55w, https:\/\/novalmendro.com\/wp-content\/uploads\/30_1-968x316.jpg 968w, https:\/\/novalmendro.com\/wp-content\/uploads\/30_1-636x207.jpg 636w, https:\/\/novalmendro.com\/wp-content\/uploads\/30_1-320x104.jpg 320w, https:\/\/novalmendro.com\/wp-content\/uploads\/30_1-239x78.jpg 239w\" sizes=\"auto, (max-width: 1000px) 100vw, 1000px\" \/><\/p>\n<p>&nbsp;<\/p>\n<span id=\"g1-space-1\" class=\"g1-space \" style=\"margin-top:-10px;\"><\/span>\n<p>Chez Nolvalmendro comme chez Todolivo, l&rsquo;investigation, le d\u00e9veloppement, et l&rsquo;innovation font partie de notre identit\u00e9. Depuis des ann\u00e9es nous nous sommes engag\u00e9s dans l&rsquo;investigation de l&rsquo;Amandier en Haie. Notre experience, la recherche men\u00e9e et les excellents r\u00e9sultats obtenus par Todolivo en Oliveraie en Haie, nous ont servit comme base pour le d\u00e9veloppement de cette culture rentable. Les derniers tests r\u00e9alis\u00e9s par notre entreprise en Amandier son les suivants:<\/p>\n<p>&nbsp;<\/p>\n<span id=\"g1-space-2\" class=\"g1-space \" style=\"margin-top:-30px;\"><\/span>\n<h3>Derniers tests r\u00e9alis\u00e9s au terrain<\/h3>\n<ul class=\"g1-grid\"><li class=\"g1-column g1-one-half g1-valign-top\">\n<div id=\"g1-box-counter-1\" class=\"g1-box g1-box--simple  g1-box--noicon\" ><div class=\"g1-box__inner\">\n<p><strong>Test d\u2019amandier en haie (Octobre 2013)<\/strong><br \/>\nCadre de plantation : 5 x 1,5 m<br \/>\nVariet\u00e9 : Guara\u00ae greff\u00e9e sur RP-20<br \/>\nLocalit\u00e9 : Lora del R\u00edo (S\u00e9ville)<\/p>\n<\/div><\/div>\n<div id=\"g1-box-counter-2\" class=\"g1-box g1-box--simple  g1-box--noicon\" ><div class=\"g1-box__inner\">\n<p><strong>Test de densit\u00e9 en ligne et en all\u00e9e (Mars 2014)<\/strong><br \/>\nCadres : 5 x 2 m ; 5 x 1,5 m ; 4 x 1,25<br \/>\nVariet\u00e9 : Guara\u00ae greff\u00e9e sur RP-20<br \/>\nLocalit\u00e9s : Pedro Abad (Santa Mar\u00eda) et Andujar (Ja\u00e9n)<\/p>\n<\/div><\/div>\n<div align=\"center\"><a class=\"boton\" href=\"http:\/\/novalmendro.com\/fr\/obtenir-plus-d-informations\/\" target=\"new\"><img loading=\"lazy\" decoding=\"async\" class=\"alignleft wp-image-6678\" style=\"margin-top: -12px;\" src=\"https:\/\/novalmendro.com\/wp-content\/uploads\/boton-info.png\" alt=\"boton info\" height=\"48\" width=\"50\" srcset=\"https:\/\/novalmendro.com\/wp-content\/uploads\/boton-info.png 60w, https:\/\/novalmendro.com\/wp-content\/uploads\/boton-info-55x53.png 55w\" sizes=\"auto, (max-width: 50px) 100vw, 50px\" \/><span style=\"color: #ffffff;\">Obtenir plus d\u2019informations<\/span><\/a><\/div>\n<\/li><!-- -->\n<li class=\"g1-column g1-one-half g1-valign-top\">\n<div id=\"g1-box-counter-3\" class=\"g1-box g1-box--simple  g1-box--noicon\" ><div class=\"g1-box__inner\">\n<p><strong>Test de variet\u00e9s d\u2019amandier (F\u00e9vrier 2014)<\/strong><br \/>\nCadre : 5 x 1,25 m<br \/>\nVariet\u00e9s : Guara\u00ae, Avijor et Soleta\u00ae greff\u00e9es sur RP-20<br \/>\nLocalit\u00e9 : Pedro Abad (Cruz de los Huertos 1) Cordoue<\/p>\n<\/div><\/div>\n<div id=\"g1-box-counter-4\" class=\"g1-box g1-box--simple  g1-box--noicon\" ><div class=\"g1-box__inner\">\n<p><strong>Test de taille de formation (Juin 2014)<br \/>\n<\/strong>Formation de monoc\u00f4ne sans taille lat\u00e9rale, formation de monoc\u00f4ne avec taille lat\u00e9rale. Topping (limitation de hauteur d&rsquo;arbre) graduel sans taille lat\u00e9rale et topping graduel avec taille lat\u00e9rale.<\/p>\n<p>Cadre : 5 x 1,25 m<br \/>\nVariet\u00e9s : Guara\u00ae, Avijor et Soleta\u00ae greff\u00e9es sur RP-20<br \/>\nLocalit\u00e9 : Pedro Abad. Cordoue<\/p>\n<\/div><\/div>\n<\/li><!-- --><\/ul>\n<div id=\"g1-box-counter-5\" class=\"g1-box g1-box--simple  g1-box--icon\" ><i class=\"fa fa-flask g1-box__icon\"><\/i><div class=\"g1-box__inner\">\n<h3>Prochain test<\/h3>\n<p>Bient\u00f4t nous pr\u00e9voyons de r\u00e9aliser un test comparatif de densit\u00e9s d\u2019amandier en haie, avec diff\u00e9rentes vari\u00e9t\u00e9s et mod\u00e8les. (Novalmendro en collaboration avec la RAEA et Agromillora).<\/p>\n<ul>\n<li>Test d\u2019adaptation de vari\u00e9t\u00e9s au syst\u00e8me en haie \u00e9troit (3,5 x 1,2 m)&nbsp;; avec formation sans axe et une taille m\u00e9canis\u00e9e et manuelle. Les vari\u00e9t\u00e9s \u00e0 comparer sont Soleta, Guara, Vayro, Constanti, Ferraduel et Avijor sur mod\u00e8le RP-20.<\/li>\n<li>Test d\u2019adaptation de vari\u00e9t\u00e9s et taille au syst\u00e8me en haie \u00e9troit (3,5 x 1,2 m)&nbsp;; avec formation en axe (avec Bambou) et une taille 100 % m\u00e9canique et 100 % manuelle. Les vari\u00e9t\u00e9s \u00e0 comparer sont Soleta, Guara, Vayro, Constanti, Ferraduel et Avijor sur mod\u00e8le&nbsp;&nbsp; RP-20.<\/li>\n<li>Test d\u2019adaptation de mod\u00e8les au syst\u00e8me en haie \u00e9troit (3,5 x 1,2 m)&nbsp;; avec formation sans axe et avec une taille 100 % m\u00e9canique. Les mod\u00e8les \u00e0 comparer sont RP-20, RP-40, RReplant, Tetra, Montizo, e Irta greffant Avijor.<\/li>\n<li>Test d\u2019adaptation de vari\u00e9t\u00e9s et taille au syst\u00e8me en haie \u00e9troit (3,5 x 1,2 m)&nbsp;; avec formation en axe (avec Bambou) et une taille 100 % m\u00e9canique et 100 % manuelle. Les mod\u00e8les \u00e0 comparer sont RP-20, RP-40, RReplant, Tetra, Montizo, e Irta greffant Avijor.<\/li>\n<li>Test comparatif de mod\u00e8les au syst\u00e8me en haie au cadre ample (5 x 2 m) et intensif (6 x 3 m)&nbsp;; vari\u00e9t\u00e9 Avijor sur RP-20, RP-40, et GF-677 avec formation en axe (avec Bambou) et en gobelet (avec Bambou).<\/li>\n<\/ul>\n<p>&nbsp;<\/p>\n<\/div><\/div>\n<p><img loading=\"lazy\" decoding=\"async\" class=\"alignright size-full wp-image-3963\" src=\"http:\/\/novalmendro.com\/wp-content\/uploads\/31_1.jpg\" alt=\"31_1\" height=\"216\" width=\"1000\" srcset=\"https:\/\/novalmendro.com\/wp-content\/uploads\/31_1.jpg 1000w, https:\/\/novalmendro.com\/wp-content\/uploads\/31_1-300x64.jpg 300w, https:\/\/novalmendro.com\/wp-content\/uploads\/31_1-55x11.jpg 55w, https:\/\/novalmendro.com\/wp-content\/uploads\/31_1-968x209.jpg 968w, https:\/\/novalmendro.com\/wp-content\/uploads\/31_1-636x137.jpg 636w, https:\/\/novalmendro.com\/wp-content\/uploads\/31_1-320x69.jpg 320w, https:\/\/novalmendro.com\/wp-content\/uploads\/31_1-239x51.jpg 239w\" sizes=\"auto, (max-width: 1000px) 100vw, 1000px\" \/><\/p>\n","protected":false},"excerpt":{"rendered":"<p>&nbsp; Chez Nolvalmendro comme chez Todolivo, l&rsquo;investigation, le d\u00e9veloppement, et l&rsquo;innovation font partie de notre identit\u00e9. Depuis des ann\u00e9es nous nous sommes engag\u00e9s dans l&rsquo;investigation de l&rsquo;Amandier en Haie. Notre experience, la recherche men\u00e9e et les excellents r\u00e9sultats obtenus par Todolivo en Oliveraie en Haie, nous ont servit comme base pour le d\u00e9veloppement de cette [&hellip;]<\/p>\n","protected":false},"author":1,"featured_media":0,"parent":4019,"menu_order":0,"comment_status":"closed","ping_status":"closed","template":"","meta":{"footnotes":""},"class_list":["post-4171","page","type-page","status-publish"],"_links":{"self":[{"href":"https:\/\/novalmendro.com\/fr\/wp-json\/wp\/v2\/pages\/4171","targetHints":{"allow":["GET"]}}],"collection":[{"href":"https:\/\/novalmendro.com\/fr\/wp-json\/wp\/v2\/pages"}],"about":[{"href":"https:\/\/novalmendro.com\/fr\/wp-json\/wp\/v2\/types\/page"}],"author":[{"embeddable":true,"href":"https:\/\/novalmendro.com\/fr\/wp-json\/wp\/v2\/users\/1"}],"replies":[{"embeddable":true,"href":"https:\/\/novalmendro.com\/fr\/wp-json\/wp\/v2\/comments?post=4171"}],"version-history":[{"count":2,"href":"https:\/\/novalmendro.com\/fr\/wp-json\/wp\/v2\/pages\/4171\/revisions"}],"predecessor-version":[{"id":8294,"href":"https:\/\/novalmendro.com\/fr\/wp-json\/wp\/v2\/pages\/4171\/revisions\/8294"}],"up":[{"embeddable":true,"href":"https:\/\/novalmendro.com\/fr\/wp-json\/wp\/v2\/pages\/4019"}],"wp:attachment":[{"href":"https:\/\/novalmendro.com\/fr\/wp-json\/wp\/v2\/media?parent=4171"}],"curies":[{"name":"wp","href":"https:\/\/api.w.org\/{rel}","templated":true}]}}