{"id":6841,"date":"2015-03-14T18:29:10","date_gmt":"2015-03-14T17:29:10","guid":{"rendered":"http:\/\/novalmendro.com\/?page_id=6841"},"modified":"2022-01-17T13:21:58","modified_gmt":"2022-01-17T11:21:58","slug":"politique-protection-vie-privee-cookies","status":"publish","type":"page","link":"https:\/\/novalmendro.com\/fr\/politique-protection-vie-privee-cookies\/","title":{"rendered":"Politique en mati\u00e8re de protection de la vie priv\u00e9e et Cookies"},"content":{"rendered":"<p><strong><span style=\"text-decoration: underline;\">AVIS L\u00c9GAL: Collecte des donn\u00e9es sur page web (LSSICE + LOPD)<\/span><\/strong><\/p>\n<p>En conformit\u00e9 avec les dispositions de la loi organique 15\/1999 du 13 D\u00e9cembre, de protection des donn\u00e9es \u00e0 caract\u00e8re personnel, nous vous informons qu&rsquo;en remplissant ce formulaire, vos donn\u00e9es personnelles seront stock\u00e9es et trait\u00e9es dans un fichier appartenant \u00e0 Todolivo SL afin de pouvoir traiter votre demande.<\/p>\n<p>\u00c9galement, \u00e0 moins que vous exprimez explicitement le contraire, vos donn\u00e9es pourront \u00eatre utilis\u00e9es pour vous maintenir inform\u00e9 des nouvelles et des nouveaut\u00e9s relatives \u00e0 vos services.<br \/>\n\u00c9galement, nous vous informons de la possibilit\u00e9 d&rsquo;exercer vos droits d&rsquo;acc\u00e8s, de rectification, d&rsquo;annulation et d&rsquo;opposition de vos donn\u00e9es \u00e0 caract\u00e8re personnel par courrier \u00e9lectronique \u00e0 joseignacio@todolivo.com ou en envoyant un courrier \u00e0 Todolivo SL, CORDOBA (CORDOBA) CP 14013, C\/ INGENIERO TORRES QUEBEDO, accompagn\u00e9e d&rsquo;une photocopie de votre Carte d&rsquo;Identit\u00e9.<\/p>\n<h1>Cookies<\/h1>\n<h2>Qu&rsquo;est-ce qu&rsquo;un cookie?<\/h2>\n<p>Un cookie est un petit fichier texte que les sites web sauvegardent sur votre ordinateur ou appareil mobile lorsque vous les consultez. Il permet \u00e0 ces sites de m\u00e9moriser vos actions et pr\u00e9f\u00e9rences (nom d&rsquo;utilisateur, langue, taille des caract\u00e8res et autres param\u00e8tres d&rsquo;affichage) pendant un temps donn\u00e9, pour que vous n&rsquo;ayez pas \u00e0 r\u00e9indiquer ces informations \u00e0 chaque fois vous consultez ces sites ou naviguez d&rsquo;une page \u00e0 une autre.<\/p>\n<h2>Comment utilisons-nous les cookies?<\/h2>\n<p>Certaines de nos pages utilisent des cookies afin de m\u00e9moriser:<\/p>\n<ul>\n<li>vos pr\u00e9f\u00e9rences d&rsquo;affichage, comme le contraste et la taille des caract\u00e8res;<\/li>\n<li>si vous avez d\u00e9j\u00e0 r\u00e9pondu \u00e0 une enqu\u00eate vous demandant si le contenu vous a \u00e9t\u00e9 utile (la question ne vous sera ainsi pos\u00e9e qu&rsquo;une fois);<\/li>\n<li>si vous avez accept\u00e9 que nous utilisions des cookies sur ce site.<\/li>\n<\/ul>\n<p>En outre, certaines vid\u00e9os pr\u00e9sent\u00e9es sur nos pages utilisent des cookies pour recueillir des statistiques anonymes indiquant comment vous \u00eates arriv\u00e9 sur la page et quelles vid\u00e9os vous avez vues.<\/p>\n<p>Ces cookies ne sont pas indispensables au fonctionnement du site, mais ils facilitent votre navigation. Vous pouvez les bloquer ou les supprimer, mais vous risquez alors d&#8217;emp\u00eacher le bon fonctionnement de certains \u00e9l\u00e9ments du site.<\/p>\n<p>Les informations contenues dans les cookies ne visent pas \u00e0 vous identifier personnellement et nous en contr\u00f4lons pleinement les donn\u00e9es. Ces cookies ne sont jamais utilis\u00e9s \u00e0 d&rsquo;autres fins que celles indiqu\u00e9es ici.<\/p>\n<p>Les cookies que nous utilisons sont les suivants:<\/p>\n<table>\n<tbody>\n<tr>\n<td style=\"text-align: center;\" colspan=\"4\">Cookies personnels<\/td>\n<\/tr>\n<tr>\n<th>Entit\u00e9 utilisant des cookies<\/th>\n<th>Cookies<\/th>\n<th>Objectif<\/th>\n<th>Dur\u00e9e<\/th>\n<\/tr>\n<tr>\n<td style=\"border: 1px solid #000; padding: 7px;\">Le propri\u00e9taire de ce site web<\/td>\n<td style=\"border: 1px solid #000; padding: 7px;\">_fbp<\/td>\n<td style=\"border: 1px solid #000; padding: 7px;\">Stocker et suivre les visites sur le site web<\/td>\n<td style=\"border: 1px solid #000; padding: 7px;\">3 mois<\/td>\n<\/tr>\n<tr>\n<td style=\"border: 1px solid #000; padding: 7px;\">Le propri\u00e9taire de ce site web<\/td>\n<td style=\"border: 1px solid #000; padding: 7px;\">_gat_gtag<\/td>\n<td style=\"border: 1px solid #000; padding: 7px;\">Permet de limiter le pourcentage de demandes.<\/td>\n<td style=\"border: 1px solid #000; padding: 7px;\">1 minute<\/td>\n<\/tr>\n<tr>\n<td style=\"border: 1px solid #000; padding: 7px;\">Le propri\u00e9taire de ce site web<\/td>\n<td style=\"border: 1px solid #000; padding: 7px;\">_ga<\/td>\n<td style=\"border: 1px solid #000; padding: 7px;\">Utilis\u00e9 pour distinguer les utilisateurs<\/td>\n<td style=\"border: 1px solid #000; padding: 7px;\">2 ann\u00e9es<\/td>\n<\/tr>\n<tr>\n<td style=\"border: 1px solid #000; padding: 7px;\">Le propri\u00e9taire de ce site web<\/td>\n<td style=\"border: 1px solid #000; padding: 7px;\">_gid<\/td>\n<td style=\"border: 1px solid #000; padding: 7px;\">Utilis\u00e9 pour distinguer les utilisateurs<\/td>\n<td style=\"border: 1px solid #000; padding: 7px;\">24 heures<\/td>\n<\/tr>\n<tr>\n<td style=\"border: 1px solid #000; padding: 7px;\">Le propri\u00e9taire de ce site web<\/td>\n<td style=\"border: 1px solid #000; padding: 7px;\">wpml_browser_redirect_test<\/td>\n<td style=\"border: 1px solid #000; padding: 7px;\">V\u00e9rifiez si les cookies sont activ\u00e9s<\/td>\n<td style=\"border: 1px solid #000; padding: 7px;\">Session<\/td>\n<\/tr>\n<tr>\n<td style=\"border: 1px solid #000; padding: 7px;\">Le propri\u00e9taire de ce site web<\/td>\n<td style=\"border: 1px solid #000; padding: 7px;\">g1_preheader_open_on_startup<\/td>\n<td style=\"border: 1px solid #000; padding: 7px;\">Ce cookie est utilis\u00e9 par le domaine lui-m\u00eame pour g\u00e9rer l&rsquo;apparence du site web pour chaque session d&rsquo;utilisateur.<\/td>\n<td style=\"border: 1px solid #000; padding: 7px;\">Session<\/td>\n<\/tr>\n<tr>\n<td style=\"border: 1px solid #000; padding: 7px;\">Le propri\u00e9taire de ce site web<\/td>\n<td style=\"border: 1px solid #000; padding: 7px;\">_icl_visitor_lang_js<\/td>\n<td style=\"border: 1px solid #000; padding: 7px;\">Stocke et redirige la langue<\/td>\n<td style=\"border: 1px solid #000; padding: 7px;\">Session<\/td>\n<\/tr>\n<\/tbody>\n<\/table>\n<p>&nbsp;<\/p>\n<p>&nbsp;<\/p>\n<table>\n<tbody>\n<tr>\n<td style=\"text-align: center;\" colspan=\"3\">Cookies de tiers<\/td>\n<\/tr>\n<tr>\n<th>Entit\u00e9 utilisant des cookies<\/th>\n<th>Objectif<\/th>\n<th>Plus d&rsquo;informations<\/th>\n<\/tr>\n<tr>\n<td style=\"border: 1px solid #000; padding: 7px;\">Google Analytics<\/td>\n<td style=\"border: 1px solid #000; padding: 7px;\">Collecter des informations sur la navigation des utilisateurs sur le site afin de conna\u00eetre l&rsquo;origine des visites et d&rsquo;autres donn\u00e9es statistiques similaires.<\/td>\n<td style=\"border: 1px solid #000; padding: 7px;\"><a href=\"https:\/\/developers.google.com\/analytics\/devguides\/collection\/analyticsjs\/cookie-usage\">Google Analytics<\/a><br \/>\n<a href=\"https:\/\/policies.google.com\/privacy?hl=es\">Centre de confidentialit\u00e9 de Google<\/a><\/td>\n<\/tr>\n<\/tbody>\n<\/table>\n<h2>Utilisons-nous d&rsquo;autres cookies?<\/h2>\n<p>Certaines pages ou sous-sites utilisent d&rsquo;autres cookies que ceux d\u00e9crits ici. Dans ce cas, ces cookies sont d\u00e9crits dans un avis sp\u00e9cifique. Il est possible que vous deviez donner votre accord pour qu&rsquo;ils soient stock\u00e9s.<\/p>\n<h2>Comment contr\u00f4ler les cookies<\/h2>\n<p>Vous pouvez contr\u00f4ler et\/ou supprimer des cookies comme vous le souhaitez. Pour en savoir plus, consultez <a href=\"http:\/\/aboutcookies.org\" target=\"_blank\" rel=\"noopener noreferrer\">aboutcookies.org<\/a>. Vous avez la possibilit\u00e9 de supprimer tous les cookies d\u00e9j\u00e0 stock\u00e9s sur votre ordinateur et de configurer la plupart des navigateurs pour qu&rsquo;ils les bloquent. Toutefois, dans ce cas, vous devrez peut-\u00eatre indiquer vous-m\u00eames certaines pr\u00e9f\u00e9rences chaque fois que vous vous rendrez sur un site, et certains services et fonctionnalit\u00e9s risquent de ne pas \u00eatre accessibles.<\/p>\n<h1>Politique en mati\u00e8re de protection de la vie priv\u00e9e<\/h1>\n<h2>Protection des donn\u00e9es \u00e0 caract\u00e8re personnel<\/h2>\n<p>Todolivo est attach\u00e9e au respect de la vie priv\u00e9e.<\/p>\n<p>La politique en mati\u00e8re de protection des personnes physiques \u00e0 l\u2019\u00e9gard du traitement des donn\u00e9es \u00e0 caract\u00e8re personnel par Todolivo se fonde sur le R\u00e8glement communautaire n \u00b0 2016\/679 du 27 avril 2016 (RGPD) relatif \u00e0 la protection des personnes physiques \u00e0 l\u2019\u00e9gard du traitement des donn\u00e9es \u00e0 caract\u00e8re personnel.<\/p>\n<p>Cette politique g\u00e9n\u00e9rale concerne les sites web des institutions de Todolivo au sein du domaine \u00abtodolivo.com\u00bb. Bien qu\u2019il soit possible de parcourir la plupart des sites web sans fournir aucune information personnelle, ce type d\u2019informations est parfois n\u00e9cessaire pour obtenir les services en ligne souhait\u00e9s. Les sites web qui exigent ces informations les traitent conform\u00e9ment \u00e0 la politique d\u00e9crite dans le r\u00e8glement pr\u00e9cit\u00e9 et publient une d\u00e9claration sp\u00e9cifique sur la protection de la vie priv\u00e9e d\u00e9crivant comment ces donn\u00e9es sont utilis\u00e9es.<\/p>\n<p>Les sites web des institutions de Todolivo au sein du domaine todolivo.com fournissent des liens vers des sites externes. \u00c9tant donn\u00e9 que nous ne les contr\u00f4lons pas, nous vous invitons \u00e0 v\u00e9rifier leur politique en mati\u00e8re de respect de la vie priv\u00e9e.<\/p>\n<h3>Qu\u2019est-ce qu\u2019un service en ligne?<\/h3>\n<p>Un service en ligne sur Todolivo est un service ou une ressource accessible sur internet afin d&rsquo;am\u00e9liorer la communication entre les citoyens et les entreprises, d\u2019une part, et Todolivo, d\u2019autre part.<\/p>\n<p>Deux types de services en ligne sont ou seront propos\u00e9s par Todolivo:<\/p>\n<ol>\n<li>des services d\u2019information, am\u00e9liorant ainsi la compr\u00e9hension des activit\u00e9s de Todolivo;<\/li>\n<li>des services de communication interactifs, qui permettent un meilleur contact avec les citoyens, les entreprises, et facilitant ainsi les consultations et les m\u00e9canismes de retour d\u2019information.<\/li>\n<\/ol>\n<h2>Quel traitement r\u00e9servons-nous \u00e0 vos courriels?<\/h2>\n<p>Sur de nombreuses pages web Todolivo figure un bouton \u00abContact\u00bb, qui active votre logiciel de courrier \u00e9lectronique et vous invite \u00e0 envoyer vos observations \u00e0 une bo\u00eete fonctionnelle sp\u00e9cifique.<\/p>\n<p>Lorsque vous envoyez un message de ce type, vos donn\u00e9es personnelles ne sont enregistr\u00e9es que dans la mesure n\u00e9cessaire pour vous r\u00e9pondre. Si l\u2019\u00e9quipe responsable de la bo\u00eete fonctionnelle ne peut pas vous fournir de r\u00e9ponse, elle transmet votre message \u00e0 un autre service. Un courriel vous est alors adress\u00e9, pour vous indiquer \u00e0 quel service votre message a \u00e9t\u00e9 transmis.<\/p>\n<p>Si vous avez la moindre question sur le traitement r\u00e9serv\u00e9 \u00e0 vos courriels ou \u00e0 vos donn\u00e9es \u00e0 caract\u00e8re personnel, n\u2019h\u00e9sitez pas \u00e0 l\u2019inclure dans votre message.<\/p>\n","protected":false},"excerpt":{"rendered":"<p>AVIS L\u00c9GAL: Collecte des donn\u00e9es sur page web (LSSICE + LOPD) En conformit\u00e9 avec les dispositions de la loi organique 15\/1999 du 13 D\u00e9cembre, de protection des donn\u00e9es \u00e0 caract\u00e8re personnel, nous vous informons qu&rsquo;en remplissant ce formulaire, vos donn\u00e9es personnelles seront stock\u00e9es et trait\u00e9es dans un fichier appartenant \u00e0 Todolivo SL afin de pouvoir [&hellip;]<\/p>\n","protected":false},"author":1,"featured_media":0,"parent":0,"menu_order":0,"comment_status":"closed","ping_status":"closed","template":"","meta":{"footnotes":""},"class_list":["post-6841","page","type-page","status-publish"],"_links":{"self":[{"href":"https:\/\/novalmendro.com\/fr\/wp-json\/wp\/v2\/pages\/6841","targetHints":{"allow":["GET"]}}],"collection":[{"href":"https:\/\/novalmendro.com\/fr\/wp-json\/wp\/v2\/pages"}],"about":[{"href":"https:\/\/novalmendro.com\/fr\/wp-json\/wp\/v2\/types\/page"}],"author":[{"embeddable":true,"href":"https:\/\/novalmendro.com\/fr\/wp-json\/wp\/v2\/users\/1"}],"replies":[{"embeddable":true,"href":"https:\/\/novalmendro.com\/fr\/wp-json\/wp\/v2\/comments?post=6841"}],"version-history":[{"count":3,"href":"https:\/\/novalmendro.com\/fr\/wp-json\/wp\/v2\/pages\/6841\/revisions"}],"predecessor-version":[{"id":13542,"href":"https:\/\/novalmendro.com\/fr\/wp-json\/wp\/v2\/pages\/6841\/revisions\/13542"}],"wp:attachment":[{"href":"https:\/\/novalmendro.com\/fr\/wp-json\/wp\/v2\/media?parent=6841"}],"curies":[{"name":"wp","href":"https:\/\/api.w.org\/{rel}","templated":true}]}}