{"id":9623,"date":"2015-08-03T21:20:03","date_gmt":"2015-08-03T20:20:03","guid":{"rendered":"http:\/\/novalmendro.com\/it\/?page_id=9623"},"modified":"2015-08-03T21:22:21","modified_gmt":"2015-08-03T20:22:21","slug":"rsi-novalmendro","status":"publish","type":"page","link":"https:\/\/novalmendro.com\/it\/mandorlo\/rsi-novalmendro\/","title":{"rendered":"R+S+I Novalmendro"},"content":{"rendered":"<p><img loading=\"lazy\" decoding=\"async\" class=\" size-full wp-image-3959 aligncenter\" src=\"http:\/\/novalmendro.com\/wp-content\/uploads\/30_1.jpg\" alt=\"30_1\" width=\"1000\" height=\"327\" srcset=\"https:\/\/novalmendro.com\/wp-content\/uploads\/30_1.jpg 1000w, https:\/\/novalmendro.com\/wp-content\/uploads\/30_1-300x98.jpg 300w, https:\/\/novalmendro.com\/wp-content\/uploads\/30_1-55x17.jpg 55w, https:\/\/novalmendro.com\/wp-content\/uploads\/30_1-968x316.jpg 968w, https:\/\/novalmendro.com\/wp-content\/uploads\/30_1-636x207.jpg 636w, https:\/\/novalmendro.com\/wp-content\/uploads\/30_1-320x104.jpg 320w, https:\/\/novalmendro.com\/wp-content\/uploads\/30_1-239x78.jpg 239w\" sizes=\"auto, (max-width: 1000px) 100vw, 1000px\" \/><\/p>\n<p>&nbsp;<\/p>\n<span id=\"g1-space-1\" class=\"g1-space \" style=\"margin-top:-10px;\"><\/span>\n<p>Sia in\u00a0 Novalmendro sia in Todolivo, la R+S+I fa parte delle nostre caratteristiche identificative. Da anni\u00a0 svolgiamo un lavoro di ricerca sul mandorlo tipo siepe. La nostra esperienza, la ricerca portata avanti e gli eccellenti risultati ottenuti da Todolivo nel Sistema Oliveti tipo Siepe, sono stati utili come base per lo sviluppo di questo vantaggioso tipo di coltivazione. Le ultime prove sul mandorlo realizzate dalla nostra impresa sono le seguenti:<\/p>\n<span id=\"g1-space-2\" class=\"g1-space \" style=\"height:20px;\"><\/span>\n<h3>Le ultime prove:<\/h3>\n<ul class=\"g1-grid\"><li class=\"g1-column g1-one-half g1-valign-top\">\n<div id=\"g1-box-counter-1\" class=\"g1-box g1-box--simple  g1-box--noicon\" ><div class=\"g1-box__inner\">\n<p><strong>Prova mandorlo tipo siepe<\/strong> (Ottobre del 2013)<br \/>\nSesto d\u2019impianto: 5x 1,5 m<br \/>\nVariet\u00e0 : Guara\u00ae injertada en RP-20<br \/>\nLocalit\u00e0: Lora del R\u00edo (Siviglia)<\/p>\n<\/div><\/div>\n<div id=\"g1-box-counter-2\" class=\"g1-box g1-box--simple  g1-box--noicon\" ><div class=\"g1-box__inner\">\n<p><strong>Prova di densit\u00e0 impianto<\/strong> (distanza piante tra i filari e nei filari)(Marzo del 2014)<br \/>\nSesto d\u2019impianto: 5x 2 m ; 5\u00d71,5 m; 4x 1,25<br \/>\nVariet\u00e0: Guara\u00ae injertada en RP-20<br \/>\nLocalit\u00e0: : Pedro Abad (Santa Mar\u00eda) e Andujar (Ja\u00e9n)<\/p>\n<\/div><\/div>\n<div align=\"center\"><a class=\"boton\" href=\"http:\/\/novalmendro.com\/it\/chiedere-maggiori-informazioni\/\" target=\"new\"><img loading=\"lazy\" decoding=\"async\" class=\"alignleft wp-image-6678\" style=\"margin-top: -12px;\" src=\"https:\/\/novalmendro.com\/wp-content\/uploads\/boton-info.png\" alt=\"boton info\" width=\"50\" height=\"48\" srcset=\"https:\/\/novalmendro.com\/wp-content\/uploads\/boton-info.png 60w, https:\/\/novalmendro.com\/wp-content\/uploads\/boton-info-55x53.png 55w\" sizes=\"auto, (max-width: 50px) 100vw, 50px\" \/><span style=\"color: #ffffff;\">Chiedere maggiori informazioni<\/span><\/a><\/div>\n<\/li><!-- -->\n<li class=\"g1-column g1-one-half g1-valign-top\">\n<div id=\"g1-box-counter-3\" class=\"g1-box g1-box--simple  g1-box--noicon\" ><div class=\"g1-box__inner\">\n<p><strong>Prova delle variet\u00e0 di Mandorlo<\/strong> (Marzo 2014)<br \/>\nSesto d\u2019impianto: : 5 x1,25 m<br \/>\nVariet\u00e0: Guara\u00ae, Avijor y Soleta\u00ae innestata su RP-20<br \/>\nLocalit\u00e0: Pedro Abad (Cruz de los Huertos 1) C\u00f3rdoba<\/p>\n<\/div><\/div>\n<div id=\"g1-box-counter-4\" class=\"g1-box g1-box--simple  g1-box--noicon\" ><div class=\"g1-box__inner\">\n<p><strong>Prova di potatura di formazione<\/strong> (Giugno 2014)<br \/>\nFormazione monocono senza potatura laterale, formazione monocono con potatura laterale, topping graduale senza potatura laterale e topping graduale con potatura laterale.<br \/>\nSesto d\u2019impianto: 5 x1,25 m<br \/>\nVariet\u00e0 : Guara\u00ae, Avijor y Soleta\u00ae injertadas en RP-20<br \/>\nLocalit\u00e0: Pedro Abad. C\u00f3rdoba<\/p>\n<\/div><\/div>\n<\/li><!-- --><\/ul>\n<span id=\"g1-space-3\" class=\"g1-space \" style=\"height:25px;\"><\/span>\n<div id=\"g1-box-counter-5\" class=\"g1-box g1-box--simple  g1-box--icon\" ><i class=\"fa fa-flask g1-box__icon\"><\/i><div class=\"g1-box__inner\">\n<h3>Prossima prova<\/h3>\n<p>A breve pensiamo di realizzare una prova comparata di densit\u00e0 di mandorlo tipo siepe, con differenti variet\u00e0 di<br \/>\nPortinnesti (Novalmendro in collaborazione con la RAEA e Agromillora).<\/p>\n<ul>\n<li>Prova capacit\u00e0\u00a0 di adattamento delle variet\u00e0 al sistema tipo siepe stretto (3,5&#215;1,2m); con formazione senza asse e con potatura meccanica e manuale. Le variet\u00e0 oggetto del confronto sono : Soleta, Guara, Vayro, Constanti, Ferraduel e Avijor su portinnesto RP-20.<\/li>\n<li>Prova capacit\u00e0 di adattamento delle variet\u00e0 e potatura del sistema tipo siepe stretto ( 3,5 x 1,2m), con formazione\u00a0 in asse (con bamb\u00f9) e potatura 100% meccanica e 100% manuale. Le variet\u00e0 oggetto del confronto sono: Soleta, Guara, Vayro, Constanti, Ferraduel e Avijor su portinnesti RP-20.<\/li>\n<li>Prova capacit\u00e0\u00a0 di adattamento dei portinnesti\u00a0 al sistema tipo siepe stretto (3,5&#215;1,2m); con formazione senza asse e con potatura 100% meccanica. I portinnesti oggetto del confronto sono :<br \/>\nRP-20, RP-40, RReplant, Tetra, Montizo, e Irta innestando Avijor.<\/li>\n<li>Prova capacit\u00e0 di adattamento delle variet\u00e0 e potatura del sistema tipo siepe stretto ( 3,5 x 1,2m), con formazione in asse ( con bamb\u00f9) e potatura 100% meccanica e 100% manuale. I portinnesti oggetto del confronto sono: RP-20, RP-40, RReplant, Tetra, Montizo, e Irta innestando Avijor.<\/li>\n<li>Prova comparata di portinnesti nel sistema tipo siepe con sesto d\u2019impianto ampio (5x2m) e Intensivo (6&#215;3); variet\u00e0 Avijor sopra RP-20, RP-40 e GF-677 con formazione in asse (con bamb\u00fa) e a forma \u201ca vaso\u201d (con bamb\u00fa).<\/li>\n<\/ul>\n<\/div><\/div>\n<p><img loading=\"lazy\" decoding=\"async\" class=\"alignright size-full wp-image-3963\" src=\"http:\/\/novalmendro.com\/wp-content\/uploads\/31_1.jpg\" alt=\"31_1\" width=\"1000\" height=\"216\" srcset=\"https:\/\/novalmendro.com\/wp-content\/uploads\/31_1.jpg 1000w, https:\/\/novalmendro.com\/wp-content\/uploads\/31_1-300x64.jpg 300w, https:\/\/novalmendro.com\/wp-content\/uploads\/31_1-55x11.jpg 55w, https:\/\/novalmendro.com\/wp-content\/uploads\/31_1-968x209.jpg 968w, https:\/\/novalmendro.com\/wp-content\/uploads\/31_1-636x137.jpg 636w, https:\/\/novalmendro.com\/wp-content\/uploads\/31_1-320x69.jpg 320w, https:\/\/novalmendro.com\/wp-content\/uploads\/31_1-239x51.jpg 239w\" sizes=\"auto, (max-width: 1000px) 100vw, 1000px\" \/><\/p>\n","protected":false},"excerpt":{"rendered":"<p>&nbsp; Sia in\u00a0 Novalmendro sia in Todolivo, la R+S+I fa parte delle nostre caratteristiche identificative. Da anni\u00a0 svolgiamo un lavoro di ricerca sul mandorlo tipo siepe. La nostra esperienza, la ricerca portata avanti e gli eccellenti risultati ottenuti da Todolivo nel Sistema Oliveti tipo Siepe, sono stati utili come base per lo sviluppo di questo [&hellip;]<\/p>\n","protected":false},"author":1,"featured_media":0,"parent":9607,"menu_order":0,"comment_status":"closed","ping_status":"closed","template":"","meta":{"footnotes":""},"class_list":["post-9623","page","type-page","status-publish"],"_links":{"self":[{"href":"https:\/\/novalmendro.com\/it\/wp-json\/wp\/v2\/pages\/9623","targetHints":{"allow":["GET"]}}],"collection":[{"href":"https:\/\/novalmendro.com\/it\/wp-json\/wp\/v2\/pages"}],"about":[{"href":"https:\/\/novalmendro.com\/it\/wp-json\/wp\/v2\/types\/page"}],"author":[{"embeddable":true,"href":"https:\/\/novalmendro.com\/it\/wp-json\/wp\/v2\/users\/1"}],"replies":[{"embeddable":true,"href":"https:\/\/novalmendro.com\/it\/wp-json\/wp\/v2\/comments?post=9623"}],"version-history":[{"count":2,"href":"https:\/\/novalmendro.com\/it\/wp-json\/wp\/v2\/pages\/9623\/revisions"}],"predecessor-version":[{"id":9626,"href":"https:\/\/novalmendro.com\/it\/wp-json\/wp\/v2\/pages\/9623\/revisions\/9626"}],"up":[{"embeddable":true,"href":"https:\/\/novalmendro.com\/it\/wp-json\/wp\/v2\/pages\/9607"}],"wp:attachment":[{"href":"https:\/\/novalmendro.com\/it\/wp-json\/wp\/v2\/media?parent=9623"}],"curies":[{"name":"wp","href":"https:\/\/api.w.org\/{rel}","templated":true}]}}