{"id":9625,"date":"2015-08-03T21:26:41","date_gmt":"2015-08-03T20:26:41","guid":{"rendered":"http:\/\/novalmendro.com\/it\/?page_id=9625"},"modified":"2016-02-22T11:19:03","modified_gmt":"2016-02-22T10:19:03","slug":"varieta-di-mandorlo","status":"publish","type":"page","link":"https:\/\/novalmendro.com\/it\/mandorlo\/varieta-di-mandorlo\/","title":{"rendered":"Variet\u00e0 di Mandorlo"},"content":{"rendered":"<p><img loading=\"lazy\" decoding=\"async\" class=\"alignright size-full wp-image-11650\" src=\"http:\/\/novalmendro.com\/wp-content\/uploads\/16_1_it.jpg\" alt=\"16_1_it\" width=\"450\" height=\"398\" srcset=\"https:\/\/novalmendro.com\/wp-content\/uploads\/16_1_it.jpg 450w, https:\/\/novalmendro.com\/wp-content\/uploads\/16_1_it-300x265.jpg 300w, https:\/\/novalmendro.com\/wp-content\/uploads\/16_1_it-320x283.jpg 320w, https:\/\/novalmendro.com\/wp-content\/uploads\/16_1_it-239x211.jpg 239w\" sizes=\"auto, (max-width: 450px) 100vw, 450px\" \/>\u00a0<strong>Noi di Novalmendro, <\/strong>disponiamo di molteplici variet\u00e0 di mandorlo. Tra queste spiccano per le coltivazioni<strong> tipo siepe<\/strong>;<\/p>\n<p>Avijor\u00ae Soleta\u00ae Guara\u00ae Belona\u00ae<br \/>\nGrazie alla loro <strong>precocit\u00e0, produttivit\u00e0, autofertilit\u00e0, fioritura tardiva e qualit\u00e0 del seme<\/strong> (mandorla) le seguenti;<\/p>\n<p><strong>Per gli impianti intensivi<\/strong> utilizziamo altre come\u00a0 Marinada, Vairo, Constant\u00ed del IRTA, Marta e Anto\u00f1eta di CEBAS. Tutte queste sono autofertili e di fioritura tardiva.<\/p>\n<p>Tutte le nostre variet\u00e0 provengono da una meticolosa selezione genetica e presentano un\u2019<strong>eccellente\u00a0 omogeneit\u00e0 e produttivit\u00e0<\/strong>.<\/p>\n<p>Le nostre piante godono di ottima salute, dovuto al fatto che sono sottoposte a rigorosi controlli sanitari. Tutte possiedono il rispettivo \u201c<strong>Certificato Sanitario<\/strong>\u201d.<\/p>\n<p>Le nostre variet\u00e0, sono innestate sopra differenti portinnesti nanizzanti ((Rootpac 20 il pi\u00f9 utilizzato nel sistema tipo siepe).<\/p>\n<div id=\"g1-divider-1\" class=\"g1-divider g1-divider--none g1-divider--noicon \"><\/div>\n<span id=\"g1-space-1\" class=\"g1-space \" style=\"margin-top:-15px;\"><\/span>\n<table border=\"0\" width=\"100%\">\n<tbody>\n<tr>\n<td width=\"128\"><a href=\"http:\/\/novalmendro.com\/it\/mandorlo\/varieta-di-mandorlo\/avijor\/\"><img loading=\"lazy\" decoding=\"async\" class=\"aligncenter wp-image-7838\" src=\"https:\/\/novalmendro.com\/wp-content\/uploads\/\/VariedadesAlmendro_Laurane-150x150.jpg\" alt=\"VariedadesAlmendro_Avijor\u00ae\" width=\"125\" height=\"125\" srcset=\"https:\/\/novalmendro.com\/wp-content\/uploads\/VariedadesAlmendro_Laurane-150x150.jpg 150w, https:\/\/novalmendro.com\/wp-content\/uploads\/VariedadesAlmendro_Laurane-55x55.jpg 55w, https:\/\/novalmendro.com\/wp-content\/uploads\/VariedadesAlmendro_Laurane-239x239.jpg 239w, https:\/\/novalmendro.com\/wp-content\/uploads\/VariedadesAlmendro_Laurane.jpg 256w\" sizes=\"auto, (max-width: 125px) 100vw, 125px\" \/><\/a><\/td>\n<td width=\"128\"><a href=\"http:\/\/novalmendro.com\/it\/mandorlo\/varieta-di-mandorlo\/soleta\/\"><img loading=\"lazy\" decoding=\"async\" class=\"aligncenter wp-image-7832\" src=\"https:\/\/novalmendro.com\/wp-content\/uploads\/\/VariedadesAlmendro_Soleta-150x150.jpg\" alt=\"VariedadesAlmendro_Soleta\" width=\"125\" height=\"120\" srcset=\"https:\/\/novalmendro.com\/wp-content\/uploads\/VariedadesAlmendro_Soleta-55x53.jpg 55w, https:\/\/novalmendro.com\/wp-content\/uploads\/VariedadesAlmendro_Soleta-239x230.jpg 239w, https:\/\/novalmendro.com\/wp-content\/uploads\/VariedadesAlmendro_Soleta.jpg 266w\" sizes=\"auto, (max-width: 125px) 100vw, 125px\" \/><\/a><\/td>\n<td width=\"128\"><a href=\"http:\/\/novalmendro.com\/it\/mandorlo\/varieta-di-mandorlo\/guara\/\"><img loading=\"lazy\" decoding=\"async\" class=\"aligncenter wp-image-7836\" src=\"https:\/\/novalmendro.com\/wp-content\/uploads\/\/VariedadesAlmendro_Guara-150x150.jpg\" alt=\"VariedadesAlmendro_Guara\" width=\"125\" height=\"122\" srcset=\"https:\/\/novalmendro.com\/wp-content\/uploads\/VariedadesAlmendro_Guara-55x55.jpg 55w, https:\/\/novalmendro.com\/wp-content\/uploads\/VariedadesAlmendro_Guara-239x233.jpg 239w, https:\/\/novalmendro.com\/wp-content\/uploads\/VariedadesAlmendro_Guara.jpg 263w\" sizes=\"auto, (max-width: 125px) 100vw, 125px\" \/><\/a><\/td>\n<td width=\"128\"><a href=\"http:\/\/novalmendro.com\/it\/mandorlo\/varieta-di-mandorlo\/belona\/\"><img loading=\"lazy\" decoding=\"async\" class=\"aligncenter wp-image-7834\" src=\"https:\/\/novalmendro.com\/wp-content\/uploads\/\/VariedadesAlmendro_Belona-150x150.jpg\" alt=\"VariedadesAlmendro_Belona\" width=\"125\" height=\"122\" srcset=\"https:\/\/novalmendro.com\/wp-content\/uploads\/VariedadesAlmendro_Belona-55x55.jpg 55w, https:\/\/novalmendro.com\/wp-content\/uploads\/VariedadesAlmendro_Belona-239x234.jpg 239w, https:\/\/novalmendro.com\/wp-content\/uploads\/VariedadesAlmendro_Belona.jpg 262w\" sizes=\"auto, (max-width: 125px) 100vw, 125px\" \/><\/a><\/td>\n<\/tr>\n<tr>\n<td style=\"text-align: center;\" width=\"128\"><strong><a title=\"Avijor\u00ae - Todolivo\" href=\"http:\/\/novalmendro.com\/it\/mandorlo\/varieta-di-mandorlo\/avijor\/\">Avijor\u00ae<\/a><\/strong><\/td>\n<td style=\"text-align: center;\" width=\"128\"><a title=\"Soleta\u00ae - Todolivo\" href=\"http:\/\/novalmendro.com\/it\/mandorlo\/varieta-di-mandorlo\/soleta\/\"><strong>Soleta\u00ae<\/strong><\/a><\/td>\n<td style=\"text-align: center;\" width=\"128\"><strong><a title=\"Guara\u00ae - Todolivo\" href=\"http:\/\/novalmendro.com\/it\/mandorlo\/varieta-di-mandorlo\/guara\/\">Guara\u00ae<\/a><\/strong><\/td>\n<td style=\"text-align: center;\" width=\"128\"><strong><a title=\"Belona\u00ae - Todolivo\" href=\"http:\/\/novalmendro.com\/it\/mandorlo\/varieta-di-mandorlo\/belona\/\">Belona\u00ae<\/a><\/strong><\/td>\n<\/tr>\n<\/tbody>\n<\/table>\n<div id=\"g1-divider-2\" class=\"g1-divider g1-divider--none g1-divider--noicon \"><\/div>\n<ul class=\"g1-grid\"><li class=\"g1-column g1-one-half g1-valign-top\">\n<style type=\"text\/css\" scoped=\"scoped\">#g1-button-1.g1-button {color: #000000; border-color: #0caf00;}<\/style><a id=\"g1-button-1\" class=\"g1-button g1-button--medium g1-button--simple g1-button--simple \" href=\"http:\/\/novalmendro.com\/otros-cultivos\/almendro\/comparativa-entre-variedades\/\" ><i class=\"fa fa-info-circle\"><\/i>Vedere confronto delle variet\u00e0<\/a>\n<\/li><!-- -->\n<li class=\"g1-column g1-one-half g1-valign-top\">\n<div align=\"center\"><a class=\"boton\" href=\"http:\/\/novalmendro.com\/it\/chiedere-maggiori-informazioni\/\" target=\"new\"><img loading=\"lazy\" decoding=\"async\" class=\"alignleft wp-image-6678\" style=\"margin-top: -12px;\" src=\"https:\/\/novalmendro.com\/wp-content\/uploads\/boton-info.png\" alt=\"boton info\" width=\"50\" height=\"48\" srcset=\"https:\/\/novalmendro.com\/wp-content\/uploads\/boton-info.png 60w, https:\/\/novalmendro.com\/wp-content\/uploads\/boton-info-55x53.png 55w\" sizes=\"auto, (max-width: 50px) 100vw, 50px\" \/><span style=\"color: #ffffff;\">Chiedere maggiori informazioni<\/span><\/a><\/div>\n<\/li><!-- --><\/ul>\n","protected":false},"excerpt":{"rendered":"<p>\u00a0Noi di Novalmendro, disponiamo di molteplici variet\u00e0 di mandorlo. Tra queste spiccano per le coltivazioni tipo siepe; Avijor\u00ae Soleta\u00ae Guara\u00ae Belona\u00ae Grazie alla loro precocit\u00e0, produttivit\u00e0, autofertilit\u00e0, fioritura tardiva e qualit\u00e0 del seme (mandorla) le seguenti; Per gli impianti intensivi utilizziamo altre come\u00a0 Marinada, Vairo, Constant\u00ed del IRTA, Marta e Anto\u00f1eta di CEBAS. Tutte queste [&hellip;]<\/p>\n","protected":false},"author":1,"featured_media":0,"parent":9607,"menu_order":0,"comment_status":"closed","ping_status":"closed","template":"","meta":{"footnotes":""},"class_list":["post-9625","page","type-page","status-publish"],"_links":{"self":[{"href":"https:\/\/novalmendro.com\/it\/wp-json\/wp\/v2\/pages\/9625","targetHints":{"allow":["GET"]}}],"collection":[{"href":"https:\/\/novalmendro.com\/it\/wp-json\/wp\/v2\/pages"}],"about":[{"href":"https:\/\/novalmendro.com\/it\/wp-json\/wp\/v2\/types\/page"}],"author":[{"embeddable":true,"href":"https:\/\/novalmendro.com\/it\/wp-json\/wp\/v2\/users\/1"}],"replies":[{"embeddable":true,"href":"https:\/\/novalmendro.com\/it\/wp-json\/wp\/v2\/comments?post=9625"}],"version-history":[{"count":5,"href":"https:\/\/novalmendro.com\/it\/wp-json\/wp\/v2\/pages\/9625\/revisions"}],"predecessor-version":[{"id":12440,"href":"https:\/\/novalmendro.com\/it\/wp-json\/wp\/v2\/pages\/9625\/revisions\/12440"}],"up":[{"embeddable":true,"href":"https:\/\/novalmendro.com\/it\/wp-json\/wp\/v2\/pages\/9607"}],"wp:attachment":[{"href":"https:\/\/novalmendro.com\/it\/wp-json\/wp\/v2\/media?parent=9625"}],"curies":[{"name":"wp","href":"https:\/\/api.w.org\/{rel}","templated":true}]}}