{"id":12723,"date":"2016-03-16T17:42:02","date_gmt":"2016-03-16T16:42:02","guid":{"rendered":"http:\/\/novalmendro.com\/pt-pt\/?page_id=12723"},"modified":"2021-03-30T10:40:58","modified_gmt":"2021-03-30T08:40:58","slug":"sitemap","status":"publish","type":"page","link":"https:\/\/novalmendro.com\/pt-pt\/sitemap\/","title":{"rendered":"Sitemap"},"content":{"rendered":"<div class=\"wsp-container\"><h2 class=\"wsp-pages-title\">Pages<\/h2>\n<ul class=\"wsp-pages-list\">\n<li class=\"page_item page-item-9132 page_item_has_children\"><a href=\"https:\/\/novalmendro.com\/pt-pt\/amendoal\/\">amendoal<\/a>\n<ul class='children'>\n\t<li class=\"page_item page-item-9259\"><a href=\"https:\/\/novalmendro.com\/pt-pt\/amendoal\/aconselhamento-de-sistemas-de-irrigacao-novalmendro\/\">Aconselhamento de Sistemas de Irriga\u00e7\u00e3o Novalmendro<\/a><\/li>\n\t<li class=\"page_item page-item-9261\"><a href=\"https:\/\/novalmendro.com\/pt-pt\/amendoal\/assistencia-tecnica-novalmendro\/\">Assist\u00eancia t\u00e9cnica Novalmendro<\/a><\/li>\n\t<li class=\"page_item page-item-9162\"><a href=\"https:\/\/novalmendro.com\/pt-pt\/amendoal\/beneficios-do-consumo-de-amendoas\/\">Benef\u00edcios do consumo de am\u00eandoas<\/a><\/li>\n\t<li class=\"page_item page-item-9264\"><a href=\"https:\/\/novalmendro.com\/pt-pt\/amendoal\/colheita-de-amendoas\/\">Colheita de Am\u00eandoas<\/a><\/li>\n\t<li class=\"page_item page-item-9222\"><a href=\"https:\/\/novalmendro.com\/pt-pt\/amendoal\/comparacao-entre-variedades\/\">Compara\u00e7\u00e3o entre variedades<\/a><\/li>\n\t<li class=\"page_item page-item-9249\"><a href=\"https:\/\/novalmendro.com\/pt-pt\/amendoal\/concecao-de-plantacoes-orcamentos-e-financiamento-novalmendro\/\">Conce\u00e7\u00e3o de planta\u00e7\u00f5es, or\u00e7amentos e financiamento Novalmendro<\/a><\/li>\n\t<li class=\"page_item page-item-9144\"><a href=\"https:\/\/novalmendro.com\/pt-pt\/amendoal\/em-que-consiste-um-amendoal-em-sebe-quais-sao-as-suas-principais-vantagens\/\">Em que consiste um amendoal em sebe? Quais s\u00e3o as suas principais vantagens?<\/a><\/li>\n\t<li class=\"page_item page-item-9157\"><a href=\"https:\/\/novalmendro.com\/pt-pt\/amendoal\/evolucao-da-oferta-e-da-procura\/\">Evolu\u00e7\u00e3o da oferta e da procura<\/a><\/li>\n\t<li class=\"page_item page-item-9253\"><a href=\"https:\/\/novalmendro.com\/pt-pt\/amendoal\/execucao-integral-de-plantacoes-de-amendoeiras\/\">Execu\u00e7\u00e3o integral de planta\u00e7\u00f5es de Amendoeiras<\/a><\/li>\n\t<li class=\"page_item page-item-9146\"><a href=\"https:\/\/novalmendro.com\/pt-pt\/amendoal\/exemplo-da-producao-de-um-amendoal-em-sebe\/\">Exemplo da produ\u00e7\u00e3o de um amendoal em sebe<\/a><\/li>\n\t<li class=\"page_item page-item-9271\"><a href=\"https:\/\/novalmendro.com\/pt-pt\/amendoal\/fertilizantes-e-produtos-fitossanitarios\/\">Fertilizantes e Produtos Fitossanit\u00e1rios<\/a><\/li>\n\t<li class=\"page_item page-item-9164\"><a href=\"https:\/\/novalmendro.com\/pt-pt\/amendoal\/id-novalmendro\/\">I+D Novalmendro<\/a><\/li>\n\t<li class=\"page_item page-item-9134\"><a href=\"https:\/\/novalmendro.com\/pt-pt\/amendoal\/novalmendro-quem-somos\/\">Novalmendro, Quem somos?<\/a><\/li>\n\t<li class=\"page_item page-item-9256\"><a href=\"https:\/\/novalmendro.com\/pt-pt\/amendoal\/porta-enxertos\/\">Porta-enxertos<\/a><\/li>\n\t<li class=\"page_item page-item-9169\"><a href=\"https:\/\/novalmendro.com\/pt-pt\/amendoal\/servico-integral-em-plantacoes-de-amendoeiras-em-sebe\/\">Servi\u00e7o integral em planta\u00e7\u00f5es de Amendoeiras em Sebe<\/a><\/li>\n\t<li class=\"page_item page-item-9153\"><a href=\"https:\/\/novalmendro.com\/pt-pt\/amendoal\/setor-do-amendoal\/\">Setor do Amendoal<\/a><\/li>\n\t<li class=\"page_item page-item-9246\"><a href=\"https:\/\/novalmendro.com\/pt-pt\/amendoal\/teste-de-aptidao-agricola-novalmendro\/\">Teste de aptid\u00e3o agr\u00edcola Novalmendro<\/a><\/li>\n\t<li class=\"page_item page-item-9150\"><a href=\"https:\/\/novalmendro.com\/pt-pt\/amendoal\/uma-grande-oportunidade-para-cultivar\/\">Uma grande oportunidade para cultivar<\/a><\/li>\n\t<li class=\"page_item page-item-9168 page_item_has_children\"><a href=\"https:\/\/novalmendro.com\/pt-pt\/amendoal\/variedades-de-amendoeiras\/\">Variedades de Amendoeiras<\/a>\n\t<ul class='children'>\n\t\t<li class=\"page_item page-item-9184\"><a href=\"https:\/\/novalmendro.com\/pt-pt\/amendoal\/variedades-de-amendoeiras\/avijor\/\">Avijor\u00ae<\/a><\/li>\n\t\t<li class=\"page_item page-item-9185\"><a href=\"https:\/\/novalmendro.com\/pt-pt\/amendoal\/variedades-de-amendoeiras\/belona\/\">Belona\u00ae<\/a><\/li>\n\t\t<li class=\"page_item page-item-9186\"><a href=\"https:\/\/novalmendro.com\/pt-pt\/amendoal\/variedades-de-amendoeiras\/guara\/\">Guara<\/a><\/li>\n\t\t<li class=\"page_item page-item-9187\"><a href=\"https:\/\/novalmendro.com\/pt-pt\/amendoal\/variedades-de-amendoeiras\/soleta\/\">Soleta\u00ae<\/a><\/li>\n\t<\/ul>\n<\/li>\n<\/ul>\n<\/li>\n<li class=\"page_item page-item-9280\"><a href=\"https:\/\/novalmendro.com\/pt-pt\/contactos\/\">Contactos<\/a><\/li>\n<li class=\"page_item page-item-9281\"><a href=\"https:\/\/novalmendro.com\/pt-pt\/documentacao\/\">Documenta\u00e7\u00e3o<\/a><\/li>\n<li class=\"page_item page-item-9282\"><a href=\"https:\/\/novalmendro.com\/pt-pt\/galeria\/\">Galeria<\/a><\/li>\n<li class=\"page_item page-item-8960\"><a href=\"https:\/\/novalmendro.com\/pt-pt\/gestao-e-administracao-de-exploracoes-agricolas\/\">Gest\u00e3o e administra\u00e7\u00e3o de explora\u00e7\u00f5es agr\u00edcolas<\/a><\/li>\n<li class=\"page_item page-item-12496\"><a href=\"https:\/\/novalmendro.com\/pt-pt\/\">Novalmendro &#8211; Servi\u00e7o integral em planta\u00e7\u00f5es de Amendoeiras em Sebe<\/a><\/li>\n<li class=\"page_item page-item-776\"><a href=\"https:\/\/novalmendro.com\/pt-pt\/test\/\">P\u00e1gina Inicial<\/a><\/li>\n<li class=\"page_item page-item-9275\"><a href=\"https:\/\/novalmendro.com\/pt-pt\/politica-de-privacidade-cookies\/\">Pol\u00edtica de Privacidade e Cookies<\/a><\/li>\n<li class=\"page_item page-item-12723\"><a href=\"https:\/\/novalmendro.com\/pt-pt\/sitemap\/\">Sitemap<\/a><\/li>\n<li class=\"page_item page-item-8941\"><a href=\"https:\/\/novalmendro.com\/pt-pt\/solicitar-mais-informacoes\/\">Solicitar mais informa\u00e7\u00f5es<\/a><\/li>\n<\/ul>\n<\/div>\n","protected":false},"excerpt":{"rendered":"","protected":false},"author":1,"featured_media":0,"parent":0,"menu_order":0,"comment_status":"closed","ping_status":"closed","template":"","meta":{"footnotes":""},"class_list":["post-12723","page","type-page","status-publish"],"_links":{"self":[{"href":"https:\/\/novalmendro.com\/pt-pt\/wp-json\/wp\/v2\/pages\/12723","targetHints":{"allow":["GET"]}}],"collection":[{"href":"https:\/\/novalmendro.com\/pt-pt\/wp-json\/wp\/v2\/pages"}],"about":[{"href":"https:\/\/novalmendro.com\/pt-pt\/wp-json\/wp\/v2\/types\/page"}],"author":[{"embeddable":true,"href":"https:\/\/novalmendro.com\/pt-pt\/wp-json\/wp\/v2\/users\/1"}],"replies":[{"embeddable":true,"href":"https:\/\/novalmendro.com\/pt-pt\/wp-json\/wp\/v2\/comments?post=12723"}],"version-history":[{"count":5,"href":"https:\/\/novalmendro.com\/pt-pt\/wp-json\/wp\/v2\/pages\/12723\/revisions"}],"predecessor-version":[{"id":13520,"href":"https:\/\/novalmendro.com\/pt-pt\/wp-json\/wp\/v2\/pages\/12723\/revisions\/13520"}],"wp:attachment":[{"href":"https:\/\/novalmendro.com\/pt-pt\/wp-json\/wp\/v2\/media?parent=12723"}],"curies":[{"name":"wp","href":"https:\/\/api.w.org\/{rel}","templated":true}]}}