{"id":8960,"date":"2015-07-27T08:03:43","date_gmt":"2015-07-27T07:03:43","guid":{"rendered":"http:\/\/novalmendro.com\/pt-pt\/?page_id=8960"},"modified":"2021-03-30T10:40:36","modified_gmt":"2021-03-30T08:40:36","slug":"gestao-e-administracao-de-exploracoes-agricolas","status":"publish","type":"page","link":"https:\/\/novalmendro.com\/pt-pt\/gestao-e-administracao-de-exploracoes-agricolas\/","title":{"rendered":"Gest\u00e3o e administra\u00e7\u00e3o de explora\u00e7\u00f5es agr\u00edcolas"},"content":{"rendered":"<h2 style=\"text-align: center;\">A nossa experi\u00eancia e o nosso Departamento de Investiga\u00e7\u00e3o e Desenvolvimento ao seu servi\u00e7o<\/h2>\n<ul class=\"g1-grid\"><li class=\"g1-column g1-one-half g1-valign-top\">\n<h3>Gest\u00e3o T\u00e9cnica<\/h3>\n<p>Ao situar-se num patamar superior ao da assist\u00eancia t\u00e9cnica, os nossos engenheiros de gest\u00e3o agr\u00edcola t\u00eam uma responsabilidade acrescida. Especialmente indicada para os que procuram maximizar os lucros ao menor custo poss\u00edvel e que n\u00e3o disp\u00f5em de tempo para organizar, monitorizar e coordenar eficazmente todas as tarefas agr\u00edcolas da explora\u00e7\u00e3o agr\u00edcola.<\/p>\n<h3>Administra\u00e7\u00e3o de pr\u00e9dios r\u00fasticos<\/h3>\n<p>Para os que pretendem que a sua explora\u00e7\u00e3o agr\u00edcola seja integralmente administrada de forma transparente por profissionais especialistas. A TODOLIVO coloca \u00e0 sua disposi\u00e7\u00e3o o servi\u00e7o de &#8220;Administra\u00e7\u00e3o de Pr\u00e9dios R\u00fasticos&#8221;.<\/p>\n<p>Este servi\u00e7o inclui:<br \/>\n\u2022 Servi\u00e7o de assist\u00eancia e gest\u00e3o t\u00e9cnica<br \/>\n\u2022 Servi\u00e7os de contabilidade<br \/>\n\u2022 An\u00e1lise completa e detalhada dos custos associados \u00e0 explora\u00e7\u00e3o agr\u00edcola.<br \/>\n\u2022 Fiscalidade, contrata\u00e7\u00e3o laboral, servi\u00e7os agr\u00edcolas, etc.<\/p>\n<blockquote>\n<h3 style=\"text-align: center;\">mais de 30 anos de experi\u00eancia em gest\u00e3o de explora\u00e7\u00f5es oliv\u00edcolas<\/h3>\n<\/blockquote>\n<\/li><!-- -->\n<li class=\"g1-column g1-one-half g1-valign-top\">\n<p style=\"text-align: center;\"><img loading=\"lazy\" decoding=\"async\" class=\"aligncenter wp-image-4274\" src=\"http:\/\/novalmendro.com\/wp-content\/uploads\/69-11.jpg\" alt=\"69-11\" width=\"557\" height=\"545\" \/><\/p>\n<div align=\"center\"><a class=\"boton\" href=\"http:\/\/novalmendro.com\/pt-pt\/solicitar-mais-informacoes\/\" target=\"new\" rel=\"noopener noreferrer\"><img loading=\"lazy\" decoding=\"async\" class=\"alignleft wp-image-6678\" style=\"margin-top: -12px;\" src=\"http:\/\/novalmendro.com\/wp-content\/uploads\/boton-info.png\" alt=\"boton info\" width=\"50\" height=\"48\" srcset=\"https:\/\/novalmendro.com\/wp-content\/uploads\/boton-info.png 60w, https:\/\/novalmendro.com\/wp-content\/uploads\/boton-info-55x53.png 55w\" sizes=\"auto, (max-width: 50px) 100vw, 50px\" \/><span style=\"color: #ffffff;\">Solicitar mais informa\u00e7\u00f5es<\/span><\/a><\/div>\n<\/li><!-- --><\/ul>\n","protected":false},"excerpt":{"rendered":"<p>A nossa experi\u00eancia e o nosso Departamento de Investiga\u00e7\u00e3o e Desenvolvimento ao seu servi\u00e7o<\/p>\n","protected":false},"author":1,"featured_media":0,"parent":0,"menu_order":0,"comment_status":"closed","ping_status":"closed","template":"","meta":{"footnotes":""},"class_list":["post-8960","page","type-page","status-publish"],"_links":{"self":[{"href":"https:\/\/novalmendro.com\/pt-pt\/wp-json\/wp\/v2\/pages\/8960","targetHints":{"allow":["GET"]}}],"collection":[{"href":"https:\/\/novalmendro.com\/pt-pt\/wp-json\/wp\/v2\/pages"}],"about":[{"href":"https:\/\/novalmendro.com\/pt-pt\/wp-json\/wp\/v2\/types\/page"}],"author":[{"embeddable":true,"href":"https:\/\/novalmendro.com\/pt-pt\/wp-json\/wp\/v2\/users\/1"}],"replies":[{"embeddable":true,"href":"https:\/\/novalmendro.com\/pt-pt\/wp-json\/wp\/v2\/comments?post=8960"}],"version-history":[{"count":2,"href":"https:\/\/novalmendro.com\/pt-pt\/wp-json\/wp\/v2\/pages\/8960\/revisions"}],"predecessor-version":[{"id":13494,"href":"https:\/\/novalmendro.com\/pt-pt\/wp-json\/wp\/v2\/pages\/8960\/revisions\/13494"}],"wp:attachment":[{"href":"https:\/\/novalmendro.com\/pt-pt\/wp-json\/wp\/v2\/media?parent=8960"}],"curies":[{"name":"wp","href":"https:\/\/api.w.org\/{rel}","templated":true}]}}