{"id":9132,"date":"2015-07-30T23:27:30","date_gmt":"2015-07-30T22:27:30","guid":{"rendered":"http:\/\/novalmendro.com\/pt-pt\/?page_id=9132"},"modified":"2015-07-30T23:27:30","modified_gmt":"2015-07-30T22:27:30","slug":"amendoal","status":"publish","type":"page","link":"https:\/\/novalmendro.com\/pt-pt\/amendoal\/","title":{"rendered":"amendoal"},"content":{"rendered":"<div id=\"g1-custom-posts-shortcode-1\" class=\"g1-collection-custom_pages g1-custom-posts-shortcode g1-shortcode \">\n\n<!-- BEGIN: .g1-collection -->\n<div class=\"g1-collection g1-collection--grid g1-collection--one-fourth g1-collection--simple g1-effect-none\">\n    <ul><!-- --><li class=\"g1-collection__item\">\n        <article id=\"post-9134\" class=\"post-9134 page type-page status-publish g1-brief\">\n    <figure class=\"entry-featured-media\">\n<a href=\"https:\/\/novalmendro.com\/pt-pt\/amendoal\/novalmendro-quem-somos\/\" id=\"g1-frame-1\" class=\"g1-frame g1-frame--none g1-frame--inherit g1-frame--center \"><span class=\"g1-decorator\">\n\t\t\t\t<span id=\"placeholder-counter-1\" class=\"g1-placeholder \" style=\"width:239px;\" ><span class=\"g1-inner\" style=\"padding-bottom:56.066945606695%;\"><\/span><i class=\"fa fa-post-format\"><\/i><\/span>\n\t\t\t\t<span class=\"g1-indicator g1-indicator-document\"><\/span>\n<\/span><\/a>\n<\/figure>\n    <div class=\"g1-nonmedia\">\n        <div class=\"g1-inner\">\n            <header class=\"entry-header\">\n                <h3><a href=\"https:\/\/novalmendro.com\/pt-pt\/amendoal\/novalmendro-quem-somos\/\" title=\"Novalmendro, Quem somos?\" >Novalmendro, Quem somos?<\/a><\/h3>                            <\/header><!-- .entry-header -->\n\n            \n            <footer class=\"entry-footer\">\n                \n                            <\/footer><!-- .entry-footer -->\n        <\/div>\n        <div class=\"g1-01\"><\/div>\n    <\/div>\n\n<\/article><!-- .post-XX -->    <\/li><!-- --><li class=\"g1-collection__item\">\n        <article id=\"post-9144\" class=\"post-9144 page type-page status-publish g1-brief\">\n    <figure class=\"entry-featured-media\">\n<a href=\"https:\/\/novalmendro.com\/pt-pt\/amendoal\/em-que-consiste-um-amendoal-em-sebe-quais-sao-as-suas-principais-vantagens\/\" id=\"g1-frame-2\" class=\"g1-frame g1-frame--none g1-frame--inherit g1-frame--center \"><span class=\"g1-decorator\">\n\t\t\t\t<span id=\"placeholder-counter-2\" class=\"g1-placeholder \" style=\"width:239px;\" ><span class=\"g1-inner\" style=\"padding-bottom:56.066945606695%;\"><\/span><i class=\"fa fa-post-format\"><\/i><\/span>\n\t\t\t\t<span class=\"g1-indicator g1-indicator-document\"><\/span>\n<\/span><\/a>\n<\/figure>\n    <div class=\"g1-nonmedia\">\n        <div class=\"g1-inner\">\n            <header class=\"entry-header\">\n                <h3><a href=\"https:\/\/novalmendro.com\/pt-pt\/amendoal\/em-que-consiste-um-amendoal-em-sebe-quais-sao-as-suas-principais-vantagens\/\" title=\"Em que consiste um amendoal em sebe? Quais s\u00e3o as suas principais vantagens?\" >Em que consiste um amendoal em sebe? Quais s\u00e3o as suas principais vantagens?<\/a><\/h3>                            <\/header><!-- .entry-header -->\n\n            \n            <footer class=\"entry-footer\">\n                \n                            <\/footer><!-- .entry-footer -->\n        <\/div>\n        <div class=\"g1-01\"><\/div>\n    <\/div>\n\n<\/article><!-- .post-XX -->    <\/li><!-- --><li class=\"g1-collection__item\">\n        <article id=\"post-9146\" class=\"post-9146 page type-page status-publish g1-brief\">\n    <figure class=\"entry-featured-media\">\n<a href=\"https:\/\/novalmendro.com\/pt-pt\/amendoal\/exemplo-da-producao-de-um-amendoal-em-sebe\/\" id=\"g1-frame-3\" class=\"g1-frame g1-frame--none g1-frame--inherit g1-frame--center \"><span class=\"g1-decorator\">\n\t\t\t\t<span id=\"placeholder-counter-3\" class=\"g1-placeholder \" style=\"width:239px;\" ><span class=\"g1-inner\" style=\"padding-bottom:56.066945606695%;\"><\/span><i class=\"fa fa-post-format\"><\/i><\/span>\n\t\t\t\t<span class=\"g1-indicator g1-indicator-document\"><\/span>\n<\/span><\/a>\n<\/figure>\n    <div class=\"g1-nonmedia\">\n        <div class=\"g1-inner\">\n            <header class=\"entry-header\">\n                <h3><a href=\"https:\/\/novalmendro.com\/pt-pt\/amendoal\/exemplo-da-producao-de-um-amendoal-em-sebe\/\" title=\"Exemplo da produ\u00e7\u00e3o de um amendoal em sebe\" >Exemplo da produ\u00e7\u00e3o de um amendoal em sebe<\/a><\/h3>                            <\/header><!-- .entry-header -->\n\n            \n            <footer class=\"entry-footer\">\n                \n                            <\/footer><!-- .entry-footer -->\n        <\/div>\n        <div class=\"g1-01\"><\/div>\n    <\/div>\n\n<\/article><!-- .post-XX -->    <\/li><!-- --><li class=\"g1-collection__item\">\n        <article id=\"post-9150\" class=\"post-9150 page type-page status-publish g1-brief\">\n    <figure class=\"entry-featured-media\">\n<a href=\"https:\/\/novalmendro.com\/pt-pt\/amendoal\/uma-grande-oportunidade-para-cultivar\/\" id=\"g1-frame-4\" class=\"g1-frame g1-frame--none g1-frame--inherit g1-frame--center \"><span class=\"g1-decorator\">\n\t\t\t\t<span id=\"placeholder-counter-4\" class=\"g1-placeholder \" style=\"width:239px;\" ><span class=\"g1-inner\" style=\"padding-bottom:56.066945606695%;\"><\/span><i class=\"fa fa-post-format\"><\/i><\/span>\n\t\t\t\t<span class=\"g1-indicator g1-indicator-document\"><\/span>\n<\/span><\/a>\n<\/figure>\n    <div class=\"g1-nonmedia\">\n        <div class=\"g1-inner\">\n            <header class=\"entry-header\">\n                <h3><a href=\"https:\/\/novalmendro.com\/pt-pt\/amendoal\/uma-grande-oportunidade-para-cultivar\/\" title=\"Uma grande oportunidade para cultivar\" >Uma grande oportunidade para cultivar<\/a><\/h3>                            <\/header><!-- .entry-header -->\n\n            \n            <footer class=\"entry-footer\">\n                \n                            <\/footer><!-- .entry-footer -->\n        <\/div>\n        <div class=\"g1-01\"><\/div>\n    <\/div>\n\n<\/article><!-- .post-XX -->    <\/li><!-- --><li class=\"g1-collection__item\">\n        <article id=\"post-9153\" class=\"post-9153 page type-page status-publish g1-brief\">\n    <figure class=\"entry-featured-media\">\n<a href=\"https:\/\/novalmendro.com\/pt-pt\/amendoal\/setor-do-amendoal\/\" id=\"g1-frame-5\" class=\"g1-frame g1-frame--none g1-frame--inherit g1-frame--center \"><span class=\"g1-decorator\">\n\t\t\t\t<span id=\"placeholder-counter-5\" class=\"g1-placeholder \" style=\"width:239px;\" ><span class=\"g1-inner\" style=\"padding-bottom:56.066945606695%;\"><\/span><i class=\"fa fa-post-format\"><\/i><\/span>\n\t\t\t\t<span class=\"g1-indicator g1-indicator-document\"><\/span>\n<\/span><\/a>\n<\/figure>\n    <div class=\"g1-nonmedia\">\n        <div class=\"g1-inner\">\n            <header class=\"entry-header\">\n                <h3><a href=\"https:\/\/novalmendro.com\/pt-pt\/amendoal\/setor-do-amendoal\/\" title=\"Setor do Amendoal\" >Setor do Amendoal<\/a><\/h3>                            <\/header><!-- .entry-header -->\n\n            \n            <footer class=\"entry-footer\">\n                \n                            <\/footer><!-- .entry-footer -->\n        <\/div>\n        <div class=\"g1-01\"><\/div>\n    <\/div>\n\n<\/article><!-- .post-XX -->    <\/li><!-- --><li class=\"g1-collection__item\">\n        <article id=\"post-9157\" class=\"post-9157 page type-page status-publish g1-brief\">\n    <figure class=\"entry-featured-media\">\n<a href=\"https:\/\/novalmendro.com\/pt-pt\/amendoal\/evolucao-da-oferta-e-da-procura\/\" id=\"g1-frame-6\" class=\"g1-frame g1-frame--none g1-frame--inherit g1-frame--center \"><span class=\"g1-decorator\">\n\t\t\t\t<span id=\"placeholder-counter-6\" class=\"g1-placeholder \" style=\"width:239px;\" ><span class=\"g1-inner\" style=\"padding-bottom:56.066945606695%;\"><\/span><i class=\"fa fa-post-format\"><\/i><\/span>\n\t\t\t\t<span class=\"g1-indicator g1-indicator-document\"><\/span>\n<\/span><\/a>\n<\/figure>\n    <div class=\"g1-nonmedia\">\n        <div class=\"g1-inner\">\n            <header class=\"entry-header\">\n                <h3><a href=\"https:\/\/novalmendro.com\/pt-pt\/amendoal\/evolucao-da-oferta-e-da-procura\/\" title=\"Evolu\u00e7\u00e3o da oferta e da procura\" >Evolu\u00e7\u00e3o da oferta e da procura<\/a><\/h3>                            <\/header><!-- .entry-header -->\n\n            \n            <footer class=\"entry-footer\">\n                \n                            <\/footer><!-- .entry-footer -->\n        <\/div>\n        <div class=\"g1-01\"><\/div>\n    <\/div>\n\n<\/article><!-- .post-XX -->    <\/li><!-- --><li class=\"g1-collection__item\">\n        <article id=\"post-9169\" class=\"post-9169 page type-page status-publish g1-brief\">\n    <figure class=\"entry-featured-media\">\n<a href=\"https:\/\/novalmendro.com\/pt-pt\/amendoal\/servico-integral-em-plantacoes-de-amendoeiras-em-sebe\/\" id=\"g1-frame-7\" class=\"g1-frame g1-frame--none g1-frame--inherit g1-frame--center \"><span class=\"g1-decorator\">\n\t\t\t\t<span id=\"placeholder-counter-7\" class=\"g1-placeholder \" style=\"width:239px;\" ><span class=\"g1-inner\" style=\"padding-bottom:56.066945606695%;\"><\/span><i class=\"fa fa-post-format\"><\/i><\/span>\n\t\t\t\t<span class=\"g1-indicator g1-indicator-document\"><\/span>\n<\/span><\/a>\n<\/figure>\n    <div class=\"g1-nonmedia\">\n        <div class=\"g1-inner\">\n            <header class=\"entry-header\">\n                <h3><a href=\"https:\/\/novalmendro.com\/pt-pt\/amendoal\/servico-integral-em-plantacoes-de-amendoeiras-em-sebe\/\" title=\"Servi\u00e7o integral em planta\u00e7\u00f5es de Amendoeiras em Sebe\" >Servi\u00e7o integral em planta\u00e7\u00f5es de Amendoeiras em Sebe<\/a><\/h3>                            <\/header><!-- .entry-header -->\n\n            \n            <footer class=\"entry-footer\">\n                \n                            <\/footer><!-- .entry-footer -->\n        <\/div>\n        <div class=\"g1-01\"><\/div>\n    <\/div>\n\n<\/article><!-- .post-XX -->    <\/li><!-- --><li class=\"g1-collection__item\">\n        <article id=\"post-9246\" class=\"post-9246 page type-page status-publish g1-brief\">\n    <figure class=\"entry-featured-media\">\n<a href=\"https:\/\/novalmendro.com\/pt-pt\/amendoal\/teste-de-aptidao-agricola-novalmendro\/\" id=\"g1-frame-8\" class=\"g1-frame g1-frame--none g1-frame--inherit g1-frame--center \"><span class=\"g1-decorator\">\n\t\t\t\t<span id=\"placeholder-counter-8\" class=\"g1-placeholder \" style=\"width:239px;\" ><span class=\"g1-inner\" style=\"padding-bottom:56.066945606695%;\"><\/span><i class=\"fa fa-post-format\"><\/i><\/span>\n\t\t\t\t<span class=\"g1-indicator g1-indicator-document\"><\/span>\n<\/span><\/a>\n<\/figure>\n    <div class=\"g1-nonmedia\">\n        <div class=\"g1-inner\">\n            <header class=\"entry-header\">\n                <h3><a href=\"https:\/\/novalmendro.com\/pt-pt\/amendoal\/teste-de-aptidao-agricola-novalmendro\/\" title=\"Teste de aptid\u00e3o agr\u00edcola Novalmendro\" >Teste de aptid\u00e3o agr\u00edcola Novalmendro<\/a><\/h3>                            <\/header><!-- .entry-header -->\n\n            \n            <footer class=\"entry-footer\">\n                \n                            <\/footer><!-- .entry-footer -->\n        <\/div>\n        <div class=\"g1-01\"><\/div>\n    <\/div>\n\n<\/article><!-- .post-XX -->    <\/li><!-- --><li class=\"g1-collection__item\">\n        <article id=\"post-9249\" class=\"post-9249 page type-page status-publish g1-brief\">\n    <figure class=\"entry-featured-media\">\n<a href=\"https:\/\/novalmendro.com\/pt-pt\/amendoal\/concecao-de-plantacoes-orcamentos-e-financiamento-novalmendro\/\" id=\"g1-frame-9\" class=\"g1-frame g1-frame--none g1-frame--inherit g1-frame--center \"><span class=\"g1-decorator\">\n\t\t\t\t<span id=\"placeholder-counter-9\" class=\"g1-placeholder \" style=\"width:239px;\" ><span class=\"g1-inner\" style=\"padding-bottom:56.066945606695%;\"><\/span><i class=\"fa fa-post-format\"><\/i><\/span>\n\t\t\t\t<span class=\"g1-indicator g1-indicator-document\"><\/span>\n<\/span><\/a>\n<\/figure>\n    <div class=\"g1-nonmedia\">\n        <div class=\"g1-inner\">\n            <header class=\"entry-header\">\n                <h3><a href=\"https:\/\/novalmendro.com\/pt-pt\/amendoal\/concecao-de-plantacoes-orcamentos-e-financiamento-novalmendro\/\" title=\"Conce\u00e7\u00e3o de planta\u00e7\u00f5es, or\u00e7amentos e financiamento Novalmendro\" >Conce\u00e7\u00e3o de planta\u00e7\u00f5es, or\u00e7amentos e financiamento Novalmendro<\/a><\/h3>                            <\/header><!-- .entry-header -->\n\n            \n            <footer class=\"entry-footer\">\n                \n                            <\/footer><!-- .entry-footer -->\n        <\/div>\n        <div class=\"g1-01\"><\/div>\n    <\/div>\n\n<\/article><!-- .post-XX -->    <\/li><!-- --><li class=\"g1-collection__item\">\n        <article id=\"post-9259\" class=\"post-9259 page type-page status-publish g1-brief\">\n    <figure class=\"entry-featured-media\">\n<a href=\"https:\/\/novalmendro.com\/pt-pt\/amendoal\/aconselhamento-de-sistemas-de-irrigacao-novalmendro\/\" id=\"g1-frame-10\" class=\"g1-frame g1-frame--none g1-frame--inherit g1-frame--center \"><span class=\"g1-decorator\">\n\t\t\t\t<span id=\"placeholder-counter-10\" class=\"g1-placeholder \" style=\"width:239px;\" ><span class=\"g1-inner\" style=\"padding-bottom:56.066945606695%;\"><\/span><i class=\"fa fa-post-format\"><\/i><\/span>\n\t\t\t\t<span class=\"g1-indicator g1-indicator-document\"><\/span>\n<\/span><\/a>\n<\/figure>\n    <div class=\"g1-nonmedia\">\n        <div class=\"g1-inner\">\n            <header class=\"entry-header\">\n                <h3><a href=\"https:\/\/novalmendro.com\/pt-pt\/amendoal\/aconselhamento-de-sistemas-de-irrigacao-novalmendro\/\" title=\"Aconselhamento de Sistemas de Irriga\u00e7\u00e3o Novalmendro\" >Aconselhamento de Sistemas de Irriga\u00e7\u00e3o Novalmendro<\/a><\/h3>                            <\/header><!-- .entry-header -->\n\n            \n            <footer class=\"entry-footer\">\n                \n                            <\/footer><!-- .entry-footer -->\n        <\/div>\n        <div class=\"g1-01\"><\/div>\n    <\/div>\n\n<\/article><!-- .post-XX -->    <\/li><!-- --><li class=\"g1-collection__item\">\n        <article id=\"post-9168\" class=\"post-9168 page type-page status-publish g1-brief\">\n    <figure class=\"entry-featured-media\">\n<a href=\"https:\/\/novalmendro.com\/pt-pt\/amendoal\/variedades-de-amendoeiras\/\" id=\"g1-frame-11\" class=\"g1-frame g1-frame--none g1-frame--inherit g1-frame--center \"><span class=\"g1-decorator\">\n\t\t\t\t<span id=\"placeholder-counter-11\" class=\"g1-placeholder \" style=\"width:239px;\" ><span class=\"g1-inner\" style=\"padding-bottom:56.066945606695%;\"><\/span><i class=\"fa fa-post-format\"><\/i><\/span>\n\t\t\t\t<span class=\"g1-indicator g1-indicator-document\"><\/span>\n<\/span><\/a>\n<\/figure>\n    <div class=\"g1-nonmedia\">\n        <div class=\"g1-inner\">\n            <header class=\"entry-header\">\n                <h3><a href=\"https:\/\/novalmendro.com\/pt-pt\/amendoal\/variedades-de-amendoeiras\/\" title=\"Variedades de Amendoeiras\" >Variedades de Amendoeiras<\/a><\/h3>                            <\/header><!-- .entry-header -->\n\n            \n            <footer class=\"entry-footer\">\n                \n                            <\/footer><!-- .entry-footer -->\n        <\/div>\n        <div class=\"g1-01\"><\/div>\n    <\/div>\n\n<\/article><!-- .post-XX -->    <\/li><!-- --><li class=\"g1-collection__item\">\n        <article id=\"post-9256\" class=\"post-9256 page type-page status-publish g1-brief\">\n    <figure class=\"entry-featured-media\">\n<a href=\"https:\/\/novalmendro.com\/pt-pt\/amendoal\/porta-enxertos\/\" id=\"g1-frame-12\" class=\"g1-frame g1-frame--none g1-frame--inherit g1-frame--center \"><span class=\"g1-decorator\">\n\t\t\t\t<span id=\"placeholder-counter-12\" class=\"g1-placeholder \" style=\"width:239px;\" ><span class=\"g1-inner\" style=\"padding-bottom:56.066945606695%;\"><\/span><i class=\"fa fa-post-format\"><\/i><\/span>\n\t\t\t\t<span class=\"g1-indicator g1-indicator-document\"><\/span>\n<\/span><\/a>\n<\/figure>\n    <div class=\"g1-nonmedia\">\n        <div class=\"g1-inner\">\n            <header class=\"entry-header\">\n                <h3><a href=\"https:\/\/novalmendro.com\/pt-pt\/amendoal\/porta-enxertos\/\" title=\"Porta-enxertos\" >Porta-enxertos<\/a><\/h3>                            <\/header><!-- .entry-header -->\n\n            \n            <footer class=\"entry-footer\">\n                \n                            <\/footer><!-- .entry-footer -->\n        <\/div>\n        <div class=\"g1-01\"><\/div>\n    <\/div>\n\n<\/article><!-- .post-XX -->    <\/li><!-- --><li class=\"g1-collection__item\">\n        <article id=\"post-9222\" class=\"post-9222 page type-page status-publish g1-brief\">\n    <figure class=\"entry-featured-media\">\n<a href=\"https:\/\/novalmendro.com\/pt-pt\/amendoal\/comparacao-entre-variedades\/\" id=\"g1-frame-13\" class=\"g1-frame g1-frame--none g1-frame--inherit g1-frame--center \"><span class=\"g1-decorator\">\n\t\t\t\t<span id=\"placeholder-counter-13\" class=\"g1-placeholder \" style=\"width:239px;\" ><span class=\"g1-inner\" style=\"padding-bottom:56.066945606695%;\"><\/span><i class=\"fa fa-post-format\"><\/i><\/span>\n\t\t\t\t<span class=\"g1-indicator g1-indicator-document\"><\/span>\n<\/span><\/a>\n<\/figure>\n    <div class=\"g1-nonmedia\">\n        <div class=\"g1-inner\">\n            <header class=\"entry-header\">\n                <h3><a href=\"https:\/\/novalmendro.com\/pt-pt\/amendoal\/comparacao-entre-variedades\/\" title=\"Compara\u00e7\u00e3o entre variedades\" >Compara\u00e7\u00e3o entre variedades<\/a><\/h3>                            <\/header><!-- .entry-header -->\n\n            \n            <footer class=\"entry-footer\">\n                \n                            <\/footer><!-- .entry-footer -->\n        <\/div>\n        <div class=\"g1-01\"><\/div>\n    <\/div>\n\n<\/article><!-- .post-XX -->    <\/li><!-- --><li class=\"g1-collection__item\">\n        <article id=\"post-9253\" class=\"post-9253 page type-page status-publish g1-brief\">\n    <figure class=\"entry-featured-media\">\n<a href=\"https:\/\/novalmendro.com\/pt-pt\/amendoal\/execucao-integral-de-plantacoes-de-amendoeiras\/\" id=\"g1-frame-14\" class=\"g1-frame g1-frame--none g1-frame--inherit g1-frame--center \"><span class=\"g1-decorator\">\n\t\t\t\t<span id=\"placeholder-counter-14\" class=\"g1-placeholder \" style=\"width:239px;\" ><span class=\"g1-inner\" style=\"padding-bottom:56.066945606695%;\"><\/span><i class=\"fa fa-post-format\"><\/i><\/span>\n\t\t\t\t<span class=\"g1-indicator g1-indicator-document\"><\/span>\n<\/span><\/a>\n<\/figure>\n    <div class=\"g1-nonmedia\">\n        <div class=\"g1-inner\">\n            <header class=\"entry-header\">\n                <h3><a href=\"https:\/\/novalmendro.com\/pt-pt\/amendoal\/execucao-integral-de-plantacoes-de-amendoeiras\/\" title=\"Execu\u00e7\u00e3o integral de planta\u00e7\u00f5es de Amendoeiras\" >Execu\u00e7\u00e3o integral de planta\u00e7\u00f5es de Amendoeiras<\/a><\/h3>                            <\/header><!-- .entry-header -->\n\n            \n            <footer class=\"entry-footer\">\n                \n                            <\/footer><!-- .entry-footer -->\n        <\/div>\n        <div class=\"g1-01\"><\/div>\n    <\/div>\n\n<\/article><!-- .post-XX -->    <\/li><!-- --><li class=\"g1-collection__item\">\n        <article id=\"post-9261\" class=\"post-9261 page type-page status-publish g1-brief\">\n    <figure class=\"entry-featured-media\">\n<a href=\"https:\/\/novalmendro.com\/pt-pt\/amendoal\/assistencia-tecnica-novalmendro\/\" id=\"g1-frame-15\" class=\"g1-frame g1-frame--none g1-frame--inherit g1-frame--center \"><span class=\"g1-decorator\">\n\t\t\t\t<span id=\"placeholder-counter-15\" class=\"g1-placeholder \" style=\"width:239px;\" ><span class=\"g1-inner\" style=\"padding-bottom:56.066945606695%;\"><\/span><i class=\"fa fa-post-format\"><\/i><\/span>\n\t\t\t\t<span class=\"g1-indicator g1-indicator-document\"><\/span>\n<\/span><\/a>\n<\/figure>\n    <div class=\"g1-nonmedia\">\n        <div class=\"g1-inner\">\n            <header class=\"entry-header\">\n                <h3><a href=\"https:\/\/novalmendro.com\/pt-pt\/amendoal\/assistencia-tecnica-novalmendro\/\" title=\"Assist\u00eancia t\u00e9cnica Novalmendro\" >Assist\u00eancia t\u00e9cnica Novalmendro<\/a><\/h3>                            <\/header><!-- .entry-header -->\n\n            \n            <footer class=\"entry-footer\">\n                \n                            <\/footer><!-- .entry-footer -->\n        <\/div>\n        <div class=\"g1-01\"><\/div>\n    <\/div>\n\n<\/article><!-- .post-XX -->    <\/li><!-- --><li class=\"g1-collection__item\">\n        <article id=\"post-9264\" class=\"post-9264 page type-page status-publish g1-brief\">\n    <figure class=\"entry-featured-media\">\n<a href=\"https:\/\/novalmendro.com\/pt-pt\/amendoal\/colheita-de-amendoas\/\" id=\"g1-frame-16\" class=\"g1-frame g1-frame--none g1-frame--inherit g1-frame--center \"><span class=\"g1-decorator\">\n\t\t\t\t<span id=\"placeholder-counter-16\" class=\"g1-placeholder \" style=\"width:239px;\" ><span class=\"g1-inner\" style=\"padding-bottom:56.066945606695%;\"><\/span><i class=\"fa fa-post-format\"><\/i><\/span>\n\t\t\t\t<span class=\"g1-indicator g1-indicator-document\"><\/span>\n<\/span><\/a>\n<\/figure>\n    <div class=\"g1-nonmedia\">\n        <div class=\"g1-inner\">\n            <header class=\"entry-header\">\n                <h3><a href=\"https:\/\/novalmendro.com\/pt-pt\/amendoal\/colheita-de-amendoas\/\" title=\"Colheita de Am\u00eandoas\" >Colheita de Am\u00eandoas<\/a><\/h3>                            <\/header><!-- .entry-header -->\n\n            \n            <footer class=\"entry-footer\">\n                \n                            <\/footer><!-- .entry-footer -->\n        <\/div>\n        <div class=\"g1-01\"><\/div>\n    <\/div>\n\n<\/article><!-- .post-XX -->    <\/li><!-- --><li class=\"g1-collection__item\">\n        <article id=\"post-9271\" class=\"post-9271 page type-page status-publish g1-brief\">\n    <figure class=\"entry-featured-media\">\n<a href=\"https:\/\/novalmendro.com\/pt-pt\/amendoal\/fertilizantes-e-produtos-fitossanitarios\/\" id=\"g1-frame-17\" class=\"g1-frame g1-frame--none g1-frame--inherit g1-frame--center \"><span class=\"g1-decorator\">\n\t\t\t\t<span id=\"placeholder-counter-17\" class=\"g1-placeholder \" style=\"width:239px;\" ><span class=\"g1-inner\" style=\"padding-bottom:56.066945606695%;\"><\/span><i class=\"fa fa-post-format\"><\/i><\/span>\n\t\t\t\t<span class=\"g1-indicator g1-indicator-document\"><\/span>\n<\/span><\/a>\n<\/figure>\n    <div class=\"g1-nonmedia\">\n        <div class=\"g1-inner\">\n            <header class=\"entry-header\">\n                <h3><a href=\"https:\/\/novalmendro.com\/pt-pt\/amendoal\/fertilizantes-e-produtos-fitossanitarios\/\" title=\"Fertilizantes e Produtos Fitossanit\u00e1rios\" >Fertilizantes e Produtos Fitossanit\u00e1rios<\/a><\/h3>                            <\/header><!-- .entry-header -->\n\n            \n            <footer class=\"entry-footer\">\n                \n                            <\/footer><!-- .entry-footer -->\n        <\/div>\n        <div class=\"g1-01\"><\/div>\n    <\/div>\n\n<\/article><!-- .post-XX -->    <\/li><!-- --><li class=\"g1-collection__item\">\n        <article id=\"post-9164\" class=\"post-9164 page type-page status-publish g1-brief\">\n    <figure class=\"entry-featured-media\">\n<a href=\"https:\/\/novalmendro.com\/pt-pt\/amendoal\/id-novalmendro\/\" id=\"g1-frame-18\" class=\"g1-frame g1-frame--none g1-frame--inherit g1-frame--center \"><span class=\"g1-decorator\">\n\t\t\t\t<span id=\"placeholder-counter-18\" class=\"g1-placeholder \" style=\"width:239px;\" ><span class=\"g1-inner\" style=\"padding-bottom:56.066945606695%;\"><\/span><i class=\"fa fa-post-format\"><\/i><\/span>\n\t\t\t\t<span class=\"g1-indicator g1-indicator-document\"><\/span>\n<\/span><\/a>\n<\/figure>\n    <div class=\"g1-nonmedia\">\n        <div class=\"g1-inner\">\n            <header class=\"entry-header\">\n                <h3><a href=\"https:\/\/novalmendro.com\/pt-pt\/amendoal\/id-novalmendro\/\" title=\"I+D Novalmendro\" >I+D Novalmendro<\/a><\/h3>                            <\/header><!-- .entry-header -->\n\n            \n            <footer class=\"entry-footer\">\n                \n                            <\/footer><!-- .entry-footer -->\n        <\/div>\n        <div class=\"g1-01\"><\/div>\n    <\/div>\n\n<\/article><!-- .post-XX -->    <\/li><!-- --><li class=\"g1-collection__item\">\n        <article id=\"post-9162\" class=\"post-9162 page type-page status-publish g1-brief\">\n    <figure class=\"entry-featured-media\">\n<a href=\"https:\/\/novalmendro.com\/pt-pt\/amendoal\/beneficios-do-consumo-de-amendoas\/\" id=\"g1-frame-19\" class=\"g1-frame g1-frame--none g1-frame--inherit g1-frame--center \"><span class=\"g1-decorator\">\n\t\t\t\t<span id=\"placeholder-counter-19\" class=\"g1-placeholder \" style=\"width:239px;\" ><span class=\"g1-inner\" style=\"padding-bottom:56.066945606695%;\"><\/span><i class=\"fa fa-post-format\"><\/i><\/span>\n\t\t\t\t<span class=\"g1-indicator g1-indicator-document\"><\/span>\n<\/span><\/a>\n<\/figure>\n    <div class=\"g1-nonmedia\">\n        <div class=\"g1-inner\">\n            <header class=\"entry-header\">\n                <h3><a href=\"https:\/\/novalmendro.com\/pt-pt\/amendoal\/beneficios-do-consumo-de-amendoas\/\" title=\"Benef\u00edcios do consumo de am\u00eandoas\" >Benef\u00edcios do consumo de am\u00eandoas<\/a><\/h3>                            <\/header><!-- .entry-header -->\n\n            \n            <footer class=\"entry-footer\">\n                \n                            <\/footer><!-- .entry-footer -->\n        <\/div>\n        <div class=\"g1-01\"><\/div>\n    <\/div>\n\n<\/article><!-- .post-XX -->    <\/li><!-- --><\/ul>\n<\/div>\n<!-- END: .g1-collection -->\n\n<\/div>\n","protected":false},"excerpt":{"rendered":"","protected":false},"author":1,"featured_media":0,"parent":0,"menu_order":0,"comment_status":"closed","ping_status":"closed","template":"","meta":{"footnotes":""},"class_list":{"0":"post-9132","1":"page","2":"type-page","3":"status-publish","5":"g1-brief"},"_links":{"self":[{"href":"https:\/\/novalmendro.com\/pt-pt\/wp-json\/wp\/v2\/pages\/9132","targetHints":{"allow":["GET"]}}],"collection":[{"href":"https:\/\/novalmendro.com\/pt-pt\/wp-json\/wp\/v2\/pages"}],"about":[{"href":"https:\/\/novalmendro.com\/pt-pt\/wp-json\/wp\/v2\/types\/page"}],"author":[{"embeddable":true,"href":"https:\/\/novalmendro.com\/pt-pt\/wp-json\/wp\/v2\/users\/1"}],"replies":[{"embeddable":true,"href":"https:\/\/novalmendro.com\/pt-pt\/wp-json\/wp\/v2\/comments?post=9132"}],"version-history":[{"count":1,"href":"https:\/\/novalmendro.com\/pt-pt\/wp-json\/wp\/v2\/pages\/9132\/revisions"}],"predecessor-version":[{"id":9133,"href":"https:\/\/novalmendro.com\/pt-pt\/wp-json\/wp\/v2\/pages\/9132\/revisions\/9133"}],"wp:attachment":[{"href":"https:\/\/novalmendro.com\/pt-pt\/wp-json\/wp\/v2\/media?parent=9132"}],"curies":[{"name":"wp","href":"https:\/\/api.w.org\/{rel}","templated":true}]}}