{"id":9134,"date":"2015-07-30T23:33:07","date_gmt":"2015-07-30T22:33:07","guid":{"rendered":"http:\/\/novalmendro.com\/pt-pt\/?page_id=9134"},"modified":"2015-07-30T23:33:07","modified_gmt":"2015-07-30T22:33:07","slug":"novalmendro-quem-somos","status":"publish","type":"page","link":"https:\/\/novalmendro.com\/pt-pt\/amendoal\/novalmendro-quem-somos\/","title":{"rendered":"Novalmendro, Quem somos?"},"content":{"rendered":"<span id=\"g1-space-1\" class=\"g1-space \" style=\"height:20px;\"><\/span>\n<h2 style=\"text-align: center;\">O que nos distingue<\/h2>\n<p>&nbsp;<\/p>\n<div id=\"g1-tabs-1\" class=\"g1-tabs g1-tabs--button g1-type--click g1-tabs--horizontal g1-tabs--top g1-align-left \">\n<div id=\"tab-title-counter-1\" class=\"g1-tab-title \">\n<p>Quem somos?<\/p>\n<\/div>\n<div id=\"tab-content-counter-1\" class=\"g1-tab-content \">\n<p><img loading=\"lazy\" decoding=\"async\" class=\"aligncenter wp-image-7484 size-full\" src=\"http:\/\/novalmendro.com\/wp-content\/uploads\/Novalmendro_1-3-1.jpg\" alt=\"\" width=\"1024\" height=\"422\" srcset=\"https:\/\/novalmendro.com\/wp-content\/uploads\/Novalmendro_1-3-1.jpg 1024w, https:\/\/novalmendro.com\/wp-content\/uploads\/Novalmendro_1-3-1-300x124.jpg 300w, https:\/\/novalmendro.com\/wp-content\/uploads\/Novalmendro_1-3-1-55x23.jpg 55w, https:\/\/novalmendro.com\/wp-content\/uploads\/Novalmendro_1-3-1-968x399.jpg 968w, https:\/\/novalmendro.com\/wp-content\/uploads\/Novalmendro_1-3-1-636x262.jpg 636w, https:\/\/novalmendro.com\/wp-content\/uploads\/Novalmendro_1-3-1-320x132.jpg 320w, https:\/\/novalmendro.com\/wp-content\/uploads\/Novalmendro_1-3-1-239x98.jpg 239w\" sizes=\"auto, (max-width: 1024px) 100vw, 1024px\" \/><\/p>\n<h3><\/h3>\n<h3>Novalmendro<\/h3>\n<hr \/>\n<p>A Novalmendro \u00e9 parte integrante da Todolivo S.L Somos especializados no cultivo de amendoeiras em sebe. Servi\u00e7os que prestamos: execu\u00e7\u00e3o integral de planta\u00e7\u00f5es (incluindo sistemas de irriga\u00e7\u00e3o), assist\u00eancia t\u00e9cnica, colheita com colhedoras, comercializa\u00e7\u00e3o de produtos fitossanit\u00e1rios e todos os materiais relacionados com o maneio da cultivar. Prestamos servi\u00e7os a n\u00edvel nacional e internacional.<\/p>\n<\/div>\n<div id=\"tab-title-counter-2\" class=\"g1-tab-title \">\n<p>O que nos distingue<\/p>\n<\/div>\n<div id=\"tab-content-counter-2\" class=\"g1-tab-content \">\n<p><img loading=\"lazy\" decoding=\"async\" class=\"aligncenter wp-image-7490 size-full\" src=\"http:\/\/novalmendro.com\/wp-content\/uploads\/Novalmendro_2-1-1.jpg\" alt=\"\" width=\"1024\" height=\"406\" srcset=\"https:\/\/novalmendro.com\/wp-content\/uploads\/Novalmendro_2-1-1.jpg 1024w, https:\/\/novalmendro.com\/wp-content\/uploads\/Novalmendro_2-1-1-300x119.jpg 300w, https:\/\/novalmendro.com\/wp-content\/uploads\/Novalmendro_2-1-1-55x22.jpg 55w, https:\/\/novalmendro.com\/wp-content\/uploads\/Novalmendro_2-1-1-968x384.jpg 968w, https:\/\/novalmendro.com\/wp-content\/uploads\/Novalmendro_2-1-1-636x252.jpg 636w, https:\/\/novalmendro.com\/wp-content\/uploads\/Novalmendro_2-1-1-320x127.jpg 320w, https:\/\/novalmendro.com\/wp-content\/uploads\/Novalmendro_2-1-1-239x95.jpg 239w\" sizes=\"auto, (max-width: 1024px) 100vw, 1024px\" \/><\/p>\n<ul>\n<li>A aposta na investiga\u00e7\u00e3o, no desenvolvimento e na inova\u00e7\u00e3o, permite-nos aconselhar adequadamente os nossos clientes em mat\u00e9ria de avalia\u00e7\u00e3o da aptid\u00e3o agr\u00edcola das explora\u00e7\u00f5es, compassos, variedades e maneio das planta\u00e7\u00f5es.<\/li>\n<li>A nossa equipa, altamente qualificada e experiente, \u00e9 constitu\u00edda por engenheiros agr\u00f3nomos, t\u00e9cnicos, tratoristas, condutores de m\u00e1quinas, plantadores e pessoal auxiliar, que se regem pelos valores da seriedade, responsabilidade e compromisso com um trabalho de excel\u00eancia. Deste modo, estamos em condi\u00e7\u00f5es de prestar um servi\u00e7o eficiente e de qualidade.<\/li>\n<li>O material vegetal utilizado, assim como todos os produtos usados nas nossas planta\u00e7\u00f5es, s\u00e3o de 1.\u00aa qualidade e foram previamente testados com excelentes resultados.<\/li>\n<li>Dispomos de uma gama completa de semeadores e de colhedoras de \u00faltima gera\u00e7\u00e3o destinadas ao cultivo e colheita dos frutos.<\/li>\n<\/ul>\n<\/div>\n<div id=\"tab-title-counter-3\" class=\"g1-tab-title \">\n<p>Origem<\/p>\n<\/div>\n<div id=\"tab-content-counter-3\" class=\"g1-tab-content \">\n<p><img loading=\"lazy\" decoding=\"async\" class=\"aligncenter wp-image-7492 size-full\" src=\"http:\/\/novalmendro.com\/wp-content\/uploads\/Novalmendro_3-1-1.jpg\" alt=\"\" width=\"1024\" height=\"406\" srcset=\"https:\/\/novalmendro.com\/wp-content\/uploads\/Novalmendro_3-1-1.jpg 1024w, https:\/\/novalmendro.com\/wp-content\/uploads\/Novalmendro_3-1-1-300x119.jpg 300w, https:\/\/novalmendro.com\/wp-content\/uploads\/Novalmendro_3-1-1-55x22.jpg 55w, https:\/\/novalmendro.com\/wp-content\/uploads\/Novalmendro_3-1-1-968x384.jpg 968w, https:\/\/novalmendro.com\/wp-content\/uploads\/Novalmendro_3-1-1-636x252.jpg 636w, https:\/\/novalmendro.com\/wp-content\/uploads\/Novalmendro_3-1-1-320x127.jpg 320w, https:\/\/novalmendro.com\/wp-content\/uploads\/Novalmendro_3-1-1-239x95.jpg 239w\" sizes=\"auto, (max-width: 1024px) 100vw, 1024px\" \/><\/p>\n<p>Os excelentes resultados obtidos pela Todolivo em Olivais em Sebe, bem como a gest\u00e3o agron\u00f3mica bem sucedida e a tecnologia utilizada, serviram de base ao desenvolvimento do amendoal em sebe.<\/p>\n<p>Com base na experi\u00eancia adquirida no maneio de planta\u00e7\u00f5es em sebe e gra\u00e7as ao nosso departamento de I+D, a Novalmendro desenvolveu um &#8220;Sistema pr\u00f3prio de Amendoal em Sebe&#8221;<\/p>\n<p style=\"text-align: right;\">Em julho de 2010 inici\u00e1mos a 1.\u00aa planta\u00e7\u00e3o de amendoeiras em sebe em L\u00e9rida, Espanha.<br \/>\nNo outono de 2013, a Novalmendro \u00e9 respons\u00e1vel pela 1.\u00aa planta\u00e7\u00e3o de um amendoal em sebe na Andaluzia, em Lora del R\u00edo (Sevilha).<\/p>\n<\/div>\n<p>[\/tab_content]<\/p>\n<\/div>\n","protected":false},"excerpt":{"rendered":"<p>O que nos distingue &nbsp;<\/p>\n","protected":false},"author":1,"featured_media":0,"parent":9132,"menu_order":0,"comment_status":"closed","ping_status":"closed","template":"","meta":{"footnotes":""},"class_list":["post-9134","page","type-page","status-publish"],"_links":{"self":[{"href":"https:\/\/novalmendro.com\/pt-pt\/wp-json\/wp\/v2\/pages\/9134","targetHints":{"allow":["GET"]}}],"collection":[{"href":"https:\/\/novalmendro.com\/pt-pt\/wp-json\/wp\/v2\/pages"}],"about":[{"href":"https:\/\/novalmendro.com\/pt-pt\/wp-json\/wp\/v2\/types\/page"}],"author":[{"embeddable":true,"href":"https:\/\/novalmendro.com\/pt-pt\/wp-json\/wp\/v2\/users\/1"}],"replies":[{"embeddable":true,"href":"https:\/\/novalmendro.com\/pt-pt\/wp-json\/wp\/v2\/comments?post=9134"}],"version-history":[{"count":1,"href":"https:\/\/novalmendro.com\/pt-pt\/wp-json\/wp\/v2\/pages\/9134\/revisions"}],"predecessor-version":[{"id":9143,"href":"https:\/\/novalmendro.com\/pt-pt\/wp-json\/wp\/v2\/pages\/9134\/revisions\/9143"}],"up":[{"embeddable":true,"href":"https:\/\/novalmendro.com\/pt-pt\/wp-json\/wp\/v2\/pages\/9132"}],"wp:attachment":[{"href":"https:\/\/novalmendro.com\/pt-pt\/wp-json\/wp\/v2\/media?parent=9134"}],"curies":[{"name":"wp","href":"https:\/\/api.w.org\/{rel}","templated":true}]}}