{"id":9144,"date":"2015-07-30T23:37:04","date_gmt":"2015-07-30T22:37:04","guid":{"rendered":"http:\/\/novalmendro.com\/pt-pt\/?page_id=9144"},"modified":"2015-07-30T23:37:04","modified_gmt":"2015-07-30T22:37:04","slug":"em-que-consiste-um-amendoal-em-sebe-quais-sao-as-suas-principais-vantagens","status":"publish","type":"page","link":"https:\/\/novalmendro.com\/pt-pt\/amendoal\/em-que-consiste-um-amendoal-em-sebe-quais-sao-as-suas-principais-vantagens\/","title":{"rendered":"Em que consiste um amendoal em sebe? Quais s\u00e3o as suas principais vantagens?"},"content":{"rendered":"<ul class=\"g1-grid\"><li class=\"g1-column g1-one-half g1-valign-top\">\n<h3>Em que consiste um amendoal em sebe?<\/h3>\n<p>Consiste em plantar amendoeiras em linha e pod\u00e1-las em palmeta, de modo a formarem linhas cont\u00ednuas em forma de sebe quando crescerem, permitindo recolher o fruto com uma colhedora.<\/p>\n<p><img loading=\"lazy\" decoding=\"async\" class=\" wp-image-3741 alignleft\" src=\"https:\/\/novalmendro.com\/wp-content\/uploads\/04_11.jpg\" alt=\"04_1\" width=\"450\" height=\"430\" \/><\/p>\n<\/li><!-- -->\n<li class=\"g1-column g1-one-half g1-valign-top\">\n<p><img loading=\"lazy\" decoding=\"async\" class=\" wp-image-3743 alignleft\" src=\"https:\/\/novalmendro.com\/wp-content\/uploads\/04_21.jpg\" alt=\"04_2\" width=\"452\" height=\"292\" srcset=\"https:\/\/novalmendro.com\/wp-content\/uploads\/04_21-55x35.jpg 55w, https:\/\/novalmendro.com\/wp-content\/uploads\/04_21-239x153.jpg 239w\" sizes=\"auto, (max-width: 452px) 100vw, 452px\" \/><\/p>\n<h3><\/h3>\n<h3><\/h3>\n<h3><\/h3>\n<h3><\/h3>\n<h3><\/h3>\n<h3><\/h3>\n<h3><\/h3>\n<h3><\/h3>\n<h3><\/h3>\n<h3>Quais s\u00e3o as suas principais vantagens?<\/h3>\n<ul>\n<li>Entrada precoce em produ\u00e7\u00e3o: A 1\u00aa colheita \u00e9 efetuada ap\u00f3s 1 ano e 10 meses de forma\u00e7\u00e3o.<\/li>\n<li>Cultura mecanizada: colheita com colhedora, r\u00e1pida, barata e ass\u00e9tica (o fruto n\u00e3o toca no ch\u00e3o).<\/li>\n<li>Redu\u00e7\u00e3o dos custos<\/li>\n<li>Excelente rentabilidade.<\/li>\n<li>Melhora a qualidade do fruto.<\/li>\n<li>Aumenta a efici\u00eancia dos tratamentos fitossanit\u00e1rios e do maneio em geral.<\/li>\n<\/ul>\n<ul>\n<li>Minimiza a manuten\u00e7\u00e3o do solo.<\/li>\n<\/ul>\n<\/li><!-- --><\/ul>\n","protected":false},"excerpt":{"rendered":"","protected":false},"author":1,"featured_media":0,"parent":9132,"menu_order":0,"comment_status":"closed","ping_status":"closed","template":"","meta":{"footnotes":""},"class_list":["post-9144","page","type-page","status-publish"],"_links":{"self":[{"href":"https:\/\/novalmendro.com\/pt-pt\/wp-json\/wp\/v2\/pages\/9144","targetHints":{"allow":["GET"]}}],"collection":[{"href":"https:\/\/novalmendro.com\/pt-pt\/wp-json\/wp\/v2\/pages"}],"about":[{"href":"https:\/\/novalmendro.com\/pt-pt\/wp-json\/wp\/v2\/types\/page"}],"author":[{"embeddable":true,"href":"https:\/\/novalmendro.com\/pt-pt\/wp-json\/wp\/v2\/users\/1"}],"replies":[{"embeddable":true,"href":"https:\/\/novalmendro.com\/pt-pt\/wp-json\/wp\/v2\/comments?post=9144"}],"version-history":[{"count":1,"href":"https:\/\/novalmendro.com\/pt-pt\/wp-json\/wp\/v2\/pages\/9144\/revisions"}],"predecessor-version":[{"id":9145,"href":"https:\/\/novalmendro.com\/pt-pt\/wp-json\/wp\/v2\/pages\/9144\/revisions\/9145"}],"up":[{"embeddable":true,"href":"https:\/\/novalmendro.com\/pt-pt\/wp-json\/wp\/v2\/pages\/9132"}],"wp:attachment":[{"href":"https:\/\/novalmendro.com\/pt-pt\/wp-json\/wp\/v2\/media?parent=9144"}],"curies":[{"name":"wp","href":"https:\/\/api.w.org\/{rel}","templated":true}]}}