{"id":9146,"date":"2015-07-30T23:53:32","date_gmt":"2015-07-30T22:53:32","guid":{"rendered":"http:\/\/novalmendro.com\/pt-pt\/?page_id=9146"},"modified":"2020-10-15T11:13:08","modified_gmt":"2020-10-15T09:13:08","slug":"exemplo-da-producao-de-um-amendoal-em-sebe","status":"publish","type":"page","link":"https:\/\/novalmendro.com\/pt-pt\/amendoal\/exemplo-da-producao-de-um-amendoal-em-sebe\/","title":{"rendered":"Exemplo da produ\u00e7\u00e3o de um amendoal em sebe"},"content":{"rendered":"<style type=\"text\/css\" scoped=\"scoped\">#g1-section-1.g1-section {background-color: #fcfcfa; background-repeat:repeat; background-position:center top; background-attachment:static;}<\/style><div id=\"g1-section-1\" class=\"g1-section \"><div class=\"g1-layout-inner\">\n<ul class=\"g1-grid\"><li class=\"g1-column g1-three-fifth g1-valign-top\">\n<h2>AMENDOAL EM SEBE<\/h2>\n<h3>EXPLORA\u00c7\u00c3O AGR\u00cdCOLA \u201cL\u00c9RIDA\u201d (Regadio)<\/h3>\n<div align=\"left\">\n<table style=\"height: 178px;\" border=\"0\">\n<tbody>\n<tr>\n<td width=\"164\">Localidade:<\/td>\n<td align=\"left\">Quinta de Escarpe (L\u00e9rida)<\/td>\n<\/tr>\n<tr>\n<td>Ano da planta\u00e7\u00e3o:<\/td>\n<td align=\"left\">Julho de 2010<\/td>\n<\/tr>\n<tr>\n<td>Superf\u00edcie:<\/td>\n<td align=\"left\"><span id=\"result_box\" lang=\"pt\">3 hectares<\/span><\/td>\n<\/tr>\n<tr>\n<td>Compasso da planta\u00e7\u00e3o:<\/td>\n<td align=\"left\">4 x 1,5m<\/td>\n<\/tr>\n<tr>\n<td>Sistema de forma\u00e7\u00e3o:<\/td>\n<td align=\"left\">Eixo livre sem espalheira<\/td>\n<\/tr>\n<tr>\n<td>Variedade:<\/td>\n<td align=\"left\">Soleta\u00ae e Belona-Isabelona\u00ae<\/td>\n<\/tr>\n<tr>\n<td>Porta-enxertos:<\/td>\n<td align=\"left\">RP-20\u00ae e RP-40\u00ae<\/td>\n<\/tr>\n<tr>\n<td>Irriga\u00e7\u00e3o:<\/td>\n<td align=\"left\">Localizado por gotejamento.<\/td>\n<\/tr>\n<\/tbody>\n<\/table>\n<\/div>\n<\/li><!-- -->\n<li class=\"g1-column g1-two-fifth g1-valign-top\">\n<span id=\"g1-space-1\" class=\"g1-space \" style=\"height:10px;\"><\/span>\n<p><img loading=\"lazy\" decoding=\"async\" class=\"estilo-imagen aligncenter wp-image-3758\" style=\"margin-top: 50px;\" src=\"https:\/\/novalmendro.com\/wp-content\/uploads\/\/05_1-300x174.jpg\" alt=\"\" width=\"400\" height=\"232\" srcset=\"https:\/\/novalmendro.com\/wp-content\/uploads\/05_1-300x174.jpg 300w, https:\/\/novalmendro.com\/wp-content\/uploads\/05_1-55x31.jpg 55w, https:\/\/novalmendro.com\/wp-content\/uploads\/05_1-320x185.jpg 320w, https:\/\/novalmendro.com\/wp-content\/uploads\/05_1-239x138.jpg 239w, https:\/\/novalmendro.com\/wp-content\/uploads\/05_1.jpg 450w\" sizes=\"auto, (max-width: 400px) 100vw, 400px\" \/><\/p>\n<\/li><!-- --><\/ul>\n<\/div><\/div>\n<span id=\"g1-space-2\" class=\"g1-space \" style=\"height:10px;\"><\/span>\n\n<table id=\"tablepress-418\" class=\"tablepress tablepress-id-418 tablepress-idencabezado tablepress-responsive\">\n<thead>\n<tr class=\"row-1\">\n\t<th class=\"column-1\">SOLETA\u00ae - RP 20\u00ae<\/th><th class=\"column-2\">Casca<br \/>\nkg\/ha<\/th><th class=\"column-3\">Rendimento<\/th><th class=\"column-4\">Sementes<br \/>\nkg\/ha<\/th><th class=\"column-5\">m<sup>3<\/sup> \u00e1gua de rega<\/th>\n<\/tr>\n<\/thead>\n<tbody class=\"row-hover\">\n<tr class=\"row-2\">\n\t<td class=\"column-1\">Ano de 2012<\/td><td class=\"column-2\">1.567<\/td><td class=\"column-3\">28.8%<\/td><td class=\"column-4\">450<\/td><td class=\"column-5\">5.000<\/td>\n<\/tr>\n<tr class=\"row-3\">\n\t<td class=\"column-1\">Ano de 2013<\/td><td class=\"column-2\">3.349<\/td><td class=\"column-3\">30.2%<\/td><td class=\"column-4\">1.011<\/td><td class=\"column-5\">5.000<\/td>\n<\/tr>\n<tr class=\"row-4\">\n\t<td class=\"column-1\">Ano de 2014<\/td><td class=\"column-2\">4.429<\/td><td class=\"column-3\">31%<\/td><td class=\"column-4\">1.373<\/td><td class=\"column-5\">4.250<\/td>\n<\/tr>\n<tr class=\"row-5\">\n\t<td class=\"column-1\">Ano de 2015<\/td><td class=\"column-2\">2.300<\/td><td class=\"column-3\">30.2%<\/td><td class=\"column-4\">1.544<\/td><td class=\"column-5\">4.500<\/td>\n<\/tr>\n<tr class=\"row-6\">\n\t<td class=\"column-1\">Ano de 2016<\/td><td class=\"column-2\">5.015<\/td><td class=\"column-3\">34.5%<\/td><td class=\"column-4\">1.730<\/td><td class=\"column-5\">4.500<\/td>\n<\/tr>\n<tr class=\"row-7\">\n\t<td class=\"column-1\">Ano de 2017<\/td><td class=\"column-2\">5.180<\/td><td class=\"column-3\">32.8%<\/td><td class=\"column-4\">1.699<\/td><td class=\"column-5\">5.000<\/td>\n<\/tr>\n<tr class=\"row-8\">\n\t<td class=\"column-1\">Ano de 2018<\/td><td class=\"column-2\">5.378<\/td><td class=\"column-3\">32%<\/td><td class=\"column-4\">1.721<\/td><td class=\"column-5\">7.000<\/td>\n<\/tr>\n<tr class=\"row-9\">\n\t<td class=\"column-1\">Ano de 2019<\/td><td class=\"column-2\">5.097<\/td><td class=\"column-3\">30,90%<\/td><td class=\"column-4\">1.575<\/td><td class=\"column-5\">5.000<\/td>\n<\/tr>\n<tr class=\"row-10\">\n\t<td class=\"column-1\"><b>M\u00e9dia<\/b><\/td><td class=\"column-2\"><b>4.039<\/b><\/td><td class=\"column-3\"><b>31.30%<\/b><\/td><td class=\"column-4\"><b>1.388<\/b><\/td><td class=\"column-5\"><b>5.031<\/b><\/td>\n<\/tr>\n<\/tbody>\n<\/table>\n\n<p>&nbsp;<br \/>\n\n<table id=\"tablepress-518\" class=\"tablepress tablepress-id-518 tablepress-idencabezado tablepress-responsive\">\n<thead>\n<tr class=\"row-1\">\n\t<th class=\"column-1\">BELONA-ISABELONA\u00ae - RP 40\u00ae<\/th><th class=\"column-2\">Casca<br \/>\n(Kg\/ha)<\/th><th class=\"column-3\">Rendimiento<\/th><th class=\"column-4\">Sementes<br \/>\n(Kg\/ha)<\/th><th class=\"column-5\">M<sup>3<\/sup> \u00e1gua de rega<\/th>\n<\/tr>\n<\/thead>\n<tbody class=\"row-hover\">\n<tr class=\"row-2\">\n\t<td class=\"column-1\">Ano 2012<\/td><td class=\"column-2\">1.202<\/td><td class=\"column-3\">29.2%<\/td><td class=\"column-4\">351<\/td><td class=\"column-5\">5.000<\/td>\n<\/tr>\n<tr class=\"row-3\">\n\t<td class=\"column-1\">Ano 2013<\/td><td class=\"column-2\">2.911<\/td><td class=\"column-3\">29.2%<\/td><td class=\"column-4\">850<\/td><td class=\"column-5\">5.000<\/td>\n<\/tr>\n<tr class=\"row-4\">\n\t<td class=\"column-1\">Ano 2014<\/td><td class=\"column-2\">5.158<\/td><td class=\"column-3\">29.2%<\/td><td class=\"column-4\">1.506<\/td><td class=\"column-5\">4.250<\/td>\n<\/tr>\n<tr class=\"row-5\">\n\t<td class=\"column-1\">Ano 2015<\/td><td class=\"column-2\">3.171<\/td><td class=\"column-3\">29.2%<\/td><td class=\"column-4\">926<\/td><td class=\"column-5\">4.500<\/td>\n<\/tr>\n<tr class=\"row-6\">\n\t<td class=\"column-1\">Ano 2016<\/td><td class=\"column-2\">7.603<\/td><td class=\"column-3\">29.2%<\/td><td class=\"column-4\">2.220<\/td><td class=\"column-5\">4.500<\/td>\n<\/tr>\n<tr class=\"row-7\">\n\t<td class=\"column-1\">Ano 2017<\/td><td class=\"column-2\">983<\/td><td class=\"column-3\">29.2%<\/td><td class=\"column-4\">287<\/td><td class=\"column-5\">5.000<\/td>\n<\/tr>\n<tr class=\"row-8\">\n\t<td class=\"column-1\">Ano 2018<\/td><td class=\"column-2\">8.788<\/td><td class=\"column-3\">29.2%<\/td><td class=\"column-4\">2.566<\/td><td class=\"column-5\">7.000<\/td>\n<\/tr>\n<tr class=\"row-9\">\n\t<td class=\"column-1\">Ano 2019<\/td><td class=\"column-2\">TESTE CONCLU\u00cdDO<\/td><td class=\"column-3\">-<\/td><td class=\"column-4\">-<\/td><td class=\"column-5\">-<\/td>\n<\/tr>\n<tr class=\"row-10\">\n\t<td class=\"column-1\"><b>M\u00e9dia<\/b><\/td><td class=\"column-2\"><b>4.259<\/b><\/td><td class=\"column-3\"><b>29.2%<\/b><\/td><td class=\"column-4\"><b>1.244<\/b><\/td><td class=\"column-5\"><b>5.036<\/b><\/td>\n<\/tr>\n<\/tbody>\n<\/table>\n<\/p>\n<p>&nbsp;<\/p>\n<p>Propriedade de Jos\u00e9 Mar\u00eda Roca.<\/p>\n","protected":false},"excerpt":{"rendered":"<p>&nbsp; &nbsp; Propriedade de Jos\u00e9 Mar\u00eda Roca.<\/p>\n","protected":false},"author":1,"featured_media":0,"parent":9132,"menu_order":0,"comment_status":"closed","ping_status":"closed","template":"","meta":{"footnotes":""},"class_list":["post-9146","page","type-page","status-publish"],"_links":{"self":[{"href":"https:\/\/novalmendro.com\/pt-pt\/wp-json\/wp\/v2\/pages\/9146","targetHints":{"allow":["GET"]}}],"collection":[{"href":"https:\/\/novalmendro.com\/pt-pt\/wp-json\/wp\/v2\/pages"}],"about":[{"href":"https:\/\/novalmendro.com\/pt-pt\/wp-json\/wp\/v2\/types\/page"}],"author":[{"embeddable":true,"href":"https:\/\/novalmendro.com\/pt-pt\/wp-json\/wp\/v2\/users\/1"}],"replies":[{"embeddable":true,"href":"https:\/\/novalmendro.com\/pt-pt\/wp-json\/wp\/v2\/comments?post=9146"}],"version-history":[{"count":9,"href":"https:\/\/novalmendro.com\/pt-pt\/wp-json\/wp\/v2\/pages\/9146\/revisions"}],"predecessor-version":[{"id":13444,"href":"https:\/\/novalmendro.com\/pt-pt\/wp-json\/wp\/v2\/pages\/9146\/revisions\/13444"}],"up":[{"embeddable":true,"href":"https:\/\/novalmendro.com\/pt-pt\/wp-json\/wp\/v2\/pages\/9132"}],"wp:attachment":[{"href":"https:\/\/novalmendro.com\/pt-pt\/wp-json\/wp\/v2\/media?parent=9146"}],"curies":[{"name":"wp","href":"https:\/\/api.w.org\/{rel}","templated":true}]}}