{"id":9150,"date":"2015-07-31T09:24:51","date_gmt":"2015-07-31T08:24:51","guid":{"rendered":"http:\/\/novalmendro.com\/pt-pt\/?page_id=9150"},"modified":"2015-07-31T09:24:51","modified_gmt":"2015-07-31T08:24:51","slug":"uma-grande-oportunidade-para-cultivar","status":"publish","type":"page","link":"https:\/\/novalmendro.com\/pt-pt\/amendoal\/uma-grande-oportunidade-para-cultivar\/","title":{"rendered":"Uma grande oportunidade para cultivar"},"content":{"rendered":"<ul class=\"g1-grid\"><li class=\"g1-column g1-three-fifth g1-valign-top\">\n<h1 style=\"text-align: center;\">Amendoal em Sebe<\/h1>\n<h2 style=\"text-align: center;\">Uma grande oportunidade para cultivar<\/h2>\n<\/li><!-- -->\n<li class=\"g1-column g1-two-fifth g1-valign-top\">\n<\/li><!-- --><\/ul>\n<ul class=\"g1-grid\"><li class=\"g1-column g1-three-fifth g1-valign-top\">\n<p>&nbsp;<\/p>\n<p>As perspetivas atuais e futuras desta cultura s\u00e3o muito animadoras. Hoje em dia, a quantidade de am\u00eandoas existente no mundo n\u00e3o chega para satisfazer as necessidades do mercado. O consumo mundial de am\u00eandoas por ano aumentou devido ao surgimento de novos mercados emergentes e \u00e0 publica\u00e7\u00e3o de v\u00e1rios estudos cient\u00edficos que colocam em evid\u00eancia os benef\u00edcios para a sa\u00fade humana do consumo deste fruto. O comportamento dos pre\u00e7os nos \u00faltimos anos tem-se mantido est\u00e1vel e em alta, proporcionando estabilidade e assegurando ao produtor uma rentabilidade indiscut\u00edvel.<\/p>\n<p><strong>NOVAS PLANTA\u00c7\u00d5ES DE AMENDOEIRAS EM SEBE<\/strong><\/p>\n<p>Utilizam novos compassos de planta\u00e7\u00e3o, variedades auto-f\u00e9rteis, de matura\u00e7\u00e3o tardia, enxertadas em porta-enxertos para nanismo;<\/p>\n<ul>\n<li>Pass\u00edveis de serem mecanizadas<\/li>\n<li>Tempor\u00e3<\/li>\n<li>Muito produtivas e rent\u00e1veis<\/li>\n<li>Permitem obter sementes de alta qualidade e excelentes propriedades organol\u00e9pticas<\/li>\n<\/ul>\n<\/li><!-- -->\n<li class=\"g1-column g1-two-fifth g1-valign-top\">\n<p><img loading=\"lazy\" decoding=\"async\" class=\"alignright wp-image-3774 size-full\" style=\"margin-right: -15px;\" src=\"http:\/\/novalmendro.com\/wp-content\/uploads\/07_1.jpg\" alt=\"07_1\" width=\"450\" height=\"574\" srcset=\"https:\/\/novalmendro.com\/wp-content\/uploads\/07_1.jpg 450w, https:\/\/novalmendro.com\/wp-content\/uploads\/07_1-235x300.jpg 235w, https:\/\/novalmendro.com\/wp-content\/uploads\/07_1-55x70.jpg 55w, https:\/\/novalmendro.com\/wp-content\/uploads\/07_1-320x408.jpg 320w, https:\/\/novalmendro.com\/wp-content\/uploads\/07_1-239x304.jpg 239w\" sizes=\"auto, (max-width: 450px) 100vw, 450px\" \/><\/p>\n<\/li><!-- --><\/ul>\n","protected":false},"excerpt":{"rendered":"","protected":false},"author":1,"featured_media":0,"parent":9132,"menu_order":0,"comment_status":"closed","ping_status":"closed","template":"","meta":{"footnotes":""},"class_list":["post-9150","page","type-page","status-publish"],"_links":{"self":[{"href":"https:\/\/novalmendro.com\/pt-pt\/wp-json\/wp\/v2\/pages\/9150","targetHints":{"allow":["GET"]}}],"collection":[{"href":"https:\/\/novalmendro.com\/pt-pt\/wp-json\/wp\/v2\/pages"}],"about":[{"href":"https:\/\/novalmendro.com\/pt-pt\/wp-json\/wp\/v2\/types\/page"}],"author":[{"embeddable":true,"href":"https:\/\/novalmendro.com\/pt-pt\/wp-json\/wp\/v2\/users\/1"}],"replies":[{"embeddable":true,"href":"https:\/\/novalmendro.com\/pt-pt\/wp-json\/wp\/v2\/comments?post=9150"}],"version-history":[{"count":1,"href":"https:\/\/novalmendro.com\/pt-pt\/wp-json\/wp\/v2\/pages\/9150\/revisions"}],"predecessor-version":[{"id":9152,"href":"https:\/\/novalmendro.com\/pt-pt\/wp-json\/wp\/v2\/pages\/9150\/revisions\/9152"}],"up":[{"embeddable":true,"href":"https:\/\/novalmendro.com\/pt-pt\/wp-json\/wp\/v2\/pages\/9132"}],"wp:attachment":[{"href":"https:\/\/novalmendro.com\/pt-pt\/wp-json\/wp\/v2\/media?parent=9150"}],"curies":[{"name":"wp","href":"https:\/\/api.w.org\/{rel}","templated":true}]}}