{"id":9164,"date":"2015-07-31T09:42:57","date_gmt":"2015-07-31T08:42:57","guid":{"rendered":"http:\/\/novalmendro.com\/pt-pt\/?page_id=9164"},"modified":"2015-07-31T09:42:57","modified_gmt":"2015-07-31T08:42:57","slug":"id-novalmendro","status":"publish","type":"page","link":"https:\/\/novalmendro.com\/pt-pt\/amendoal\/id-novalmendro\/","title":{"rendered":"I+D Novalmendro"},"content":{"rendered":"<p><img loading=\"lazy\" decoding=\"async\" class=\" size-full wp-image-3959 aligncenter\" src=\"http:\/\/novalmendro.com\/wp-content\/uploads\/30_1.jpg\" alt=\"30_1\" width=\"1000\" height=\"327\" srcset=\"https:\/\/novalmendro.com\/wp-content\/uploads\/30_1.jpg 1000w, https:\/\/novalmendro.com\/wp-content\/uploads\/30_1-300x98.jpg 300w, https:\/\/novalmendro.com\/wp-content\/uploads\/30_1-55x17.jpg 55w, https:\/\/novalmendro.com\/wp-content\/uploads\/30_1-968x316.jpg 968w, https:\/\/novalmendro.com\/wp-content\/uploads\/30_1-636x207.jpg 636w, https:\/\/novalmendro.com\/wp-content\/uploads\/30_1-320x104.jpg 320w, https:\/\/novalmendro.com\/wp-content\/uploads\/30_1-239x78.jpg 239w\" sizes=\"auto, (max-width: 1000px) 100vw, 1000px\" \/><\/p>\n<p>&nbsp;<\/p>\n<span id=\"g1-space-1\" class=\"g1-space \" style=\"margin-top:-10px;\"><\/span>\n<p>Tal como na Todolivo, a aposta na investiga\u00e7\u00e3o, no desenvolvimento e na inova\u00e7\u00e3o \u00e9 parte integrante da nossa identidade. H\u00e1 j\u00e1 alguns anos que nos dedicamos \u00e0 investiga\u00e7\u00e3o dos amendoais em sebe. A nossa experi\u00eancia, a investiga\u00e7\u00e3o levada a cabo e os excelentes resultados obtidos pela Todolivo no que diz respeito ao Olival em Sebe, constituem um pilar do desenvolvimento desta rent\u00e1vel cultivar. \u00daltimos testes efetuados pela nossa empresa a amendoais:<\/p>\n<span id=\"g1-space-2\" class=\"g1-space \" style=\"height:20px;\"><\/span>\n<h3>\u00daltimos testes efetuados &#8220;in situ&#8221;<\/h3>\n<ul class=\"g1-grid\"><li class=\"g1-column g1-one-half g1-valign-top\">\n<div id=\"g1-box-counter-1\" class=\"g1-box g1-box--simple  g1-box--noicon\" ><div class=\"g1-box__inner\">\n<p><strong>Teste de amendoais em sebe <\/strong>(Outubro de 2013)<br \/>\nCompasso da planta\u00e7\u00e3o: 5 x 1,5 m<br \/>\nVariedade: Guara\u00ae enxertada em RP-20<br \/>\nLocalidade: Lora del R\u00edo (Sevilha)<\/p>\n<\/div><\/div>\n<div id=\"g1-box-counter-2\" class=\"g1-box g1-box--simple  g1-box--noicon\" ><div class=\"g1-box__inner\">\n<p><strong>Teste de densidades na linha e na entrelinha <\/strong>(Mar\u00e7o de 2014)<br \/>\nCompassos: 5x 2 m; 5 x 1,5 m; 4x 1,25<br \/>\nVariedade: Guara\u00ae enxertada em RP-20<br \/>\nLocalidades: Pedro Abad (Santa Maria) e Andujar (Ja\u00e9n)<\/p>\n<\/div><\/div>\n<div align=\"center\"><a class=\"boton\" href=\"http:\/\/novalmendro.com\/pt-pt\/solicitar-mais-informacoes\/\" target=\"new\"><img loading=\"lazy\" decoding=\"async\" class=\"alignleft wp-image-6678\" style=\"margin-top: -12px;\" src=\"https:\/\/novalmendro.com\/wp-content\/uploads\/boton-info.png\" alt=\"boton info\" width=\"50\" height=\"48\" srcset=\"https:\/\/novalmendro.com\/wp-content\/uploads\/boton-info.png 60w, https:\/\/novalmendro.com\/wp-content\/uploads\/boton-info-55x53.png 55w\" sizes=\"auto, (max-width: 50px) 100vw, 50px\" \/><span style=\"color: #ffffff;\">Solicitar mais informa\u00e7\u00f5es<\/span><\/a><\/div>\n<\/li><!-- -->\n<li class=\"g1-column g1-one-half g1-valign-top\">\n<div id=\"g1-box-counter-3\" class=\"g1-box g1-box--simple  g1-box--noicon\" ><div class=\"g1-box__inner\">\n<p><strong>Teste de variedades de am\u00eandoas <\/strong>(Fevereiro de 2014)<br \/>\nCompasso: 5 x1,25 m<br \/>\nVariedades: Guara\u00ae, Avijor e Soleta\u00ae enxertadas em RP-20<br \/>\nLocalidade: Pedro Abad (Cruz de los Huertos 1) C\u00f3rdova<\/p>\n<\/div><\/div>\n<div id=\"g1-box-counter-4\" class=\"g1-box g1-box--simple  g1-box--noicon\" ><div class=\"g1-box__inner\">\n<p><strong>Teste da poda de formac\u00e3o <\/strong>(Junho de 2014)<br \/>\nForma\u00e7\u00e3o em pir\u00e2mide sem poda das faces laterais, forma\u00e7\u00e3o em pir\u00e2mide com poda das faces laterais, topo gradual sem poda das faces laterais e topo gradual com poda das faces laterais.<br \/>\nCompasso: 5 x1,25 m<br \/>\nVariedades: Guara\u00ae, Avijor e Soleta\u00ae enxertadas em RP-20<br \/>\nLocalidade: Pedro Abad. C\u00f3rdova<\/p>\n<\/div><\/div>\n<\/li><!-- --><\/ul>\n<span id=\"g1-space-3\" class=\"g1-space \" style=\"height:25px;\"><\/span>\n<div id=\"g1-box-counter-5\" class=\"g1-box g1-box--simple  g1-box--icon\" ><i class=\"fa fa-flask g1-box__icon\"><\/i><div class=\"g1-box__inner\">\n<h3>Pr\u00f3ximo Teste<\/h3>\n<p>Pretendemos realizar dentro em breve um teste comparativo das densidades de amendoais em sebe, com diferentes variedades e porta-enxertos. (Novalmendro em colabora\u00e7\u00e3o com a La RAEA e Agromillora).<\/p>\n<ul>\n<li>Teste de adapta\u00e7\u00e3o de variedades ao sistema em sebe estreita (3,5\u00d71,2m), com condu\u00e7\u00e3o sem eixo e poda mecanizada e manual. Variedades a comparar: Soleta, Guara, Vayro, Constanti, Ferraduel e Avijor enxertadas em porta-enxertos RP-20.<\/li>\n<li>Teste de adapta\u00e7\u00e3o de variedades ao sistema em sebe estreita (3,5\u00d71,2m), com condu\u00e7\u00e3o em eixo (bambu) e poda 100% mecanizada e 100% manual. Variedades a comparar: Soleta, Guara, Vayro, Constanti, Ferraduel e Avijor enxertadas em porta-enxertos RP-20.<\/li>\n<li>Teste de adapta\u00e7\u00e3o de porta-enxertos ao sistema em sebe estreita (3,5\u00d71,2 m), com condu\u00e7\u00e3o sem eixo e poda 100% mecanizada. Porta-enxertos a comparar: RP-20, RP-40, RReplant, Tetra, Montizo e Irta enxertada de Avijor.<\/li>\n<li>Teste de adapta\u00e7\u00e3o de variedades ao sistema em sebe estreita (3,5\u00d71,2m), com condu\u00e7\u00e3o em eixo (bambu) e poda 100% mecanizada e 100% manual. Porta-enxertos a comparar: RP-20, RP-40, RReplant, Tetra, Montizo e Irta enxertada de Avijor.<\/li>\n<li>Teste comparativo de porta-enxertos no sistema em sebe larga (5x2m) Intensivo (6&#215;3); variedade Avijor em RP-20, RP-40 e GF-677 com condu\u00e7\u00e3o em eixo (bambu) e vaso (bambu).<\/li>\n<\/ul>\n<\/div><\/div>\n<p><img loading=\"lazy\" decoding=\"async\" class=\"alignright size-full wp-image-3963\" src=\"http:\/\/novalmendro.com\/wp-content\/uploads\/31_1.jpg\" alt=\"31_1\" width=\"1000\" height=\"216\" srcset=\"https:\/\/novalmendro.com\/wp-content\/uploads\/31_1.jpg 1000w, https:\/\/novalmendro.com\/wp-content\/uploads\/31_1-300x64.jpg 300w, https:\/\/novalmendro.com\/wp-content\/uploads\/31_1-55x11.jpg 55w, https:\/\/novalmendro.com\/wp-content\/uploads\/31_1-968x209.jpg 968w, https:\/\/novalmendro.com\/wp-content\/uploads\/31_1-636x137.jpg 636w, https:\/\/novalmendro.com\/wp-content\/uploads\/31_1-320x69.jpg 320w, https:\/\/novalmendro.com\/wp-content\/uploads\/31_1-239x51.jpg 239w\" sizes=\"auto, (max-width: 1000px) 100vw, 1000px\" \/><\/p>\n","protected":false},"excerpt":{"rendered":"<p>&nbsp; Tal como na Todolivo, a aposta na investiga\u00e7\u00e3o, no desenvolvimento e na inova\u00e7\u00e3o \u00e9 parte integrante da nossa identidade. H\u00e1 j\u00e1 alguns anos que nos dedicamos \u00e0 investiga\u00e7\u00e3o dos amendoais em sebe. A nossa experi\u00eancia, a investiga\u00e7\u00e3o levada a cabo e os excelentes resultados obtidos pela Todolivo no que diz respeito ao Olival em [&hellip;]<\/p>\n","protected":false},"author":1,"featured_media":0,"parent":9132,"menu_order":0,"comment_status":"closed","ping_status":"closed","template":"","meta":{"footnotes":""},"class_list":["post-9164","page","type-page","status-publish"],"_links":{"self":[{"href":"https:\/\/novalmendro.com\/pt-pt\/wp-json\/wp\/v2\/pages\/9164","targetHints":{"allow":["GET"]}}],"collection":[{"href":"https:\/\/novalmendro.com\/pt-pt\/wp-json\/wp\/v2\/pages"}],"about":[{"href":"https:\/\/novalmendro.com\/pt-pt\/wp-json\/wp\/v2\/types\/page"}],"author":[{"embeddable":true,"href":"https:\/\/novalmendro.com\/pt-pt\/wp-json\/wp\/v2\/users\/1"}],"replies":[{"embeddable":true,"href":"https:\/\/novalmendro.com\/pt-pt\/wp-json\/wp\/v2\/comments?post=9164"}],"version-history":[{"count":1,"href":"https:\/\/novalmendro.com\/pt-pt\/wp-json\/wp\/v2\/pages\/9164\/revisions"}],"predecessor-version":[{"id":9167,"href":"https:\/\/novalmendro.com\/pt-pt\/wp-json\/wp\/v2\/pages\/9164\/revisions\/9167"}],"up":[{"embeddable":true,"href":"https:\/\/novalmendro.com\/pt-pt\/wp-json\/wp\/v2\/pages\/9132"}],"wp:attachment":[{"href":"https:\/\/novalmendro.com\/pt-pt\/wp-json\/wp\/v2\/media?parent=9164"}],"curies":[{"name":"wp","href":"https:\/\/api.w.org\/{rel}","templated":true}]}}