{"id":9169,"date":"2015-07-31T09:47:00","date_gmt":"2015-07-31T08:47:00","guid":{"rendered":"http:\/\/novalmendro.com\/pt-pt\/?page_id=9169"},"modified":"2015-07-31T18:13:23","modified_gmt":"2015-07-31T17:13:23","slug":"servico-integral-em-plantacoes-de-amendoeiras-em-sebe","status":"publish","type":"page","link":"https:\/\/novalmendro.com\/pt-pt\/amendoal\/servico-integral-em-plantacoes-de-amendoeiras-em-sebe\/","title":{"rendered":"Servi\u00e7o integral em planta\u00e7\u00f5es de Amendoeiras em Sebe"},"content":{"rendered":"<div id=\"g1-box-counter-1\" class=\"g1-box g1-box--simple  g1-box--noicon\" ><div class=\"g1-box__inner\">\n<table border=\"0\" width=\"100%\">\n<tbody>\n<tr>\n<td width=\"18%\"><a href=\"http:\/\/novalmendro.com\/pt-pt\/outras-culturas\/amendoal\/teste-de-aptidao-agricola-novalmendro\/\"><img loading=\"lazy\" decoding=\"async\" class=\"aligncenter\" src=\"http:\/\/novalmendro.com\/wp-content\/uploads\/ServicioIntegral_Test-aptitud-150x150.jpg\" alt=\"\" width=\"125\" height=\"125\" \/><\/a><\/td>\n<td width=\"18%\"><a href=\"http:\/\/novalmendro.com\/pt-pt\/outras-culturas\/amendoal\/concecao-de-plantacoes-orcamentos-e-financiamento-novalmendro\/\"><img loading=\"lazy\" decoding=\"async\" class=\"aligncenter wp-image-4681\" src=\"https:\/\/novalmendro.com\/wp-content\/uploads\/\/ServicioIntegral_Diseno-plantaciones-150x150.jpg\" alt=\"ServicioIntegral_Diseno-plantaciones\" width=\"125\" height=\"125\" srcset=\"https:\/\/novalmendro.com\/wp-content\/uploads\/ServicioIntegral_Diseno-plantaciones-150x150.jpg 150w, https:\/\/novalmendro.com\/wp-content\/uploads\/ServicioIntegral_Diseno-plantaciones.jpg 300w, https:\/\/novalmendro.com\/wp-content\/uploads\/ServicioIntegral_Diseno-plantaciones-55x55.jpg 55w, https:\/\/novalmendro.com\/wp-content\/uploads\/ServicioIntegral_Diseno-plantaciones-239x239.jpg 239w\" sizes=\"auto, (max-width: 125px) 100vw, 125px\" \/><\/a><\/td>\n<td width=\"18%\"><a href=\"http:\/\/novalmendro.com\/pt-pt\/outras-culturas\/amendoal\/execucao-integral-de-plantacoes-de-amendoeiras\/\"><img loading=\"lazy\" decoding=\"async\" class=\"aligncenter wp-image-6603\" src=\"https:\/\/novalmendro.com\/wp-content\/uploads\/Novalmendro_12-EjecPlant.jpg\" alt=\"Novalmendro_12-EjecPlant\" width=\"125\" height=\"125\" srcset=\"https:\/\/novalmendro.com\/wp-content\/uploads\/Novalmendro_12-EjecPlant.jpg 150w, https:\/\/novalmendro.com\/wp-content\/uploads\/Novalmendro_12-EjecPlant-55x55.jpg 55w\" sizes=\"auto, (max-width: 125px) 100vw, 125px\" \/><\/a><\/td>\n<td width=\"18%\"><a href=\"http:\/\/novalmendro.com\/pt-pt\/outras-culturas\/amendoal\/porta-enxertos\/\"><img loading=\"lazy\" decoding=\"async\" class=\"  aligncenter wp-image-6605\" src=\"https:\/\/novalmendro.com\/wp-content\/uploads\/Novalmendro_12-Portainj.jpg\" alt=\"Novalmendro_12-Portainj\" width=\"125\" height=\"125\" srcset=\"https:\/\/novalmendro.com\/wp-content\/uploads\/Novalmendro_12-Portainj.jpg 150w, https:\/\/novalmendro.com\/wp-content\/uploads\/Novalmendro_12-Portainj-55x55.jpg 55w\" sizes=\"auto, (max-width: 125px) 100vw, 125px\" \/><\/a><\/td>\n<td width=\"18%\"><a href=\"http:\/\/novalmendro.com\/pt-pt\/outras-culturas\/amendoal\/variedades-de-amendoeiras\/\"><img loading=\"lazy\" decoding=\"async\" class=\"aligncenter wp-image-5783\" src=\"https:\/\/novalmendro.com\/wp-content\/uploads\/\/almendro_plantas-de-almendro-certificadas-150x150.jpg\" alt=\"almendro_plantas-de-almendro-certificadas\" width=\"130\" height=\"125\" srcset=\"https:\/\/novalmendro.com\/wp-content\/uploads\/almendro_plantas-de-almendro-certificadas.jpg 300w, https:\/\/novalmendro.com\/wp-content\/uploads\/almendro_plantas-de-almendro-certificadas-55x53.jpg 55w, https:\/\/novalmendro.com\/wp-content\/uploads\/almendro_plantas-de-almendro-certificadas-239x229.jpg 239w\" sizes=\"auto, (max-width: 130px) 100vw, 130px\" \/><\/a><\/td>\n<\/tr>\n<tr>\n<td style=\"text-align: center;\"><span id=\"g1-space-1\" class=\"g1-space \" style=\"margin-top:-5px;\"><\/span><a href=\"http:\/\/novalmendro.com\/pt-pt\/outras-culturas\/amendoal\/teste-de-aptidao-agricola-novalmendro\/\"><strong>TESTE DE APTID\u00c3O AGR\u00cdCOLA<\/strong><\/a><\/td>\n<td style=\"text-align: center;\"><span id=\"g1-space-2\" class=\"g1-space \" style=\"margin-top:-5px;\"><\/span><strong><a href=\"http:\/\/novalmendro.com\/pt-pt\/outras-culturas\/amendoal\/concecao-de-plantacoes-orcamentos-e-financiamento-novalmendro\/\">CONCE\u00c7\u00c3O<br \/>\nDE PLANTA\u00c7\u00d5ES<\/a><\/strong><\/td>\n<td style=\"text-align: center;\"><span id=\"g1-space-3\" class=\"g1-space \" style=\"margin-top:0px;\"><\/span><a href=\"http:\/\/novalmendro.com\/pt-pt\/outras-culturas\/amendoal\/execucao-integral-de-plantacoes-de-amendoeiras\/\"><strong>EXECU\u00c7\u00c3O DE PLANTA\u00c7\u00d5ES<\/strong><\/a><\/td>\n<td style=\"text-align: center;\"><span id=\"g1-space-4\" class=\"g1-space \" style=\"margin-top:0px;\"><\/span><a href=\"http:\/\/novalmendro.com\/pt-pt\/outras-culturas\/amendoal\/porta-enxertos\/\"><strong>PORTA-ENXERTOS<\/strong><\/a><\/td>\n<td style=\"text-align: center;\"><span id=\"g1-space-5\" class=\"g1-space \" style=\"margin-top:0px;\"><\/span><a href=\"http:\/\/novalmendro.com\/pt-pt\/outras-culturas\/amendoal\/variedades-de-amendoeiras\/\"><strong>AMENDOEIRAS<br \/>\n<strong>CERTIFICADAS<\/strong><\/strong><\/a><\/td>\n<\/tr>\n<\/tbody>\n<\/table>\n<table border=\"0\" width=\"100%\">\n<tbody>\n<tr>\n<td width=\"24%\"><span id=\"g1-space-6\" class=\"g1-space \" style=\"height:10px;\"><\/span><a href=\"http:\/\/novalmendro.com\/pt-pt\/outras-culturas\/amendoal\/aconselhamento-de-sistemas-de-irrigacao-novalmendro\/\"><img loading=\"lazy\" decoding=\"async\" class=\"  aligncenter wp-image-6609\" src=\"https:\/\/novalmendro.com\/wp-content\/uploads\/Novalmendro_12-Riego.jpg\" alt=\"Novalmendro_12-Riego\" width=\"125\" height=\"125\" srcset=\"https:\/\/novalmendro.com\/wp-content\/uploads\/Novalmendro_12-Riego.jpg 150w, https:\/\/novalmendro.com\/wp-content\/uploads\/Novalmendro_12-Riego-55x55.jpg 55w\" sizes=\"auto, (max-width: 125px) 100vw, 125px\" \/><\/a><\/td>\n<td width=\"24%\"><span id=\"g1-space-7\" class=\"g1-space \" style=\"height:10px;\"><\/span><a href=\"http:\/\/novalmendro.com\/pt-pt\/outras-culturas\/amendoal\/assistencia-tecnica-novalmendro\/\"><img loading=\"lazy\" decoding=\"async\" class=\"aligncenter wp-image-5785\" src=\"https:\/\/novalmendro.com\/wp-content\/uploads\/\/almendro_asistencia-tecnica-150x150.jpg\" alt=\"almendro_asistencia-tecnica\" width=\"130\" height=\"125\" srcset=\"https:\/\/novalmendro.com\/wp-content\/uploads\/almendro_asistencia-tecnica-55x53.jpg 55w, https:\/\/novalmendro.com\/wp-content\/uploads\/almendro_asistencia-tecnica-239x229.jpg 239w, https:\/\/novalmendro.com\/wp-content\/uploads\/almendro_asistencia-tecnica.jpg 298w\" sizes=\"auto, (max-width: 130px) 100vw, 130px\" \/><\/a><\/td>\n<td width=\"24%\"><span id=\"g1-space-8\" class=\"g1-space \" style=\"height:10px;\"><\/span><a href=\"http:\/\/novalmendro.com\/pt-pt\/outras-culturas\/amendoal\/colheita-de-amendoas\/\"><img loading=\"lazy\" decoding=\"async\" class=\"  aligncenter wp-image-6611\" src=\"https:\/\/novalmendro.com\/wp-content\/uploads\/Novalmendro_12-Recolec.jpg\" alt=\"Novalmendro_12-Recolec\" width=\"125\" height=\"125\" srcset=\"https:\/\/novalmendro.com\/wp-content\/uploads\/Novalmendro_12-Recolec.jpg 150w, https:\/\/novalmendro.com\/wp-content\/uploads\/Novalmendro_12-Recolec-55x55.jpg 55w\" sizes=\"auto, (max-width: 125px) 100vw, 125px\" \/><\/a><\/td>\n<td width=\"24%\"><span id=\"g1-space-9\" class=\"g1-space \" style=\"height:10px;\"><\/span><a href=\"http:\/\/novalmendro.com\/pt-pt\/outras-culturas\/amendoal\/fertilizantes-e-produtos-fitossanitarios\/\"><img loading=\"lazy\" decoding=\"async\" class=\"  aligncenter wp-image-6613\" src=\"https:\/\/novalmendro.com\/wp-content\/uploads\/Novalmendro_12-Fitosan.jpg\" alt=\"Novalmendro_12-Fitosan\" width=\"125\" height=\"125\" srcset=\"https:\/\/novalmendro.com\/wp-content\/uploads\/Novalmendro_12-Fitosan.jpg 150w, https:\/\/novalmendro.com\/wp-content\/uploads\/Novalmendro_12-Fitosan-55x55.jpg 55w\" sizes=\"auto, (max-width: 125px) 100vw, 125px\" \/><\/a><\/td>\n<\/tr>\n<tr>\n<td style=\"text-align: center;\" width=\"24%\"><span id=\"g1-space-10\" class=\"g1-space \" style=\"margin-top:0px;\"><\/span><a href=\"http:\/\/novalmendro.com\/pt-pt\/outras-culturas\/amendoal\/aconselhamento-de-sistemas-de-irrigacao-novalmendro\/\"><strong>CONCEP\u00c7\u00c3IO E INSTALA-<br \/>\n<strong>\u00c7\u00c3O DE SISTEMAS DE IRRIGA\u00c7\u00c3O<\/strong><\/strong><\/a><\/td>\n<td style=\"text-align: center;\" width=\"24%\"><span id=\"g1-space-11\" class=\"g1-space \" style=\"margin-top:0px;\"><\/span><a href=\"http:\/\/novalmendro.com\/pt-pt\/outras-culturas\/amendoal\/assistencia-tecnica-novalmendro\/\"><strong>ASSIST\u00caNCIA T\u00c9CNICA<\/strong><\/a><\/td>\n<td style=\"text-align: center;\" width=\"24%\"><span id=\"g1-space-12\" class=\"g1-space \" style=\"margin-top:0px;\"><\/span><a href=\"http:\/\/novalmendro.com\/pt-pt\/outras-culturas\/amendoal\/colheita-de-amendoas\/\"><strong>COLHEITA COM COLHEDORA<\/strong><\/a><\/td>\n<td style=\"text-align: center;\" width=\"24%\"><strong><span id=\"g1-space-13\" class=\"g1-space \" style=\"margin-top:0px;\"><\/span><a href=\"http:\/\/novalmendro.com\/pt-pt\/outras-culturas\/amendoal\/fertilizantes-e-produtos-fitossanitarios\/\">FERTILIZANTES E PRODUTOS FITOSSANIT\u00c1RIOS<\/a><\/strong><\/td>\n<\/tr>\n<\/tbody>\n<\/table>\n<\/div><\/div>\n","protected":false},"excerpt":{"rendered":"","protected":false},"author":1,"featured_media":0,"parent":9132,"menu_order":0,"comment_status":"closed","ping_status":"closed","template":"","meta":{"footnotes":""},"class_list":["post-9169","page","type-page","status-publish"],"_links":{"self":[{"href":"https:\/\/novalmendro.com\/pt-pt\/wp-json\/wp\/v2\/pages\/9169","targetHints":{"allow":["GET"]}}],"collection":[{"href":"https:\/\/novalmendro.com\/pt-pt\/wp-json\/wp\/v2\/pages"}],"about":[{"href":"https:\/\/novalmendro.com\/pt-pt\/wp-json\/wp\/v2\/types\/page"}],"author":[{"embeddable":true,"href":"https:\/\/novalmendro.com\/pt-pt\/wp-json\/wp\/v2\/users\/1"}],"replies":[{"embeddable":true,"href":"https:\/\/novalmendro.com\/pt-pt\/wp-json\/wp\/v2\/comments?post=9169"}],"version-history":[{"count":4,"href":"https:\/\/novalmendro.com\/pt-pt\/wp-json\/wp\/v2\/pages\/9169\/revisions"}],"predecessor-version":[{"id":9279,"href":"https:\/\/novalmendro.com\/pt-pt\/wp-json\/wp\/v2\/pages\/9169\/revisions\/9279"}],"up":[{"embeddable":true,"href":"https:\/\/novalmendro.com\/pt-pt\/wp-json\/wp\/v2\/pages\/9132"}],"wp:attachment":[{"href":"https:\/\/novalmendro.com\/pt-pt\/wp-json\/wp\/v2\/media?parent=9169"}],"curies":[{"name":"wp","href":"https:\/\/api.w.org\/{rel}","templated":true}]}}