{"id":9185,"date":"2015-07-31T10:28:47","date_gmt":"2015-07-31T09:28:47","guid":{"rendered":"http:\/\/novalmendro.com\/pt-pt\/?page_id=9185"},"modified":"2016-02-22T11:20:44","modified_gmt":"2016-02-22T10:20:44","slug":"belona","status":"publish","type":"page","link":"https:\/\/novalmendro.com\/pt-pt\/amendoal\/variedades-de-amendoeiras\/belona\/","title":{"rendered":"Belona\u00ae"},"content":{"rendered":"<h2><img loading=\"lazy\" decoding=\"async\" class=\"circleimage alignleft wp-image-7898\" style=\"margin-left: 15px; margin-right: 15px;\" src=\"https:\/\/novalmendro.com\/wp-content\/uploads\/21_11.jpg\" alt=\"21_11\" width=\"210\" height=\"209\" srcset=\"https:\/\/novalmendro.com\/wp-content\/uploads\/21_11.jpg 177w, https:\/\/novalmendro.com\/wp-content\/uploads\/21_11-150x150.jpg 150w, https:\/\/novalmendro.com\/wp-content\/uploads\/21_11-55x55.jpg 55w\" sizes=\"auto, (max-width: 210px) 100vw, 210px\" \/>Belona\u00ae (Obtida pelo CITA de Arag\u00e3o)<\/h2>\n<p>Variedade autof\u00e9rtil, flora\u00e7\u00e3o tardia (dois-tr\u00eas dias antes da Guara), matura\u00e7\u00e3o m\u00e9dia e produtividade m\u00e9dia-alta. Alguma resist\u00eancia \u00e0 geada. Altern\u00e2ncia m\u00e9dia-baixa. Semente volumosa e de qualidade. Toler\u00e2ncia \u00e0 Mancha Amarelada.<\/p>\n<span id=\"g1-space-1\" class=\"g1-space \" style=\"height:60px;\"><\/span>\n<div id=\"g1-tabs-1\" class=\"g1-tabs g1-tabs--simple g1-type--click g1-tabs--horizontal g1-tabs--top g1-align-left \">\n<div id=\"tab-title-counter-1\" class=\"g1-tab-title \">\n<p>Ficha T\u00e9cnica<\/p>\n<\/div>\n<div id=\"tab-content-counter-1\" class=\"g1-tab-content \">\n<h3>Principais caracter\u00edsticas<\/h3>\n<ul class=\"g1-grid\"><li class=\"g1-column g1-two-third g1-valign-top\">\n<table style=\"padding-left: 60px;\" border=\"0\" width=\"100%\">\n<tbody style=\"padding-left: 60px;\">\n<tr style=\"padding-left: 60px;\">\n<td style=\"padding-left: 60px;\" width=\"19%\">Vigor:<\/td>\n<td style=\"padding-left: 60px;\" width=\"81%\">m\u00e9dio<\/td>\n<\/tr>\n<tr style=\"padding-left: 60px;\">\n<td style=\"padding-left: 60px;\">Porte:<\/td>\n<td style=\"padding-left: 60px;\">semi- aberto<\/td>\n<\/tr>\n<tr style=\"padding-left: 60px;\">\n<td style=\"padding-left: 60px;\">Ramagem:<\/td>\n<td style=\"padding-left: 60px;\">abundante nos primeiros anos. Poda simples<\/td>\n<\/tr>\n<tr style=\"padding-left: 60px;\">\n<td style=\"padding-left: 60px;\">Flora\u00e7\u00e3o:<\/td>\n<td style=\"padding-left: 60px;\">tardia (2-3 dias antes da Guara)<\/td>\n<\/tr>\n<tr style=\"padding-left: 60px;\">\n<td style=\"padding-left: 60px;\">Matura\u00e7\u00e3o:<\/td>\n<td style=\"padding-left: 60px;\">m\u00e9dia (princ\u00edpio de setembro)<\/td>\n<\/tr>\n<tr style=\"padding-left: 60px;\">\n<td style=\"padding-left: 60px;\">Casca:<\/td>\n<td style=\"padding-left: 60px;\">dura<\/td>\n<\/tr>\n<tr style=\"padding-left: 60px;\">\n<td style=\"padding-left: 60px;\">Rendimento:<\/td>\n<td style=\"padding-left: 60px;\">27-35%<\/td>\n<\/tr>\n<tr style=\"padding-left: 60px;\">\n<td style=\"padding-left: 60px;\">Produ\u00e7\u00e3o:<\/td>\n<td style=\"padding-left: 60px;\">M\u00e9dia-alta<\/td>\n<\/tr>\n<tr style=\"padding-left: 60px;\">\n<td style=\"padding-left: 60px;\">Frutifica\u00e7\u00e3o:<\/td>\n<td style=\"padding-left: 60px;\">localizada sobretudo em ramalhetes de maio e menos em ramos mistos<\/td>\n<\/tr>\n<tr style=\"padding-left: 60px;\">\n<td style=\"padding-left: 60px;\">Toler\u00e2ncia:<\/td>\n<td style=\"padding-left: 60px;\">m\u00e9dia ao frio<\/td>\n<\/tr>\n<tr style=\"padding-left: 60px;\">\n<td style=\"padding-left: 60px;\">Suscetibilidade:<\/td>\n<td style=\"padding-left: 60px;\">Toler\u00e2ncia \u00e0 Mancha Amarelada<\/td>\n<\/tr>\n<\/tbody>\n<\/table>\n<\/li><!-- --><li class=\"g1-column g1-one-third g1-valign-top\">\n<p><img loading=\"lazy\" decoding=\"async\" class=\"estilo-imagen alignleft wp-image-7900\" style=\"margin-left: 15px; margin-right: 15px;\" src=\"https:\/\/novalmendro.com\/wp-content\/uploads\/21_12.jpg\" alt=\"21_12\" width=\"208\" height=\"290\" srcset=\"https:\/\/novalmendro.com\/wp-content\/uploads\/21_12.jpg 127w, https:\/\/novalmendro.com\/wp-content\/uploads\/21_12-52x73.jpg 52w\" sizes=\"auto, (max-width: 208px) 100vw, 208px\" \/><br \/>\n<\/li><!-- --><\/ul><\/p>\n<\/div>\n<div id=\"tab-title-counter-2\" class=\"g1-tab-title \">\n<p>Fruto<\/p>\n<\/div>\n<div id=\"tab-content-counter-2\" class=\"g1-tab-content \">\n<h3>Caracter\u00edsticas do fruto<\/h3>\n<p><ul class=\"g1-grid\"><li class=\"g1-column g1-one-half g1-valign-top\"><span id=\"g1-space-2\" class=\"g1-space \" style=\"height:20px;\"><\/span><\/p>\n<table style=\"padding-left: 60px;\" border=\"0\" width=\"100%\">\n<tbody style=\"padding-left: 60px;\">\n<tr style=\"padding-left: 60px;\">\n<td style=\"padding-left: 60px;\" width=\"50%\">Forma:<\/td>\n<td style=\"padding-left: 60px;\" width=\"50%\">em forma de cora\u00e7\u00e3o<\/td>\n<\/tr>\n<tr style=\"padding-left: 60px;\">\n<td style=\"padding-left: 60px;\">Tamanho:<\/td>\n<td style=\"padding-left: 60px;\">grande<\/td>\n<\/tr>\n<tr style=\"padding-left: 60px;\">\n<td style=\"padding-left: 60px;\">Peso m\u00e9dio do fruto:<\/td>\n<td style=\"padding-left: 60px;\">1,30\u00a0g<\/td>\n<\/tr>\n<tr style=\"padding-left: 60px;\">\n<td style=\"padding-left: 60px;\">Sementes duplas:<\/td>\n<td style=\"padding-left: 60px;\">0%<\/td>\n<\/tr>\n<tr style=\"padding-left: 60px;\">\n<td style=\"padding-left: 60px;\">Sabor:<\/td>\n<td style=\"padding-left: 60px;\">muito agrad\u00e1vel<\/td>\n<\/tr>\n<\/tbody>\n<\/table>\n<\/li><!-- --><li class=\"g1-column g1-one-half g1-valign-top\">\u00a0<img loading=\"lazy\" decoding=\"async\" class=\"estilo-imagen wp-image-3888 alignleft\" src=\"https:\/\/novalmendro.com\/wp-content\/uploads\/21_2.png\" alt=\"21_2\" width=\"350\" height=\"266\" srcset=\"https:\/\/novalmendro.com\/wp-content\/uploads\/21_2.png 250w, https:\/\/novalmendro.com\/wp-content\/uploads\/21_2-55x41.png 55w, https:\/\/novalmendro.com\/wp-content\/uploads\/21_2-239x181.png 239w\" sizes=\"auto, (max-width: 350px) 100vw, 350px\" \/> <\/li><!-- --><\/ul><\/p>\n<\/div>\n<\/div>\n<div id=\"g1-divider-1\" class=\"g1-divider g1-divider--none g1-divider--noicon \"><\/div>\n<span id=\"g1-space-3\" class=\"g1-space \" style=\"margin-top:-15px;\"><\/span>\n<table border=\"0\" width=\"100%\">\n<tbody>\n<tr>\n<td width=\"128\"><a href=\"http:\/\/novalmendro.com\/pt-pt\/amendoal\/variedades-de-amendoeiras\/avijor\/\"><img loading=\"lazy\" decoding=\"async\" class=\"aligncenter wp-image-7838\" src=\"https:\/\/novalmendro.com\/wp-content\/uploads\/\/VariedadesAlmendro_Laurane-150x150.jpg\" alt=\"VariedadesAlmendro_Laurane\" width=\"125\" height=\"125\" srcset=\"https:\/\/novalmendro.com\/wp-content\/uploads\/VariedadesAlmendro_Laurane-150x150.jpg 150w, https:\/\/novalmendro.com\/wp-content\/uploads\/VariedadesAlmendro_Laurane-55x55.jpg 55w, https:\/\/novalmendro.com\/wp-content\/uploads\/VariedadesAlmendro_Laurane-239x239.jpg 239w, https:\/\/novalmendro.com\/wp-content\/uploads\/VariedadesAlmendro_Laurane.jpg 256w\" sizes=\"auto, (max-width: 125px) 100vw, 125px\" \/><\/a><\/td>\n<td width=\"128\"><a href=\"http:\/\/novalmendro.com\/pt-pt\/amendoal\/variedades-de-amendoeiras\/soleta\/\"><img loading=\"lazy\" decoding=\"async\" class=\"aligncenter wp-image-7832\" src=\"https:\/\/novalmendro.com\/wp-content\/uploads\/\/VariedadesAlmendro_Soleta-150x150.jpg\" alt=\"VariedadesAlmendro_Soleta\" width=\"125\" height=\"120\" srcset=\"https:\/\/novalmendro.com\/wp-content\/uploads\/VariedadesAlmendro_Soleta-55x53.jpg 55w, https:\/\/novalmendro.com\/wp-content\/uploads\/VariedadesAlmendro_Soleta-239x230.jpg 239w, https:\/\/novalmendro.com\/wp-content\/uploads\/VariedadesAlmendro_Soleta.jpg 266w\" sizes=\"auto, (max-width: 125px) 100vw, 125px\" \/><\/a><\/td>\n<td width=\"128\"><a href=\"http:\/\/novalmendro.com\/pt-pt\/amendoal\/variedades-de-amendoeiras\/guara\/\"><img loading=\"lazy\" decoding=\"async\" class=\"aligncenter wp-image-7836\" src=\"https:\/\/novalmendro.com\/wp-content\/uploads\/\/VariedadesAlmendro_Guara-150x150.jpg\" alt=\"VariedadesAlmendro_Guara\" width=\"125\" height=\"122\" srcset=\"https:\/\/novalmendro.com\/wp-content\/uploads\/VariedadesAlmendro_Guara-55x55.jpg 55w, https:\/\/novalmendro.com\/wp-content\/uploads\/VariedadesAlmendro_Guara-239x233.jpg 239w, https:\/\/novalmendro.com\/wp-content\/uploads\/VariedadesAlmendro_Guara.jpg 263w\" sizes=\"auto, (max-width: 125px) 100vw, 125px\" \/><\/a><\/td>\n<td width=\"128\"><a href=\"http:\/\/novalmendro.com\/pt-pt\/amendoal\/variedades-de-amendoeiras\/belona\/\"><img loading=\"lazy\" decoding=\"async\" class=\"aligncenter wp-image-7834\" src=\"https:\/\/novalmendro.com\/wp-content\/uploads\/\/VariedadesAlmendro_Belona-150x150.jpg\" alt=\"VariedadesAlmendro_Belona\" width=\"125\" height=\"122\" srcset=\"https:\/\/novalmendro.com\/wp-content\/uploads\/VariedadesAlmendro_Belona-55x55.jpg 55w, https:\/\/novalmendro.com\/wp-content\/uploads\/VariedadesAlmendro_Belona-239x234.jpg 239w, https:\/\/novalmendro.com\/wp-content\/uploads\/VariedadesAlmendro_Belona.jpg 262w\" sizes=\"auto, (max-width: 125px) 100vw, 125px\" \/><\/a><\/td>\n<\/tr>\n<tr>\n<td style=\"text-align: center;\" width=\"128\"><strong><a title=\"Avijor - Todolivo\" href=\"http:\/\/novalmendro.com\/pt-pt\/amendoal\/variedades-de-amendoeiras\/avijor\/\">Avijor<\/a><\/strong><\/td>\n<td style=\"text-align: center;\" width=\"128\"><a title=\"Soleta\u00ae - Todolivo\" href=\"http:\/\/novalmendro.com\/pt-pt\/amendoal\/variedades-de-amendoeiras\/soleta\/\"><strong>Soleta\u00ae<\/strong><\/a><\/td>\n<td style=\"text-align: center;\" width=\"128\"><strong><a title=\"Guara\u00ae - Todolivo\" href=\"http:\/\/novalmendro.com\/pt-pt\/amendoal\/variedades-de-amendoeiras\/guara\/\">Guara\u00ae<\/a><\/strong><\/td>\n<td style=\"text-align: center;\" width=\"128\"><span style=\"background-color: #000000; color: #ffffff;\"><strong><a style=\"color: #ffffff;\" title=\"Belona\u00ae - Todolivo\" href=\"http:\/\/novalmendro.com\/pt-pt\/amendoal\/variedades-de-amendoeiras\/belona\/\">Belona\u00ae<\/a><\/strong><\/span><\/td>\n<\/tr>\n<\/tbody>\n<\/table>\n<div id=\"g1-divider-2\" class=\"g1-divider g1-divider--none g1-divider--noicon \"><\/div>\n","protected":false},"excerpt":{"rendered":"<p>Belona\u00ae (Obtida pelo CITA de Arag\u00e3o) Variedade autof\u00e9rtil, flora\u00e7\u00e3o tardia (dois-tr\u00eas dias antes da Guara), matura\u00e7\u00e3o m\u00e9dia e produtividade m\u00e9dia-alta. Alguma resist\u00eancia \u00e0 geada. Altern\u00e2ncia m\u00e9dia-baixa. Semente volumosa e de qualidade. Toler\u00e2ncia \u00e0 Mancha Amarelada. Avijor Soleta\u00ae Guara\u00ae Belona\u00ae<\/p>\n","protected":false},"author":1,"featured_media":0,"parent":9168,"menu_order":0,"comment_status":"closed","ping_status":"closed","template":"","meta":{"footnotes":""},"class_list":["post-9185","page","type-page","status-publish"],"_links":{"self":[{"href":"https:\/\/novalmendro.com\/pt-pt\/wp-json\/wp\/v2\/pages\/9185","targetHints":{"allow":["GET"]}}],"collection":[{"href":"https:\/\/novalmendro.com\/pt-pt\/wp-json\/wp\/v2\/pages"}],"about":[{"href":"https:\/\/novalmendro.com\/pt-pt\/wp-json\/wp\/v2\/types\/page"}],"author":[{"embeddable":true,"href":"https:\/\/novalmendro.com\/pt-pt\/wp-json\/wp\/v2\/users\/1"}],"replies":[{"embeddable":true,"href":"https:\/\/novalmendro.com\/pt-pt\/wp-json\/wp\/v2\/comments?post=9185"}],"version-history":[{"count":2,"href":"https:\/\/novalmendro.com\/pt-pt\/wp-json\/wp\/v2\/pages\/9185\/revisions"}],"predecessor-version":[{"id":12447,"href":"https:\/\/novalmendro.com\/pt-pt\/wp-json\/wp\/v2\/pages\/9185\/revisions\/12447"}],"up":[{"embeddable":true,"href":"https:\/\/novalmendro.com\/pt-pt\/wp-json\/wp\/v2\/pages\/9168"}],"wp:attachment":[{"href":"https:\/\/novalmendro.com\/pt-pt\/wp-json\/wp\/v2\/media?parent=9185"}],"curies":[{"name":"wp","href":"https:\/\/api.w.org\/{rel}","templated":true}]}}