{"id":9246,"date":"2015-07-31T11:38:33","date_gmt":"2015-07-31T10:38:33","guid":{"rendered":"http:\/\/novalmendro.com\/pt-pt\/?page_id=9246"},"modified":"2015-07-31T11:38:33","modified_gmt":"2015-07-31T10:38:33","slug":"teste-de-aptidao-agricola-novalmendro","status":"publish","type":"page","link":"https:\/\/novalmendro.com\/pt-pt\/amendoal\/teste-de-aptidao-agricola-novalmendro\/","title":{"rendered":"Teste de aptid\u00e3o agr\u00edcola Novalmendro"},"content":{"rendered":"<ul class=\"g1-grid\"><li class=\"g1-column g1-one-half g1-valign-top\">\n<h2>Servi\u00e7os<\/h2>\n<h1>Teste de aptid\u00e3o agr\u00edcola<\/h1>\n<p>&nbsp;<\/p>\n<h4><em>Antes de iniciar a planta\u00e7\u00e3o, informe-se se a sua explora\u00e7\u00e3o est\u00e1 sujeita a fatores clim\u00e1ticos ou agr\u00edcolas limitantes.<\/em><\/h4>\n<h3>Estudo pormenorizado da sua explora\u00e7\u00e3o<\/h3>\n<p>Antes de dar in\u00edcio \u00e0 planta\u00e7\u00e3o, analis\u00e1mos exaustivamente todos os fatores agr\u00edcolas e clim\u00e1ticos que afetam as culturas e que podem limitar ou colocar em risco a capacidade produtiva, tal como terraceamento ou declive, pedregosidade, encharcamento, composi\u00e7\u00e3o f\u00edsica e qu\u00edmica do solo, clima, disponibilidade de \u00e1gua, verticilose, etc.<\/p>\n<h3>Objetivo<\/h3>\n<p>Avaliar se a explora\u00e7\u00e3o agr\u00edcola \u00e9 ou n\u00e3o adequada a este tipo de cultura. Reduzir os riscos e definir com anteced\u00eancia poss\u00edveis solu\u00e7\u00f5es, caso seja necess\u00e1rio.<\/p>\n<\/li><!-- -->\n<li class=\"g1-column g1-one-half g1-valign-top\">\n<p style=\"text-align: center;\"><img loading=\"lazy\" decoding=\"async\" class=\"alignnone size-full wp-image-6617\" src=\"http:\/\/novalmendro.com\/wp-content\/uploads\/Novalmendro_13-1.jpg\" alt=\"Novalmendro_13-1\" width=\"387\" height=\"500\" srcset=\"https:\/\/novalmendro.com\/wp-content\/uploads\/Novalmendro_13-1.jpg 387w, https:\/\/novalmendro.com\/wp-content\/uploads\/Novalmendro_13-1-232x300.jpg 232w, https:\/\/novalmendro.com\/wp-content\/uploads\/Novalmendro_13-1-55x71.jpg 55w, https:\/\/novalmendro.com\/wp-content\/uploads\/Novalmendro_13-1-320x413.jpg 320w, https:\/\/novalmendro.com\/wp-content\/uploads\/Novalmendro_13-1-239x309.jpg 239w\" sizes=\"auto, (max-width: 387px) 100vw, 387px\" \/><\/p>\n<div align=\"center\"><a class=\"boton\" href=\"http:\/\/novalmendro.com\/solicitud-de-informacion\/\" target=\"new\"><img loading=\"lazy\" decoding=\"async\" class=\"alignleft wp-image-6678\" style=\"margin-top: -12px;\" src=\"https:\/\/novalmendro.com\/wp-content\/uploads\/boton-info.png\" alt=\"boton info\" width=\"50\" height=\"48\" srcset=\"https:\/\/novalmendro.com\/wp-content\/uploads\/boton-info.png 60w, https:\/\/novalmendro.com\/wp-content\/uploads\/boton-info-55x53.png 55w\" sizes=\"auto, (max-width: 50px) 100vw, 50px\" \/><span style=\"color: #ffffff;\">Solicitar m\u00e1s informaci\u00f3n<\/span><\/a><\/div>\n<\/li><!-- --><\/ul>\n","protected":false},"excerpt":{"rendered":"","protected":false},"author":1,"featured_media":0,"parent":9132,"menu_order":0,"comment_status":"closed","ping_status":"closed","template":"","meta":{"footnotes":""},"class_list":["post-9246","page","type-page","status-publish"],"_links":{"self":[{"href":"https:\/\/novalmendro.com\/pt-pt\/wp-json\/wp\/v2\/pages\/9246","targetHints":{"allow":["GET"]}}],"collection":[{"href":"https:\/\/novalmendro.com\/pt-pt\/wp-json\/wp\/v2\/pages"}],"about":[{"href":"https:\/\/novalmendro.com\/pt-pt\/wp-json\/wp\/v2\/types\/page"}],"author":[{"embeddable":true,"href":"https:\/\/novalmendro.com\/pt-pt\/wp-json\/wp\/v2\/users\/1"}],"replies":[{"embeddable":true,"href":"https:\/\/novalmendro.com\/pt-pt\/wp-json\/wp\/v2\/comments?post=9246"}],"version-history":[{"count":1,"href":"https:\/\/novalmendro.com\/pt-pt\/wp-json\/wp\/v2\/pages\/9246\/revisions"}],"predecessor-version":[{"id":9248,"href":"https:\/\/novalmendro.com\/pt-pt\/wp-json\/wp\/v2\/pages\/9246\/revisions\/9248"}],"up":[{"embeddable":true,"href":"https:\/\/novalmendro.com\/pt-pt\/wp-json\/wp\/v2\/pages\/9132"}],"wp:attachment":[{"href":"https:\/\/novalmendro.com\/pt-pt\/wp-json\/wp\/v2\/media?parent=9246"}],"curies":[{"name":"wp","href":"https:\/\/api.w.org\/{rel}","templated":true}]}}