{"id":9249,"date":"2015-07-31T11:42:57","date_gmt":"2015-07-31T10:42:57","guid":{"rendered":"http:\/\/novalmendro.com\/pt-pt\/?page_id=9249"},"modified":"2015-07-31T11:42:57","modified_gmt":"2015-07-31T10:42:57","slug":"concecao-de-plantacoes-orcamentos-e-financiamento-novalmendro","status":"publish","type":"page","link":"https:\/\/novalmendro.com\/pt-pt\/amendoal\/concecao-de-plantacoes-orcamentos-e-financiamento-novalmendro\/","title":{"rendered":"Conce\u00e7\u00e3o de planta\u00e7\u00f5es, or\u00e7amentos e financiamento Novalmendro"},"content":{"rendered":"<h2 style=\"text-align: center;\">CONCE\u00c7\u00c3O DE PLANTA\u00c7\u00d5ES, OR\u00c7AMENTOS<br \/>\ne ESTUDO ECON\u00d3MICO<\/h2>\n<h3>Conce\u00e7\u00e3o de planta\u00e7\u00f5es<\/h3>\n<p><img loading=\"lazy\" decoding=\"async\" class=\"alignright size-full wp-image-3805\" src=\"http:\/\/novalmendro.com\/wp-content\/uploads\/14_1.jpg\" alt=\"14_1\" width=\"500\" height=\"316\" srcset=\"https:\/\/novalmendro.com\/wp-content\/uploads\/14_1.jpg 500w, https:\/\/novalmendro.com\/wp-content\/uploads\/14_1-300x189.jpg 300w, https:\/\/novalmendro.com\/wp-content\/uploads\/14_1-55x34.jpg 55w, https:\/\/novalmendro.com\/wp-content\/uploads\/14_1-320x202.jpg 320w, https:\/\/novalmendro.com\/wp-content\/uploads\/14_1-239x151.jpg 239w\" sizes=\"auto, (max-width: 500px) 100vw, 500px\" \/>Depois de analisados os resultados obtidos no teste de aptid\u00e3o agr\u00edcola, procedemos \u00e0 conce\u00e7\u00e3o da planta\u00e7\u00e3o tendo em conta as prefer\u00eancias e as circunst\u00e2ncias espec\u00edficas de cada agricultor.<\/p>\n<p>A conce\u00e7\u00e3o da planta\u00e7\u00e3o passa por definir:<\/p>\n<ul>\n<li>\u00c1rea destinada \u00e0 planta\u00e7\u00e3o<\/li>\n<li>Variedade ou variedades a plantar<\/li>\n<li>Compasso da planta\u00e7\u00e3o<\/li>\n<li>Orienta\u00e7\u00e3o da planta\u00e7\u00e3o<\/li>\n<li>Tra\u00e7ado de caminhos de acesso e circula\u00e7\u00e3o<\/li>\n<li>Solu\u00e7\u00f5es para eventuais insufici\u00eancias<\/li>\n<\/ul>\n<p style=\"text-align: center;\">Concebida por engenheiros agr\u00f3nomos<br \/>\naltamente qualificados e experientes<\/p>\n<h3>Or\u00e7amento e estudo econ\u00f3mico<\/h3>\n<p>Conclu\u00edda a conce\u00e7\u00e3o da planta\u00e7\u00e3o, \u00e9 elaborado um estudo econ\u00f3mico pormenorizado e personalizado, bem como o respetivo or\u00e7amento com a estimativa do montante total do investimento, custos de manuten\u00e7\u00e3o, produtividade e rentabilidade do investimento para um per\u00edodo de 20 anos.<\/p>\n<div align=\"right\"><a class=\"boton\" href=\"http:\/\/novalmendro.com\/pt-pt\/solicitar-mais-informacoes\/\" target=\"new\"><img loading=\"lazy\" decoding=\"async\" class=\"alignleft wp-image-6678\" style=\"margin-top: -12px;\" src=\"https:\/\/novalmendro.com\/wp-content\/uploads\/boton-info.png\" alt=\"boton info\" width=\"50\" height=\"48\" srcset=\"https:\/\/novalmendro.com\/wp-content\/uploads\/boton-info.png 60w, https:\/\/novalmendro.com\/wp-content\/uploads\/boton-info-55x53.png 55w\" sizes=\"auto, (max-width: 50px) 100vw, 50px\" \/><span style=\"color: #ffffff;\">Solicitar mais informa\u00e7\u00f5es<\/span><\/a><\/div>\n<p style=\"text-align: right;\">\n","protected":false},"excerpt":{"rendered":"<p>CONCE\u00c7\u00c3O DE PLANTA\u00c7\u00d5ES, OR\u00c7AMENTOS e ESTUDO ECON\u00d3MICO Conce\u00e7\u00e3o de planta\u00e7\u00f5es Depois de analisados os resultados obtidos no teste de aptid\u00e3o agr\u00edcola, procedemos \u00e0 conce\u00e7\u00e3o da planta\u00e7\u00e3o tendo em conta as prefer\u00eancias e as circunst\u00e2ncias espec\u00edficas de cada agricultor. A conce\u00e7\u00e3o da planta\u00e7\u00e3o passa por definir: \u00c1rea destinada \u00e0 planta\u00e7\u00e3o Variedade ou variedades a plantar Compasso [&hellip;]<\/p>\n","protected":false},"author":1,"featured_media":0,"parent":9132,"menu_order":0,"comment_status":"closed","ping_status":"closed","template":"","meta":{"footnotes":""},"class_list":["post-9249","page","type-page","status-publish"],"_links":{"self":[{"href":"https:\/\/novalmendro.com\/pt-pt\/wp-json\/wp\/v2\/pages\/9249","targetHints":{"allow":["GET"]}}],"collection":[{"href":"https:\/\/novalmendro.com\/pt-pt\/wp-json\/wp\/v2\/pages"}],"about":[{"href":"https:\/\/novalmendro.com\/pt-pt\/wp-json\/wp\/v2\/types\/page"}],"author":[{"embeddable":true,"href":"https:\/\/novalmendro.com\/pt-pt\/wp-json\/wp\/v2\/users\/1"}],"replies":[{"embeddable":true,"href":"https:\/\/novalmendro.com\/pt-pt\/wp-json\/wp\/v2\/comments?post=9249"}],"version-history":[{"count":1,"href":"https:\/\/novalmendro.com\/pt-pt\/wp-json\/wp\/v2\/pages\/9249\/revisions"}],"predecessor-version":[{"id":9252,"href":"https:\/\/novalmendro.com\/pt-pt\/wp-json\/wp\/v2\/pages\/9249\/revisions\/9252"}],"up":[{"embeddable":true,"href":"https:\/\/novalmendro.com\/pt-pt\/wp-json\/wp\/v2\/pages\/9132"}],"wp:attachment":[{"href":"https:\/\/novalmendro.com\/pt-pt\/wp-json\/wp\/v2\/media?parent=9249"}],"curies":[{"name":"wp","href":"https:\/\/api.w.org\/{rel}","templated":true}]}}