{"id":9253,"date":"2015-07-31T11:46:09","date_gmt":"2015-07-31T10:46:09","guid":{"rendered":"http:\/\/novalmendro.com\/pt-pt\/?page_id=9253"},"modified":"2015-07-31T11:46:09","modified_gmt":"2015-07-31T10:46:09","slug":"execucao-integral-de-plantacoes-de-amendoeiras","status":"publish","type":"page","link":"https:\/\/novalmendro.com\/pt-pt\/amendoal\/execucao-integral-de-plantacoes-de-amendoeiras\/","title":{"rendered":"Execu\u00e7\u00e3o integral de planta\u00e7\u00f5es de Amendoeiras"},"content":{"rendered":"<h3 style=\"text-align: center;\">Procedemos \u00e0 planta\u00e7\u00e3o do seu <span style=\"color: #ff0000;\">amendoal em sebe<\/span> de forma r\u00e1pida e barata<\/h3>\n<ul class=\"g1-grid\"><li class=\"g1-column g1-one-half g1-valign-top\">\n<p>A <strong>Novalmendro <\/strong>disp\u00f5e de onze equipas de planta\u00e7\u00e3o equipadas com tecnologia de \u00faltima gera\u00e7\u00e3o e sistema de alinhamento guiado por GPS, o que permite colocar a planta, o tutor e o herbicida em simult\u00e2neo e plantar mais de 100.000 plantas \/ dia<\/p>\n<h4>Sistema de alinhamento guiado por GPS \u2219 Coloca\u00e7\u00e3o simult\u00e2nea da planta, do tutor e do herbicida<\/h4>\n<div align=\"center\"><a class=\"boton\" href=\"http:\/\/novalmendro.com\/pt-pt\/solicitar-mais-informacoes\/\" target=\"new\"><img loading=\"lazy\" decoding=\"async\" class=\"alignleft wp-image-6678\" style=\"margin-top: -12px;\" src=\"https:\/\/novalmendro.com\/wp-content\/uploads\/boton-info.png\" alt=\"boton info\" width=\"50\" height=\"48\" srcset=\"https:\/\/novalmendro.com\/wp-content\/uploads\/boton-info.png 60w, https:\/\/novalmendro.com\/wp-content\/uploads\/boton-info-55x53.png 55w\" sizes=\"auto, (max-width: 50px) 100vw, 50px\" \/><span style=\"color: #ffffff;\">Solicitar mais informa\u00e7\u00f5es<\/span><\/a><\/div>\n<\/li><!-- -->\n<li class=\"g1-column g1-one-half g1-valign-top\">\n<p style=\"text-align: center;\"><iframe loading=\"lazy\" src=\"https:\/\/www.youtube.com\/embed\/vxTfl49R3rE?rel=0&amp;showinfo=0\" width=\"391\" height=\"220\" frameborder=\"0\" allowfullscreen=\"allowfullscreen\"><\/iframe><\/p>\n<\/li><!-- --><\/ul>\n<span id=\"g1-space-1\" class=\"g1-space \" style=\"height:10px;\"><\/span>\n<h3 style=\"text-align: center;\">A nossa experi\u00eancia, a qualidade e os resultados<br \/>\nobtidos marcam a diferen\u00e7a<\/h3>\n","protected":false},"excerpt":{"rendered":"<p>Procedemos \u00e0 planta\u00e7\u00e3o do seu amendoal em sebe de forma r\u00e1pida e barata A nossa experi\u00eancia, a qualidade e os resultados obtidos marcam a diferen\u00e7a<\/p>\n","protected":false},"author":1,"featured_media":0,"parent":9132,"menu_order":0,"comment_status":"closed","ping_status":"closed","template":"","meta":{"footnotes":""},"class_list":["post-9253","page","type-page","status-publish"],"_links":{"self":[{"href":"https:\/\/novalmendro.com\/pt-pt\/wp-json\/wp\/v2\/pages\/9253","targetHints":{"allow":["GET"]}}],"collection":[{"href":"https:\/\/novalmendro.com\/pt-pt\/wp-json\/wp\/v2\/pages"}],"about":[{"href":"https:\/\/novalmendro.com\/pt-pt\/wp-json\/wp\/v2\/types\/page"}],"author":[{"embeddable":true,"href":"https:\/\/novalmendro.com\/pt-pt\/wp-json\/wp\/v2\/users\/1"}],"replies":[{"embeddable":true,"href":"https:\/\/novalmendro.com\/pt-pt\/wp-json\/wp\/v2\/comments?post=9253"}],"version-history":[{"count":1,"href":"https:\/\/novalmendro.com\/pt-pt\/wp-json\/wp\/v2\/pages\/9253\/revisions"}],"predecessor-version":[{"id":9255,"href":"https:\/\/novalmendro.com\/pt-pt\/wp-json\/wp\/v2\/pages\/9253\/revisions\/9255"}],"up":[{"embeddable":true,"href":"https:\/\/novalmendro.com\/pt-pt\/wp-json\/wp\/v2\/pages\/9132"}],"wp:attachment":[{"href":"https:\/\/novalmendro.com\/pt-pt\/wp-json\/wp\/v2\/media?parent=9253"}],"curies":[{"name":"wp","href":"https:\/\/api.w.org\/{rel}","templated":true}]}}