{"id":9256,"date":"2015-07-31T11:50:13","date_gmt":"2015-07-31T10:50:13","guid":{"rendered":"http:\/\/novalmendro.com\/pt-pt\/?page_id=9256"},"modified":"2015-07-31T11:50:13","modified_gmt":"2015-07-31T10:50:13","slug":"porta-enxertos","status":"publish","type":"page","link":"https:\/\/novalmendro.com\/pt-pt\/amendoal\/porta-enxertos\/","title":{"rendered":"Porta-enxertos"},"content":{"rendered":"<h2 style=\"text-align: center;\">PORTA-ENXERTOS<br \/>\nde nova gera\u00e7\u00e3o<\/h2>\n<h3>Dispomos de v\u00e1rios porta-enxertos ou de porta-enxertos para nanismo, sendo o ROOTPAC-20, um h\u00edbrido da ameixa, o mais utilizado em planta\u00e7\u00f5es em sebe.<\/h3>\n<ul class=\"g1-grid\"><li class=\"g1-column g1-three-fifth g1-valign-top\">\n<h3>Antecipa a matura\u00e7\u00e3o<\/h3>\n<ul>\n<li>Altamente produtivo<\/li>\n<li>O tamanho e a qualidade do fruto \u00e9 muito boa<\/li>\n<li>Controla o vigor<\/li>\n<li>Adapta-se bem a terrenos dif\u00edceis<\/li>\n<\/ul>\n<p>&nbsp;<\/p>\n<h3>Ficha t\u00e9cnica<\/h3>\n<table border=\"0\" width=\"100%\">\n<tbody>\n<tr>\n<td width=\"300\"><strong>Frio:<\/strong><br \/>\n<strong>Asfixia:<\/strong><br \/>\n<strong>Clorose:<\/strong><br \/>\n<strong>Salinidade:<\/strong><br \/>\n<strong>Nem\u00e1todos das galhas:<\/strong><br \/>\n<strong>Nem\u00e1todos prejudiciais:<\/strong><br \/>\n<strong>Agrobacterium tumefaciens:<\/strong><br \/>\n<strong>Armillaria mellea:<\/strong><br \/>\n<strong>Rosellinia necatrix:<\/strong><\/td>\n<td>Tolerante<br \/>\nTolerante<br \/>\nModeradamente tolerante<br \/>\nModeradamente tolerante<br \/>\nResistente<br \/>\nResistente<br \/>\nSens\u00edvel<br \/>\nDesconhecido. Aparentemente tolerante.<br \/>\nModeradamente tolerante.<\/td>\n<\/tr>\n<\/tbody>\n<\/table>\n<h4>Dispomos ainda de porta-enxertos para amendoais intensivos, tais como GF-677, Garnem e a s\u00e9rie Rootpac (40,70,90 e R).<\/h4>\n<\/li><!-- -->\n<li class=\"g1-column g1-two-fifth g1-valign-top\">\n<p><img loading=\"lazy\" decoding=\"async\" class=\"aligncenter wp-image-3818 size-full\" src=\"http:\/\/novalmendro.com\/wp-content\/uploads\/17_11.jpg\" alt=\"17_1\" width=\"347\" height=\"450\" srcset=\"https:\/\/novalmendro.com\/wp-content\/uploads\/17_11.jpg 347w, https:\/\/novalmendro.com\/wp-content\/uploads\/17_11-231x300.jpg 231w, https:\/\/novalmendro.com\/wp-content\/uploads\/17_11-55x71.jpg 55w, https:\/\/novalmendro.com\/wp-content\/uploads\/17_11-320x414.jpg 320w, https:\/\/novalmendro.com\/wp-content\/uploads\/17_11-239x309.jpg 239w\" sizes=\"auto, (max-width: 347px) 100vw, 347px\" \/><\/p>\n<\/li><!-- --><\/ul>\n<div align=\"center\"><a class=\"boton\" href=\"http:\/\/novalmendro.com\/pt-pt\/solicitar-mais-informacoes\/\" target=\"new\"><img loading=\"lazy\" decoding=\"async\" class=\"alignleft wp-image-6678\" style=\"margin-top: -12px;\" src=\"https:\/\/novalmendro.com\/wp-content\/uploads\/boton-info.png\" alt=\"boton info\" width=\"50\" height=\"48\" srcset=\"https:\/\/novalmendro.com\/wp-content\/uploads\/boton-info.png 60w, https:\/\/novalmendro.com\/wp-content\/uploads\/boton-info-55x53.png 55w\" sizes=\"auto, (max-width: 50px) 100vw, 50px\" \/><span style=\"color: #ffffff;\">Solicitar mais informa\u00e7\u00f5es<\/span><\/a><\/div>\n","protected":false},"excerpt":{"rendered":"<p>PORTA-ENXERTOS de nova gera\u00e7\u00e3o Dispomos de v\u00e1rios porta-enxertos ou de porta-enxertos para nanismo, sendo o ROOTPAC-20, um h\u00edbrido da ameixa, o mais utilizado em planta\u00e7\u00f5es em sebe. Solicitar mais informa\u00e7\u00f5es<\/p>\n","protected":false},"author":1,"featured_media":0,"parent":9132,"menu_order":0,"comment_status":"closed","ping_status":"closed","template":"","meta":{"footnotes":""},"class_list":["post-9256","page","type-page","status-publish"],"_links":{"self":[{"href":"https:\/\/novalmendro.com\/pt-pt\/wp-json\/wp\/v2\/pages\/9256","targetHints":{"allow":["GET"]}}],"collection":[{"href":"https:\/\/novalmendro.com\/pt-pt\/wp-json\/wp\/v2\/pages"}],"about":[{"href":"https:\/\/novalmendro.com\/pt-pt\/wp-json\/wp\/v2\/types\/page"}],"author":[{"embeddable":true,"href":"https:\/\/novalmendro.com\/pt-pt\/wp-json\/wp\/v2\/users\/1"}],"replies":[{"embeddable":true,"href":"https:\/\/novalmendro.com\/pt-pt\/wp-json\/wp\/v2\/comments?post=9256"}],"version-history":[{"count":1,"href":"https:\/\/novalmendro.com\/pt-pt\/wp-json\/wp\/v2\/pages\/9256\/revisions"}],"predecessor-version":[{"id":9257,"href":"https:\/\/novalmendro.com\/pt-pt\/wp-json\/wp\/v2\/pages\/9256\/revisions\/9257"}],"up":[{"embeddable":true,"href":"https:\/\/novalmendro.com\/pt-pt\/wp-json\/wp\/v2\/pages\/9132"}],"wp:attachment":[{"href":"https:\/\/novalmendro.com\/pt-pt\/wp-json\/wp\/v2\/media?parent=9256"}],"curies":[{"name":"wp","href":"https:\/\/api.w.org\/{rel}","templated":true}]}}