{"id":9259,"date":"2015-07-31T11:55:34","date_gmt":"2015-07-31T10:55:34","guid":{"rendered":"http:\/\/novalmendro.com\/pt-pt\/?page_id=9259"},"modified":"2015-07-31T11:55:34","modified_gmt":"2015-07-31T10:55:34","slug":"aconselhamento-de-sistemas-de-irrigacao-novalmendro","status":"publish","type":"page","link":"https:\/\/novalmendro.com\/pt-pt\/amendoal\/aconselhamento-de-sistemas-de-irrigacao-novalmendro\/","title":{"rendered":"Aconselhamento de Sistemas de Irriga\u00e7\u00e3o Novalmendro"},"content":{"rendered":"<h1 style=\"text-align: center;\"><img loading=\"lazy\" decoding=\"async\" class=\"size-full wp-image-3089 aligncenter\" src=\"http:\/\/novalmendro.com\/wp-content\/uploads\/77_1.jpg\" alt=\"77_1\" width=\"900\" height=\"152\" \/><\/h1>\n<h1 style=\"text-align: center;\">CONCE\u00c7\u00c3O E INSTALA\u00c7\u00c3O DE SISTEMAS DE IRRIGA\u00c7\u00c3O GOTA-A-GOTA<\/h1>\n<h3 style=\"text-align: center;\"><em>Tire o m\u00e1ximo partido e rendimento da sua explora\u00e7\u00e3o agr\u00edcola<\/em><\/h3>\n<p><img loading=\"lazy\" decoding=\"async\" class=\"alignright wp-image-3095 size-full\" style=\"margin-left: 20px;\" src=\"http:\/\/novalmendro.com\/wp-content\/uploads\/77_2.jpg\" alt=\"77_2\" width=\"240\" height=\"220\" \/><\/p>\n<h3>Instala\u00e7\u00e3o &#8220;chave na m\u00e3o&#8221;<\/h3>\n<p>A Novalmendro disp\u00f5e de um departamento de irriga\u00e7\u00e3o constitu\u00eddo por engenheiros agr\u00f3nomos e t\u00e9cnicos de instala\u00e7\u00e3o experientes, bem como de todos os produtos necess\u00e1rios \u00e0 execu\u00e7\u00e3o eficiente e completa do seu sistema de rega.<\/p>\n<p>O nosso <strong>Departamento de Irriga\u00e7\u00e3o <\/strong>trabalha em colabora\u00e7\u00e3o com o <strong>Departamento de Planta\u00e7\u00f5es <\/strong>de modo a avaliar as necessidades h\u00eddricas da planta\u00e7\u00e3o, dimensionar e conceber o sistema de rega com base na disponibilidade de \u00e1gua e a coordenar os trabalhos de campo.<\/p>\n<h4 style=\"text-align: center;\">Conce\u00e7\u00e3o do projeto \u00b7 Instala\u00e7\u00e3o &#8220;chave na m\u00e3o&#8221; \u00b7 Charcas \u00b7 Tubagem para a rede prim\u00e1ria e secund\u00e1ria de rega \u00b7 Tubagem com gotejadores integrados \u00b7 Filtros autom\u00e1ticos \u00b7 Eletrov\u00e1lvulas \u00b7 Programadores, etc.<\/h4>\n<h3 style=\"text-align: center;\"><em>H\u00e1 15 anos a instalar sistemas de rega &#8220;chave na m\u00e3o&#8221;<\/em><\/h3>\n<p>&nbsp;<\/p>\n<div align=\"center\"><a class=\"boton\" href=\"http:\/\/novalmendro.com\/pt-pt\/solicitar-mais-informacoes\/\" target=\"new\"><img loading=\"lazy\" decoding=\"async\" class=\"alignleft wp-image-6678\" style=\"margin-top: -12px;\" src=\"https:\/\/novalmendro.com\/wp-content\/uploads\/boton-info.png\" alt=\"boton info\" width=\"50\" height=\"48\" srcset=\"https:\/\/novalmendro.com\/wp-content\/uploads\/boton-info.png 60w, https:\/\/novalmendro.com\/wp-content\/uploads\/boton-info-55x53.png 55w\" sizes=\"auto, (max-width: 50px) 100vw, 50px\" \/><span style=\"color: #ffffff;\">Solicitar mais informa\u00e7\u00f5es<\/span><\/a><\/div>\n","protected":false},"excerpt":{"rendered":"<p>CONCE\u00c7\u00c3O E INSTALA\u00c7\u00c3O DE SISTEMAS DE IRRIGA\u00c7\u00c3O GOTA-A-GOTA Tire o m\u00e1ximo partido e rendimento da sua explora\u00e7\u00e3o agr\u00edcola Instala\u00e7\u00e3o &#8220;chave na m\u00e3o&#8221; A Novalmendro disp\u00f5e de um departamento de irriga\u00e7\u00e3o constitu\u00eddo por engenheiros agr\u00f3nomos e t\u00e9cnicos de instala\u00e7\u00e3o experientes, bem como de todos os produtos necess\u00e1rios \u00e0 execu\u00e7\u00e3o eficiente e completa do seu sistema de [&hellip;]<\/p>\n","protected":false},"author":1,"featured_media":0,"parent":9132,"menu_order":0,"comment_status":"closed","ping_status":"closed","template":"","meta":{"footnotes":""},"class_list":["post-9259","page","type-page","status-publish"],"_links":{"self":[{"href":"https:\/\/novalmendro.com\/pt-pt\/wp-json\/wp\/v2\/pages\/9259","targetHints":{"allow":["GET"]}}],"collection":[{"href":"https:\/\/novalmendro.com\/pt-pt\/wp-json\/wp\/v2\/pages"}],"about":[{"href":"https:\/\/novalmendro.com\/pt-pt\/wp-json\/wp\/v2\/types\/page"}],"author":[{"embeddable":true,"href":"https:\/\/novalmendro.com\/pt-pt\/wp-json\/wp\/v2\/users\/1"}],"replies":[{"embeddable":true,"href":"https:\/\/novalmendro.com\/pt-pt\/wp-json\/wp\/v2\/comments?post=9259"}],"version-history":[{"count":1,"href":"https:\/\/novalmendro.com\/pt-pt\/wp-json\/wp\/v2\/pages\/9259\/revisions"}],"predecessor-version":[{"id":9260,"href":"https:\/\/novalmendro.com\/pt-pt\/wp-json\/wp\/v2\/pages\/9259\/revisions\/9260"}],"up":[{"embeddable":true,"href":"https:\/\/novalmendro.com\/pt-pt\/wp-json\/wp\/v2\/pages\/9132"}],"wp:attachment":[{"href":"https:\/\/novalmendro.com\/pt-pt\/wp-json\/wp\/v2\/media?parent=9259"}],"curies":[{"name":"wp","href":"https:\/\/api.w.org\/{rel}","templated":true}]}}