{"id":9261,"date":"2015-07-31T11:58:14","date_gmt":"2015-07-31T10:58:14","guid":{"rendered":"http:\/\/novalmendro.com\/pt-pt\/?page_id=9261"},"modified":"2015-07-31T11:58:14","modified_gmt":"2015-07-31T10:58:14","slug":"assistencia-tecnica-novalmendro","status":"publish","type":"page","link":"https:\/\/novalmendro.com\/pt-pt\/amendoal\/assistencia-tecnica-novalmendro\/","title":{"rendered":"Assist\u00eancia t\u00e9cnica Novalmendro"},"content":{"rendered":"<h2>A sua planta\u00e7\u00e3o em boas m\u00e3os<\/h2>\n<ul class=\"g1-grid\"><li class=\"g1-column g1-one-half g1-valign-top\">\n<blockquote><p>Dispomos de um departamento t\u00e9cnico constitu\u00eddo por engenheiros agr\u00f3nomos altamente qualificados e experientes para o aconselhar e prestar toda a assist\u00eancia t\u00e9cnica necess\u00e1ria.<\/p>\n<p>O nosso objetivo consiste em contribuir para que as planta\u00e7\u00f5es dos nossos clientes atinjam os mais elevados n\u00edveis de produ\u00e7\u00e3o com a m\u00e1xima qualidade e ao menor custo poss\u00edvel.<\/p><\/blockquote>\n<div id=\"g1-box-counter-1\" class=\"g1-box g1-box--simple  g1-box--noicon\" ><div class=\"g1-box__inner\">\n<h3>Pareceres t\u00e9cnicos:<\/h3>\n<hr \/>\n<ul>\n<li>Conce\u00e7\u00e3o da planta\u00e7\u00e3o.<\/li>\n<li>Sele\u00e7\u00e3o de compassos e de variedades.<\/li>\n<li>Orienta\u00e7\u00e3o nutricional personalizada.<\/li>\n<li>Poliniza\u00e7\u00e3o.<\/li>\n<li>Controlo de doen\u00e7as e pragas.<\/li>\n<li>Poda<\/li>\n<li>Controlo de ervas daninhas.<\/li>\n<li>Configura\u00e7\u00e3o de sistemas de rega e de fertirrega personalizados.<\/li>\n<li>Tratamentos e lavra.<\/li>\n<\/ul>\n<span id=\"g1-space-1\" class=\"g1-space \" style=\"margin-top:-5px;\"><\/span>\n<\/div><\/div>\n<\/li><!-- -->\n<li class=\"g1-column g1-one-half g1-valign-top\">\n<p><img loading=\"lazy\" decoding=\"async\" class=\"aligncenter size-full wp-image-3932\" src=\"http:\/\/novalmendro.com\/wp-content\/uploads\/26_1.jpg\" alt=\"26_1\" width=\"450\" height=\"481\" srcset=\"https:\/\/novalmendro.com\/wp-content\/uploads\/26_1.jpg 450w, https:\/\/novalmendro.com\/wp-content\/uploads\/26_1-280x300.jpg 280w, https:\/\/novalmendro.com\/wp-content\/uploads\/26_1-55x58.jpg 55w, https:\/\/novalmendro.com\/wp-content\/uploads\/26_1-320x342.jpg 320w, https:\/\/novalmendro.com\/wp-content\/uploads\/26_1-239x255.jpg 239w\" sizes=\"auto, (max-width: 450px) 100vw, 450px\" \/><\/p>\n<div align=\"center\"><a class=\"boton\" href=\"http:\/\/novalmendro.com\/pt-pt\/solicitar-mais-informacoes\/\" target=\"new\"><img loading=\"lazy\" decoding=\"async\" class=\"alignleft wp-image-6678\" style=\"margin-top: -12px;\" src=\"https:\/\/novalmendro.com\/wp-content\/uploads\/boton-info.png\" alt=\"boton info\" width=\"50\" height=\"48\" srcset=\"https:\/\/novalmendro.com\/wp-content\/uploads\/boton-info.png 60w, https:\/\/novalmendro.com\/wp-content\/uploads\/boton-info-55x53.png 55w\" sizes=\"auto, (max-width: 50px) 100vw, 50px\" \/><span style=\"color: #ffffff;\">Solicitar mais informa\u00e7\u00f5es<\/span><\/a><\/div>\n<\/li><!-- --><\/ul>\n<p style=\"text-align: center;\">\n","protected":false},"excerpt":{"rendered":"<p>A sua planta\u00e7\u00e3o em boas m\u00e3os<\/p>\n","protected":false},"author":1,"featured_media":0,"parent":9132,"menu_order":0,"comment_status":"closed","ping_status":"closed","template":"","meta":{"footnotes":""},"class_list":["post-9261","page","type-page","status-publish"],"_links":{"self":[{"href":"https:\/\/novalmendro.com\/pt-pt\/wp-json\/wp\/v2\/pages\/9261","targetHints":{"allow":["GET"]}}],"collection":[{"href":"https:\/\/novalmendro.com\/pt-pt\/wp-json\/wp\/v2\/pages"}],"about":[{"href":"https:\/\/novalmendro.com\/pt-pt\/wp-json\/wp\/v2\/types\/page"}],"author":[{"embeddable":true,"href":"https:\/\/novalmendro.com\/pt-pt\/wp-json\/wp\/v2\/users\/1"}],"replies":[{"embeddable":true,"href":"https:\/\/novalmendro.com\/pt-pt\/wp-json\/wp\/v2\/comments?post=9261"}],"version-history":[{"count":1,"href":"https:\/\/novalmendro.com\/pt-pt\/wp-json\/wp\/v2\/pages\/9261\/revisions"}],"predecessor-version":[{"id":9263,"href":"https:\/\/novalmendro.com\/pt-pt\/wp-json\/wp\/v2\/pages\/9261\/revisions\/9263"}],"up":[{"embeddable":true,"href":"https:\/\/novalmendro.com\/pt-pt\/wp-json\/wp\/v2\/pages\/9132"}],"wp:attachment":[{"href":"https:\/\/novalmendro.com\/pt-pt\/wp-json\/wp\/v2\/media?parent=9261"}],"curies":[{"name":"wp","href":"https:\/\/api.w.org\/{rel}","templated":true}]}}