{"id":9264,"date":"2015-07-31T12:05:23","date_gmt":"2015-07-31T11:05:23","guid":{"rendered":"http:\/\/novalmendro.com\/pt-pt\/?page_id=9264"},"modified":"2015-08-11T22:42:29","modified_gmt":"2015-08-11T21:42:29","slug":"colheita-de-amendoas","status":"publish","type":"page","link":"https:\/\/novalmendro.com\/pt-pt\/amendoal\/colheita-de-amendoas\/","title":{"rendered":"Colheita de Am\u00eandoas"},"content":{"rendered":"<ul class=\"g1-grid\"><li class=\"g1-column g1-three-fifth g1-valign-top\">\n<span id=\"g1-space-1\" class=\"g1-space \" style=\"height:50px;\"><\/span>\n<h2 style=\"text-align: center;\">Servi\u00e7o de colheita Novalmendro<br \/>\n<span style=\"color: #ff0000;\">Uma equipa ao seu servi\u00e7o<\/span><\/h2>\n<\/li><!-- -->\n<li class=\"g1-column g1-two-fifth g1-valign-top\">\n<p><img loading=\"lazy\" decoding=\"async\" class=\"alignright size-full wp-image-11682\" src=\"http:\/\/novalmendro.com\/wp-content\/uploads\/28_2_pt.png\" alt=\"28_2_pt\" width=\"200\" height=\"200\" srcset=\"https:\/\/novalmendro.com\/wp-content\/uploads\/28_2_pt.png 200w, https:\/\/novalmendro.com\/wp-content\/uploads\/28_2_pt-55x55.png 55w\" sizes=\"auto, (max-width: 200px) 100vw, 200px\" \/><\/p>\n<\/li><!-- --><\/ul>\n<span id=\"g1-space-2\" class=\"g1-space \" style=\"margin-top:-40px;\"><\/span>\n<style type=\"text\/css\" scoped=\"scoped\">#g1-section-1.g1-section {background-repeat:repeat; background-position:center top; background-attachment:static;}<\/style><div id=\"g1-section-1\" class=\"g1-section \"><div class=\"g1-layout-inner\">\n<ul class=\"g1-grid\"><li class=\"g1-column g1-one-half g1-valign-top\">\n<h3>Equipa de colheita<\/h3>\n<h4>Constitu\u00edda por:<\/h4>\n<ul>\n<li>Uma equipa <strong>experiente de condutores de m\u00e1quinas e de mec\u00e2nicos<\/strong><\/li>\n<li><strong>15 colhedoras <\/strong>r\u00e1pidas <strong>&#8220;VX 7090&#8221; <\/strong>(New Holland)<\/li>\n<li><strong>Carregadoras de rodas e cami\u00f5es-tratores <\/strong>para transportarem as colhedoras at\u00e9 \u00e0 explora\u00e7\u00e3o agr\u00edcola.<\/li>\n<\/ul>\n<h3>Servi\u00e7os<\/h3>\n<p>Colheita at\u00e9 <strong>24 horas\/dia.<\/strong><br \/>\n<strong>Transporte <\/strong>da colhedora at\u00e9 \u00e0 explora\u00e7\u00e3o agr\u00edcola.<br \/>\n<strong>Assist\u00eancia t\u00e9cnica: <\/strong>constitu\u00edda por mec\u00e2nicos especializados para solucionarem de forma r\u00e1pida e eficiente qualquer problema mec\u00e2nico que possa surgir durante a colheita.<\/p>\n<\/li><!-- -->\n<li class=\"g1-column g1-one-half g1-valign-top\">\n<p><img loading=\"lazy\" decoding=\"async\" class=\"aligncenter wp-image-3941 size-full\" src=\"http:\/\/novalmendro.com\/wp-content\/uploads\/28_1.jpg\" alt=\"28_1\" width=\"500\" height=\"352\" srcset=\"https:\/\/novalmendro.com\/wp-content\/uploads\/28_1.jpg 500w, https:\/\/novalmendro.com\/wp-content\/uploads\/28_1-300x211.jpg 300w, https:\/\/novalmendro.com\/wp-content\/uploads\/28_1-55x38.jpg 55w, https:\/\/novalmendro.com\/wp-content\/uploads\/28_1-320x225.jpg 320w, https:\/\/novalmendro.com\/wp-content\/uploads\/28_1-239x168.jpg 239w\" sizes=\"auto, (max-width: 500px) 100vw, 500px\" \/><\/p>\n<div align=\"center\"><a class=\"boton\" href=\"http:\/\/novalmendro.com\/pt-pt\/solicitar-mais-informacoes\/\" target=\"new\"><img loading=\"lazy\" decoding=\"async\" class=\"alignleft wp-image-6678\" style=\"margin-top: -12px;\" src=\"https:\/\/novalmendro.com\/wp-content\/uploads\/boton-info.png\" alt=\"boton info\" width=\"50\" height=\"48\" srcset=\"https:\/\/novalmendro.com\/wp-content\/uploads\/boton-info.png 60w, https:\/\/novalmendro.com\/wp-content\/uploads\/boton-info-55x53.png 55w\" sizes=\"auto, (max-width: 50px) 100vw, 50px\" \/><span style=\"color: #ffffff;\">Solicitar mais informa\u00e7\u00f5es<\/span><\/a><\/div>\n<\/li><!-- --><\/ul>\n<\/div><\/div>\n<p style=\"text-align: center;\">\n","protected":false},"excerpt":{"rendered":"","protected":false},"author":1,"featured_media":0,"parent":9132,"menu_order":0,"comment_status":"closed","ping_status":"closed","template":"","meta":{"footnotes":""},"class_list":["post-9264","page","type-page","status-publish"],"_links":{"self":[{"href":"https:\/\/novalmendro.com\/pt-pt\/wp-json\/wp\/v2\/pages\/9264","targetHints":{"allow":["GET"]}}],"collection":[{"href":"https:\/\/novalmendro.com\/pt-pt\/wp-json\/wp\/v2\/pages"}],"about":[{"href":"https:\/\/novalmendro.com\/pt-pt\/wp-json\/wp\/v2\/types\/page"}],"author":[{"embeddable":true,"href":"https:\/\/novalmendro.com\/pt-pt\/wp-json\/wp\/v2\/users\/1"}],"replies":[{"embeddable":true,"href":"https:\/\/novalmendro.com\/pt-pt\/wp-json\/wp\/v2\/comments?post=9264"}],"version-history":[{"count":5,"href":"https:\/\/novalmendro.com\/pt-pt\/wp-json\/wp\/v2\/pages\/9264\/revisions"}],"predecessor-version":[{"id":11683,"href":"https:\/\/novalmendro.com\/pt-pt\/wp-json\/wp\/v2\/pages\/9264\/revisions\/11683"}],"up":[{"embeddable":true,"href":"https:\/\/novalmendro.com\/pt-pt\/wp-json\/wp\/v2\/pages\/9132"}],"wp:attachment":[{"href":"https:\/\/novalmendro.com\/pt-pt\/wp-json\/wp\/v2\/media?parent=9264"}],"curies":[{"name":"wp","href":"https:\/\/api.w.org\/{rel}","templated":true}]}}