{"id":9271,"date":"2015-07-31T16:12:56","date_gmt":"2015-07-31T15:12:56","guid":{"rendered":"http:\/\/novalmendro.com\/pt-pt\/?page_id=9271"},"modified":"2015-07-31T16:12:56","modified_gmt":"2015-07-31T15:12:56","slug":"fertilizantes-e-produtos-fitossanitarios","status":"publish","type":"page","link":"https:\/\/novalmendro.com\/pt-pt\/amendoal\/fertilizantes-e-produtos-fitossanitarios\/","title":{"rendered":"Fertilizantes e Produtos Fitossanit\u00e1rios"},"content":{"rendered":"<h2 style=\"text-align: center;\">Zelamos pela sa\u00fade e produtividade do seu amendoal de forma sustent\u00e1vel, rent\u00e1vel e respons\u00e1vel do ponto de vista ambiental.<\/h2>\n<p><img loading=\"lazy\" decoding=\"async\" class=\"aligncenter wp-image-3954\" src=\"https:\/\/novalmendro.com\/wp-content\/uploads\/29_1.jpg\" alt=\"29_1\" width=\"975\" height=\"100\" srcset=\"https:\/\/novalmendro.com\/wp-content\/uploads\/29_1.jpg 900w, https:\/\/novalmendro.com\/wp-content\/uploads\/29_1-300x30.jpg 300w, https:\/\/novalmendro.com\/wp-content\/uploads\/29_1-55x5.jpg 55w, https:\/\/novalmendro.com\/wp-content\/uploads\/29_1-636x65.jpg 636w, https:\/\/novalmendro.com\/wp-content\/uploads\/29_1-320x32.jpg 320w, https:\/\/novalmendro.com\/wp-content\/uploads\/29_1-239x24.jpg 239w\" sizes=\"auto, (max-width: 975px) 100vw, 975px\" \/><\/p>\n<ul class=\"g1-grid\"><li class=\"g1-column g1-one-half g1-valign-top\">\n<h3>PRODU\u00c7\u00c3O INTEGRADA DE AMENDOAIS<\/h3>\n<p>A <strong>equipa t\u00e9cnica da Novalmendro gere todas as explora\u00e7\u00f5es agr\u00edcolas <\/strong>de acordo com as melhores pr\u00e1ticas de prote\u00e7\u00e3o integrada das culturas, com exce\u00e7\u00e3o para as explora\u00e7\u00f5es de produ\u00e7\u00e3o ecol\u00f3gica que est\u00e3o sujeitas \u00e0 correspondente regulamenta\u00e7\u00e3o.<\/p>\n<p><strong>Os nossos engenheiros apenas recomendam a aplica\u00e7\u00e3o de um tratamento <\/strong>caso verifiquem &#8220;in situ&#8221; que a praga objeto de estudo excedeu o limiar admiss\u00edvel, justificando por isso o seu combate do ponto de vista econ\u00f3mico e fitossanit\u00e1rio.<\/p>\n<p>Dispomos de uma <strong>equipa t\u00e9cnica experiente para o aconselhar no que concerne a<\/strong>:<\/p>\n<ul>\n<li>Nutri\u00e7\u00e3o e fertirriga\u00e7\u00e3o<\/li>\n<li>Doen\u00e7as e pragas<\/li>\n<li>Controlo de ervas daninhas<\/li>\n<li>Dose e \u00e9poca de aplica\u00e7\u00e3o, etc.<\/li>\n<\/ul>\n<\/li><!-- -->\n<li class=\"g1-column g1-one-half g1-valign-top\">\n<p><strong>Dispomos de uma gama completa de:<\/strong><\/p>\n<ul>\n<li><strong><strong><img loading=\"lazy\" decoding=\"async\" class=\"alignright  wp-image-2794\" src=\"http:\/\/novalmendro.com\/wp-content\/uploads\/Todolivo_Abonosyfito2.jpg\" alt=\"Todolivo_Abonosyfito2\" width=\"254\" height=\"186\" \/><\/strong><\/strong><strong>Fertilizantes e nutrientes<\/strong><\/li>\n<li><strong>Fungicidas<\/strong><\/li>\n<li><strong>Herbicidas<\/strong><\/li>\n<li><strong>Inseticidas e acaricidas<\/strong><\/li>\n<li><strong>Fitorreguladores, etc.<\/strong><\/li>\n<\/ul>\n<p>Para dar resposta a todas e a cada uma das necessidades que possam surgir no seu amendoal.<\/p>\n<p>Os nossos <strong>produtos <\/strong>est\u00e3o <strong>oficialmente aprovados na Uni\u00e3o Europeia <\/strong>e foram selecionados segundo rigorosos crit\u00e9rios de qualidade.<\/p>\n<\/li><!-- --><\/ul>\n<div align=\"center\"><a class=\"boton\" href=\"http:\/\/novalmendro.com\/pt-pt\/solicitar-mais-informacoes\/\" target=\"new\"><img loading=\"lazy\" decoding=\"async\" class=\"alignleft wp-image-6678\" style=\"margin-top: -12px;\" src=\"https:\/\/novalmendro.com\/wp-content\/uploads\/boton-info.png\" alt=\"boton info\" width=\"50\" height=\"48\" srcset=\"https:\/\/novalmendro.com\/wp-content\/uploads\/boton-info.png 60w, https:\/\/novalmendro.com\/wp-content\/uploads\/boton-info-55x53.png 55w\" sizes=\"auto, (max-width: 50px) 100vw, 50px\" \/><span style=\"color: #ffffff;\">Solicitar mais informa\u00e7\u00f5es<\/span><\/a><\/div>\n","protected":false},"excerpt":{"rendered":"<p>Zelamos pela sa\u00fade e produtividade do seu amendoal de forma sustent\u00e1vel, rent\u00e1vel e respons\u00e1vel do ponto de vista ambiental. Solicitar mais informa\u00e7\u00f5es<\/p>\n","protected":false},"author":1,"featured_media":0,"parent":9132,"menu_order":0,"comment_status":"closed","ping_status":"closed","template":"","meta":{"footnotes":""},"class_list":["post-9271","page","type-page","status-publish"],"_links":{"self":[{"href":"https:\/\/novalmendro.com\/pt-pt\/wp-json\/wp\/v2\/pages\/9271","targetHints":{"allow":["GET"]}}],"collection":[{"href":"https:\/\/novalmendro.com\/pt-pt\/wp-json\/wp\/v2\/pages"}],"about":[{"href":"https:\/\/novalmendro.com\/pt-pt\/wp-json\/wp\/v2\/types\/page"}],"author":[{"embeddable":true,"href":"https:\/\/novalmendro.com\/pt-pt\/wp-json\/wp\/v2\/users\/1"}],"replies":[{"embeddable":true,"href":"https:\/\/novalmendro.com\/pt-pt\/wp-json\/wp\/v2\/comments?post=9271"}],"version-history":[{"count":1,"href":"https:\/\/novalmendro.com\/pt-pt\/wp-json\/wp\/v2\/pages\/9271\/revisions"}],"predecessor-version":[{"id":9272,"href":"https:\/\/novalmendro.com\/pt-pt\/wp-json\/wp\/v2\/pages\/9271\/revisions\/9272"}],"up":[{"embeddable":true,"href":"https:\/\/novalmendro.com\/pt-pt\/wp-json\/wp\/v2\/pages\/9132"}],"wp:attachment":[{"href":"https:\/\/novalmendro.com\/pt-pt\/wp-json\/wp\/v2\/media?parent=9271"}],"curies":[{"name":"wp","href":"https:\/\/api.w.org\/{rel}","templated":true}]}}