{"id":9275,"date":"2015-07-31T16:21:23","date_gmt":"2015-07-31T15:21:23","guid":{"rendered":"http:\/\/novalmendro.com\/pt-pt\/?page_id=9275"},"modified":"2022-01-17T13:22:22","modified_gmt":"2022-01-17T11:22:22","slug":"politica-de-privacidade-cookies","status":"publish","type":"page","link":"https:\/\/novalmendro.com\/pt-pt\/politica-de-privacidade-cookies\/","title":{"rendered":"Pol\u00edtica de Privacidade e Cookies"},"content":{"rendered":"<p><strong><span style=\"text-decoration: underline;\"><u>AVISO LEGAL: Recolha de dados ao aceder e utilizar a p\u00e1gina web (LSSICE + LOPD)<\/u><\/span><\/strong><\/p>\n<p>&#8220;Em conformidade com a Lei Org\u00e2nica n.\u00ba 15\/1999, de 13 de dezembro, relativa \u00e0 Protec\u00e7\u00e3o de Dados Pessoais, informamos que, ao preencher este formul\u00e1rio, os seus dados pessoais ser\u00e3o armazenados e processados num ficheiro da propriedade da Todolivo S.L., tendo em vista gerir a sua rela\u00e7\u00e3o com a empresa.<\/p>\n<p>Contudo, a menos que expressamente indicado em contr\u00e1rio, os seus dados pessoais poder\u00e3o ser utilizados para o manter informado sobre novidades, produtos e servi\u00e7os da empresa.<br \/>\nPor outro lado, o utilizador poder\u00e1 exercer os seus direitos de acesso, retifica\u00e7\u00e3o, cancelamento e oposi\u00e7\u00e3o dos dados de car\u00e1ter pessoal por e-mail, para o endere\u00e7o joseignacio@todolivo.com, ou por carta dirigida \u00e0 TODOLIVO S.L., C\u00d3RDOVA (C\u00d3RDOVA), C.P. 14013, a\/c do ENGENHEIRO TORRES QUEBEDO, acompanhada de fotoc\u00f3pia do BI\/Cart\u00e3o do Cidad\u00e3o&#8221;.<\/p>\n<h1>Cookies<\/h1>\n<h2>O que s\u00e3o cookies?<\/h2>\n<p>Um cookie \u00e9 um pequeno ficheiro de texto que um s\u00edtio Web instala no seu computador ou dispositivo m\u00f3vel quando o visita. Estes ficheiros permitem que durante um certo per\u00edodo de tempo o s\u00edtio Web se \u00ablembre\u00bb das suas a\u00e7\u00f5es e prefer\u00eancias, nomeadamente do nome de utilizador, da l\u00edngua escolhida, do tamanho dos carateres e de outras defini\u00e7\u00f5es de visualiza\u00e7\u00e3o. \u00c9 por isso que quando percorre as p\u00e1ginas de um s\u00edtio ou regressa a um s\u00edtio que j\u00e1 visitou n\u00e3o tem, em princ\u00edpio, de voltar a indicar as suas prefer\u00eancias quando regressa a um s\u00edtio.<\/p>\n<h2>Como utilizamos os cookies?<\/h2>\n<p>V\u00e1rias das nossas p\u00e1ginas utilizam cookies para registar:<\/p>\n<ul>\n<li>as suas prefer\u00eancias em termos de visualiza\u00e7\u00e3o, tais como par\u00e2metros relativos ao contraste e \u00e0 cor ou ao tamanho dos carateres<\/li>\n<li>se j\u00e1 respondeu a um inqu\u00e9rito numa janela instant\u00e2nea em que lhe \u00e9 perguntado se acha \u00fatil ou n\u00e3o o conte\u00fado da p\u00e1gina em quest\u00e3o (para que o mesmo deixe de aparecer se j\u00e1 respondeu)<\/li>\n<li>se deu ou n\u00e3o o seu acordo quanto \u00e0 instala\u00e7\u00e3o de cookies<\/li>\n<\/ul>\n<p>Al\u00e9m disso, alguns v\u00eddeos inseridos nas nossas p\u00e1ginas utilizam um cookie para recolher estat\u00edsticas an\u00f3nimas sobre a forma como as pessoas chegaram at\u00e9 eles e que v\u00eddeos viram.<\/p>\n<p>A ativa\u00e7\u00e3o dos cookies n\u00e3o \u00e9 indispens\u00e1vel para que um s\u00edtio Web funcione, mas facilita a navega\u00e7\u00e3o. Os cookies podem ser apagados ou bloqueados, mas se o fizer poder\u00e1 desativar algumas funcionalidades do s\u00edtio.<\/p>\n<p>As informa\u00e7\u00f5es associadas aos cookies n\u00e3o s\u00e3o utilizadas para identificar pessoalmente os utilizadores e a Comiss\u00e3o tem pleno controlo sobre os dados recolhidos. A Comiss\u00e3o s\u00f3 usa cookies para os fins referidos.<\/p>\n<p>Os cookies que usamos s\u00e3o os seguintes:<\/p>\n<p>&nbsp;<\/p>\n<table>\n<tbody>\n<tr>\n<td style=\"text-align: center;\" colspan=\"4\">Cookies pr\u00f3prios<\/td>\n<\/tr>\n<tr>\n<th>Entidade que utiliza cookies<\/th>\n<th>Cookies<\/th>\n<th>Finalidade<\/th>\n<th>Dura\u00e7\u00e3o<\/th>\n<\/tr>\n<tr>\n<td style=\"border: 1px solid #000; padding: 7px;\">O propriet\u00e1rio deste website<\/td>\n<td style=\"border: 1px solid #000; padding: 7px;\">_fbp<\/td>\n<td style=\"border: 1px solid #000; padding: 7px;\">Armazenar e localizar visitas ao website<\/td>\n<td style=\"border: 1px solid #000; padding: 7px;\">3 meses<\/td>\n<\/tr>\n<tr>\n<td style=\"border: 1px solid #000; padding: 7px;\">O propriet\u00e1rio deste website<\/td>\n<td style=\"border: 1px solid #000; padding: 7px;\">_gat_gtag<\/td>\n<td style=\"border: 1px solid #000; padding: 7px;\">Utilizado para limitar a percentagem de pedidos.<\/td>\n<td style=\"border: 1px solid #000; padding: 7px;\">1 minuto<\/td>\n<\/tr>\n<tr>\n<td style=\"border: 1px solid #000; padding: 7px;\">O propriet\u00e1rio deste website<\/td>\n<td style=\"border: 1px solid #000; padding: 7px;\">_ga<\/td>\n<td style=\"border: 1px solid #000; padding: 7px;\">\u00c9 utilizado para distinguir os utilizadores.<\/td>\n<td style=\"border: 1px solid #000; padding: 7px;\">2 anos<\/td>\n<\/tr>\n<tr>\n<td style=\"border: 1px solid #000; padding: 7px;\">O propriet\u00e1rio deste website<\/td>\n<td style=\"border: 1px solid #000; padding: 7px;\">_gid<\/td>\n<td style=\"border: 1px solid #000; padding: 7px;\">\u00c9 utilizado para distinguir os utilizadores.<\/td>\n<td style=\"border: 1px solid #000; padding: 7px;\">24 horas<\/td>\n<\/tr>\n<tr>\n<td style=\"border: 1px solid #000; padding: 7px;\">O propriet\u00e1rio deste website<\/td>\n<td style=\"border: 1px solid #000; padding: 7px;\">wpml_browser_redirect_test<\/td>\n<td style=\"border: 1px solid #000; padding: 7px;\">\u00c9 utilizado para distinguir os utilizadores.<\/td>\n<td style=\"border: 1px solid #000; padding: 7px;\">Sess\u00e3o<\/td>\n<\/tr>\n<tr>\n<td style=\"border: 1px solid #000; padding: 7px;\">O propriet\u00e1rio deste website<\/td>\n<td style=\"border: 1px solid #000; padding: 7px;\">g1_preheader_open_on_startup<\/td>\n<td style=\"border: 1px solid #000; padding: 7px;\">Verificar se os cookies est\u00e3o activados<\/td>\n<td style=\"border: 1px solid #000; padding: 7px;\">Sess\u00e3o<\/td>\n<\/tr>\n<tr>\n<td style=\"border: 1px solid #000; padding: 7px;\">O propriet\u00e1rio deste website<\/td>\n<td style=\"border: 1px solid #000; padding: 7px;\">_icl_visitor_lang_js<\/td>\n<td style=\"border: 1px solid #000; padding: 7px;\">Armazena e redirecciona a l\u00edngua<\/td>\n<td style=\"border: 1px solid #000; padding: 7px;\">Sess\u00e3o<\/td>\n<\/tr>\n<\/tbody>\n<\/table>\n<p>&nbsp;<\/p>\n<p>&nbsp;<\/p>\n<table>\n<tbody>\n<tr>\n<td style=\"text-align: center;\" colspan=\"3\">Cookies de terceiros<\/td>\n<\/tr>\n<tr>\n<th>Entidade que utiliza cookies<\/th>\n<th>Finalidade<\/th>\n<th>Mais informa\u00e7\u00f5es<\/th>\n<\/tr>\n<tr>\n<td style=\"border: 1px solid #000; padding: 7px;\">Google Analytics<\/td>\n<td style=\"border: 1px solid #000; padding: 7px;\">Recolher informa\u00e7\u00f5es sobre a navega\u00e7\u00e3o dos utilizadores do s\u00edtio a fim de saber a origem das visitas e outros dados estat\u00edsticos semelhantes.<\/td>\n<td style=\"border: 1px solid #000; padding: 7px;\"><a href=\"https:\/\/developers.google.com\/analytics\/devguides\/collection\/analyticsjs\/cookie-usage\">Google Analytics<\/a><br \/>\n<a href=\"https:\/\/policies.google.com\/privacy?hl=es\">Centro de Privacidade do Google<\/a><\/td>\n<\/tr>\n<\/tbody>\n<\/table>\n<h2>Utilizamos outros cookies?<\/h2>\n<p>Algumas das nossas p\u00e1ginas ou s\u00edtios Web podem utilizar outros cookies diferentes dos acima descritos. Nesse caso, a \u00e1rea espec\u00edfica sobre cookies da p\u00e1gina de advert\u00eancia conter\u00e1 informa\u00e7\u00f5es pormenorizadas sobre os mesmos, podendo ser solicitado o seu acordo para que possam ser instalados.<\/p>\n<h2>Como controlar os cookies<\/h2>\n<p>Pode controlar e\/ou apagar os cookies que desejar. Para mais informa\u00e7\u00f5es, consulte <a href=\"http:\/\/aboutcookies.org\" target=\"_blank\" rel=\"noopener noreferrer\">aboutcookies.org<\/a>. Pode apagar todos os cookies j\u00e1 instalados no seu computador ou dispositivo m\u00f3vel ou ativar uma op\u00e7\u00e3o dispon\u00edvel na maioria dos programas de navega\u00e7\u00e3o que impede a sua instala\u00e7\u00e3o. Mas se o fizer, poder\u00e1 ter de configurar manualmente algumas prefer\u00eancias sempre que visitar um s\u00edtio e corre o risco de desativar determinados servi\u00e7os e funcionalidades.<\/p>\n<h1>\nPol\u00edtica de privacidade<\/h1>\n<h2>Prote\u00e7\u00e3o de dados pessoais<\/h2>\n<p>A Todolivo est\u00e1 empenhada em proteger a vida privada dos utilizadores.<\/p>\n<p>A pol\u00edtica relativa \u00e0 prote\u00e7\u00e3o das pessoas singulares no que diz respeito ao tratamento de dados pessoais pelas institui\u00e7\u00f5es da Todolivo baseia-se no Regulamento Comunit\u00e1rio 2016\/679 de 27 de abril de 2016 (RGPD), relativo \u00e0 prote\u00e7\u00e3o das pessoas singulares no que diz respeito ao tratamento de dados pessoais.<\/p>\n<p>Esta pol\u00edtica geral abrange todos os s\u00edtios institucionais da Todolivo com o dom\u00ednio \u00abTodolivo.com\u00bb. Embora seja poss\u00edvel navegar na maioria desses s\u00edtios sem fornecer informa\u00e7\u00f5es pessoais, em alguns casos estas s\u00e3o necess\u00e1rias para a presta\u00e7\u00e3o dos servi\u00e7os em linha solicitados. Os s\u00edtios que requerem este tipo de informa\u00e7\u00f5es tratam-nas em conformidade com a pol\u00edtica prevista no regulamento acima indicado e fornecem informa\u00e7\u00f5es sobre a utiliza\u00e7\u00e3o dos dados pessoais dos utilizadores nas respetivas declara\u00e7\u00f5es de privacidade.<\/p>\n<p>Os s\u00edtios institucionais da Todolivo com o dom\u00ednio \u00abTodolivo.com\u00bb cont\u00eam liga\u00e7\u00f5es para s\u00edtios de terceiros. Uma vez que n\u00e3o controlamos esses s\u00edtios, aconselhamo-lo a informar\u2011se sobre as respetivas pol\u00edticas em mat\u00e9ria de prote\u00e7\u00e3o da vida privada.<\/p>\n<h3>O que s\u00e3o servi\u00e7os em linha?<\/h3>\n<p>Os servi\u00e7os em linha do portal Todolivo.com s\u00e3o servi\u00e7os ou recursos disponibilizados na Internet a fim de melhorar a comunica\u00e7\u00e3o entre os cidad\u00e3os e as empresas, por um lado, e Todolivo, por outro.<\/p>\n<p>O portal Todolivo.com oferece ou ir\u00e1 oferecer dois tipos de servi\u00e7os em linha:<\/p>\n<ol>\n<li>Servi\u00e7os de informa\u00e7\u00e3o, aumentando assim o conhecimento das pol\u00edticas e atividades da Todolivo.<\/li>\n<li>Servi\u00e7os de comunica\u00e7\u00e3o interativa, que permitem melhorar os contactos com os cidad\u00e3os, as empresas, facilitando, assim a consulta.<\/li>\n<\/ol>\n<h2>Como tratamos as suas mensagens eletr\u00f3nicas?<\/h2>\n<p>Muitas das p\u00e1ginas do portal Todolivo.com t\u00eam um bot\u00e3o \u00abContacto\u00bb que ativa o seu programa de correio eletr\u00f3nico, convidando-o a enviar coment\u00e1rios para uma caixa de correio espec\u00edfica.<\/p>\n<p>Quando se envia uma mensagem desta forma, s\u00f3 s\u00e3o recolhidos os dados pessoais necess\u00e1rios para lhe dar resposta. Se a equipa de gest\u00e3o da caixa de correio em quest\u00e3o n\u00e3o puder responder \u00e0 mensagem, esta ser\u00e1 reencaminhada para outro servi\u00e7o. Ser\u00e1 devidamente informado por correio eletr\u00f3nico do facto, assim de qual \u00e9 esse servi\u00e7o.<\/p>\n<p>Se tiver d\u00favidas quanto ao tratamento das suas mensagens eletr\u00f3nicas e dos dados pessoais associados \u00e0s mesmas, refira-as na sua mensagem.<\/p>\n","protected":false},"excerpt":{"rendered":"<p>AVISO LEGAL: Recolha de dados ao aceder e utilizar a p\u00e1gina web (LSSICE + LOPD) &#8220;Em conformidade com a Lei Org\u00e2nica n.\u00ba 15\/1999, de 13 de dezembro, relativa \u00e0 Protec\u00e7\u00e3o de Dados Pessoais, informamos que, ao preencher este formul\u00e1rio, os seus dados pessoais ser\u00e3o armazenados e processados num ficheiro da propriedade da Todolivo S.L., tendo [&hellip;]<\/p>\n","protected":false},"author":1,"featured_media":0,"parent":0,"menu_order":0,"comment_status":"closed","ping_status":"closed","template":"","meta":{"footnotes":""},"class_list":["post-9275","page","type-page","status-publish"],"_links":{"self":[{"href":"https:\/\/novalmendro.com\/pt-pt\/wp-json\/wp\/v2\/pages\/9275","targetHints":{"allow":["GET"]}}],"collection":[{"href":"https:\/\/novalmendro.com\/pt-pt\/wp-json\/wp\/v2\/pages"}],"about":[{"href":"https:\/\/novalmendro.com\/pt-pt\/wp-json\/wp\/v2\/types\/page"}],"author":[{"embeddable":true,"href":"https:\/\/novalmendro.com\/pt-pt\/wp-json\/wp\/v2\/users\/1"}],"replies":[{"embeddable":true,"href":"https:\/\/novalmendro.com\/pt-pt\/wp-json\/wp\/v2\/comments?post=9275"}],"version-history":[{"count":4,"href":"https:\/\/novalmendro.com\/pt-pt\/wp-json\/wp\/v2\/pages\/9275\/revisions"}],"predecessor-version":[{"id":13544,"href":"https:\/\/novalmendro.com\/pt-pt\/wp-json\/wp\/v2\/pages\/9275\/revisions\/13544"}],"wp:attachment":[{"href":"https:\/\/novalmendro.com\/pt-pt\/wp-json\/wp\/v2\/media?parent=9275"}],"curies":[{"name":"wp","href":"https:\/\/api.w.org\/{rel}","templated":true}]}}